{"id":5661,"date":"2025-05-21T22:51:52","date_gmt":"2025-05-21T14:51:52","guid":{"rendered":"https:\/\/tucbo.com\/?page_id=5661"},"modified":"2025-07-21T15:34:21","modified_gmt":"2025-07-21T07:34:21","slug":"politique-en-matiere-de-cookies","status":"publish","type":"page","link":"https:\/\/tucbo.com\/fr\/politique-en-matiere-de-cookies\/","title":{"rendered":"Politique en mati\u00e8re de cookies"},"content":{"rendered":"<div data-elementor-type=\"wp-page\" data-elementor-id=\"5661\" class=\"elementor elementor-5661\" data-elementor-settings=\"{&quot;ha_cmc_init_switcher&quot;:&quot;no&quot;}\" data-elementor-post-type=\"page\">\n\t\t\t\t<div data-particle_enable=\"false\" data-particle-mobile-disabled=\"false\" class=\"elementor-element elementor-element-8fa4201 e-flex e-con-boxed wpr-particle-no wpr-jarallax-no wpr-parallax-no wpr-sticky-section-no e-con e-parent\" data-id=\"8fa4201\" data-element_type=\"container\" data-settings=\"{&quot;_ha_eqh_enable&quot;:false}\">\n\t\t\t\t\t<div class=\"e-con-inner\">\n\t\t\t\t<div class=\"elementor-element elementor-element-9577810 elementor-widget elementor-widget-woocommerce-breadcrumb\" data-id=\"9577810\" data-element_type=\"widget\" data-widget_type=\"woocommerce-breadcrumb.default\">\n\t\t\t\t\t<nav class=\"woocommerce-breadcrumb\" aria-label=\"Breadcrumb\" data-no-translation=\"\" data-trp-gettext=\"\">Accueil<\/nav>\t\t\t\t<\/div>\n\t\t\t\t\t<\/div>\n\t\t\t\t<\/div>\n\t\t<div data-particle_enable=\"false\" data-particle-mobile-disabled=\"false\" class=\"elementor-element elementor-element-6aeb3fe e-flex e-con-boxed wpr-particle-no wpr-jarallax-no wpr-parallax-no wpr-sticky-section-no e-con e-parent\" data-id=\"6aeb3fe\" data-element_type=\"container\" data-settings=\"{&quot;background_background&quot;:&quot;classic&quot;,&quot;_ha_eqh_enable&quot;:false}\">\n\t\t\t\t\t<div class=\"e-con-inner\">\n\t\t<div data-particle_enable=\"false\" data-particle-mobile-disabled=\"false\" class=\"elementor-element elementor-element-e9ee738 e-con-full elementor-hidden-mobile e-flex wpr-particle-no wpr-jarallax-no wpr-parallax-no wpr-sticky-section-no e-con e-child\" data-id=\"e9ee738\" data-element_type=\"container\" data-settings=\"{&quot;_ha_eqh_enable&quot;:false}\">\n\t\t\t\t<div class=\"elementor-element elementor-element-a961be5 elementor-widget-tablet__width-initial wpr-page-list-vertical wpr-pl-badge-center wpr-pl-icon-center elementor-widget elementor-widget-wpr-page-list\" data-id=\"a961be5\" data-element_type=\"widget\" data-widget_type=\"wpr-page-list.default\">\n\t\t\t\t\t<div class=\"wpr-page-list-wrap\"><ul class=\"wpr-page-list\"><li class=\"wpr-page-list-item elementor-repeater-item-78636b8 wpr-pointer-none wpr-pointer-line-fx wpr-pointer-fx-\"><div><a  href=\"https:\/\/tucbo.com\/fr\/login-register\/\" target=\"_blank\" rel=\"nofollow\" class=\"wpr-no-pointer wpr-pl-title\">Connexion\/Inscription<\/a><\/div><\/li><li class=\"wpr-page-list-item elementor-repeater-item-1e3929e wpr-pointer-none wpr-pointer-line-fx wpr-pointer-fx-\"><div><a  href=\"https:\/\/tucbo.com\/fr\/aide\/\" target=\"_blank\" rel=\"nofollow\" class=\"wpr-no-pointer wpr-pl-title\">A propos de nous<\/a><\/div><\/li><li class=\"wpr-page-list-item elementor-repeater-item-398910b wpr-pointer-none wpr-pointer-line-fx wpr-pointer-fx-\"><div><a  href=\"https:\/\/tucbo.com\/fr\/service-discret\/\" target=\"_blank\" rel=\"nofollow\" class=\"wpr-no-pointer wpr-pl-title\">Service discret<\/a><\/div><\/li><li class=\"wpr-page-list-item elementor-repeater-item-2c91efa wpr-pointer-none wpr-pointer-line-fx wpr-pointer-fx-\"><div><a  href=\"https:\/\/tucbo.com\/fr\/livraison-information\/\" target=\"_blank\" rel=\"nofollow\" class=\"wpr-no-pointer wpr-pl-title\">Options de livraison<\/a><\/div><\/li><li class=\"wpr-page-list-item elementor-repeater-item-ede3842 wpr-pointer-none wpr-pointer-line-fx wpr-pointer-fx-\"><div><a  href=\"https:\/\/tucbo.com\/fr\/remboursement-returns\/\" target=\"_blank\" rel=\"nofollow\" class=\"wpr-no-pointer wpr-pl-title\">Politique de retour<\/a><\/div><\/li><li class=\"wpr-page-list-item elementor-repeater-item-66863f4 wpr-pointer-none wpr-pointer-line-fx wpr-pointer-fx-\"><div><a  href=\"https:\/\/tucbo.com\/fr\/contact\/\" target=\"_blank\" rel=\"nofollow\" class=\"wpr-no-pointer wpr-pl-title\">Contacter Tucbo<\/a><\/div><\/li><li class=\"wpr-page-list-item elementor-repeater-item-1d5b492 wpr-pointer-none wpr-pointer-line-fx wpr-pointer-fx-\"><div><a  href=\"https:\/\/tucbo.com\/fr\/politique-de-confidentialite\/\" target=\"_blank\" rel=\"nofollow\" class=\"wpr-no-pointer wpr-pl-title\">Politique en mati\u00e8re de cookies<\/a><\/div><\/li><li class=\"wpr-page-list-item elementor-repeater-item-b4d8c39 wpr-pointer-none wpr-pointer-line-fx wpr-pointer-fx-\"><div><a   class=\"wpr-no-pointer wpr-pl-title\">Comment acheter chez Tucbo<\/a><\/div><\/li><li class=\"wpr-page-list-item elementor-repeater-item-96956e7 wpr-pointer-none wpr-pointer-line-fx wpr-pointer-fx-\"><div><a   class=\"wpr-no-pointer wpr-pl-title\">Conditions g\u00e9n\u00e9rales d'utilisation<\/a><\/div><\/li><li class=\"wpr-page-list-item elementor-repeater-item-c5dd11c wpr-pointer-none wpr-pointer-line-fx wpr-pointer-fx-\"><div><a   class=\"wpr-no-pointer wpr-pl-title\">Guides<\/a><\/div><\/li><li class=\"wpr-page-list-item elementor-repeater-item-62fc213 wpr-pointer-none wpr-pointer-line-fx wpr-pointer-fx-\"><div><a   class=\"wpr-no-pointer wpr-pl-title\">Codes des bons<\/a><\/div><\/li><li class=\"wpr-page-list-item elementor-repeater-item-dbab9c7 wpr-pointer-none wpr-pointer-line-fx wpr-pointer-fx-\"><div><a   class=\"wpr-no-pointer wpr-pl-title\">Ch\u00e8ques-cadeaux<\/a><\/div><\/li><li class=\"wpr-page-list-item elementor-repeater-item-c845b2e wpr-pointer-none wpr-pointer-line-fx wpr-pointer-fx-\"><div><a  href=\"https:\/\/tucbo.com\/fr\/paiements-en-ligne-securises\/\" target=\"_blank\" rel=\"nofollow\" class=\"wpr-no-pointer wpr-pl-title\">Paiements en ligne s\u00e9curis\u00e9s<\/a><\/div><\/li><li class=\"wpr-page-list-item elementor-repeater-item-4dedf8b wpr-pointer-none wpr-pointer-line-fx wpr-pointer-fx-\"><div><a  href=\"https:\/\/tucbo.com\/fr\/politique-en-matiere-de-cookies\/\" target=\"_blank\" rel=\"nofollow\" class=\"wpr-no-pointer wpr-pl-title\">Politique en mati\u00e8re de cookies<\/a><\/div><\/li><li class=\"wpr-page-list-item elementor-repeater-item-06079d0 wpr-pointer-none wpr-pointer-line-fx wpr-pointer-fx-\"><div><a   class=\"wpr-no-pointer wpr-pl-title\">Blog&amp;Actualit\u00e9s<\/a><\/div><\/li><li class=\"wpr-page-list-item elementor-repeater-item-7f75aa6 wpr-pointer-none wpr-pointer-line-fx wpr-pointer-fx-\"><div><a  href=\"https:\/\/tucbo.com\/fr\/chariot\/\" target=\"_blank\" rel=\"nofollow\" class=\"wpr-no-pointer wpr-pl-title\">Panier<\/a><\/div><\/li><\/ul><\/div>\t\t\t\t<\/div>\n\t\t\t\t<\/div>\n\t\t<div data-particle_enable=\"false\" data-particle-mobile-disabled=\"false\" class=\"elementor-element elementor-element-41cc365 e-con-full e-flex wpr-particle-no wpr-jarallax-no wpr-parallax-no wpr-sticky-section-no e-con e-child\" data-id=\"41cc365\" data-element_type=\"container\" data-settings=\"{&quot;_ha_eqh_enable&quot;:false}\">\n\t\t<div data-particle_enable=\"false\" data-particle-mobile-disabled=\"false\" class=\"elementor-element elementor-element-7bf8136 e-con-full e-flex wpr-particle-no wpr-jarallax-no wpr-parallax-no wpr-sticky-section-no e-con e-child\" data-id=\"7bf8136\" data-element_type=\"container\" data-settings=\"{&quot;_ha_eqh_enable&quot;:false}\">\n\t\t\t\t<div class=\"elementor-element elementor-element-92c4d79 elementor-widget elementor-widget-text-editor\" data-id=\"92c4d79\" data-element_type=\"widget\" data-widget_type=\"text-editor.default\">\n\t\t\t\t\t\t\t\t\t<h1 data-start=\"186\" data-end=\"203\"><strong data-start=\"186\" data-end=\"203\">POLITIQUE EN MATI\u00c8RE DE COOKIES<\/strong><\/h1><p data-start=\"205\" data-end=\"503\"><strong data-start=\"205\" data-end=\"224\">1. L'INTRODUCTION<\/strong><br data-start=\"224\" data-end=\"227\" \/>La pr\u00e9sente politique en mati\u00e8re de cookies explique comment Tucbo.com (\u00ab nous \u00bb, \u201cnotre\u201d ou \u00ab nos \u00bb) utilise des cookies et des technologies similaires pour vous reconna\u00eetre lorsque vous visitez notre site web \u00e0 l'adresse suivante <a class=\"\" href=\"https:\/\/tucbo.com\/fr\/\" target=\"_new\" rel=\"noopener\" data-start=\"377\" data-end=\"394\">https:\/\/tucbo.com<\/a> (\u00ab site web \u00bb). Il explique ce que sont ces technologies, pourquoi nous les utilisons et quels sont vos droits pour contr\u00f4ler leur utilisation.<\/p><p data-start=\"505\" data-end=\"672\">En continuant \u00e0 naviguer sur notre site web, vous consentez \u00e0 ce que nous utilisions des cookies conform\u00e9ment \u00e0 la pr\u00e9sente politique, \u00e0 moins que vous n'ayez r\u00e9gl\u00e9 les param\u00e8tres de votre navigateur de mani\u00e8re \u00e0 refuser les cookies.<\/p><p data-start=\"674\" data-end=\"1030\"><strong data-start=\"674\" data-end=\"698\">2. QU'EST-CE QU'UN COOKIE ?<\/strong><br data-start=\"698\" data-end=\"701\" \/>Les cookies sont de petits fichiers texte qui sont stock\u00e9s sur votre appareil lorsque vous visitez un site web. Ils aident les sites web \u00e0 se souvenir de vos actions et de vos pr\u00e9f\u00e9rences (telles que la connexion, la langue et les pr\u00e9f\u00e9rences d'affichage) pendant un certain temps afin que vous n'ayez pas \u00e0 les saisir \u00e0 nouveau chaque fois que vous revenez sur le site ou que vous naviguez d'une page \u00e0 l'autre.<\/p><p data-start=\"1032\" data-end=\"1172\">Les cookies peuvent \u00eatre de \u00ab premi\u00e8re partie \u00bb (d\u00e9finis par nous) ou de \u00ab tierce partie \u00bb (d\u00e9finis par d'autres soci\u00e9t\u00e9s avec lesquelles nous travaillons, telles que des fournisseurs de services d'analyse ou de publicit\u00e9).<\/p><p data-start=\"1174\" data-end=\"1247\"><strong data-start=\"1174\" data-end=\"1199\">3. POURQUOI NOUS UTILISONS DES COOKIES<\/strong><br data-start=\"1199\" data-end=\"1202\" \/>Nous utilisons des cookies pour plusieurs raisons importantes :<\/p><ul data-start=\"1249\" data-end=\"1556\"><li data-start=\"1249\" data-end=\"1311\"><p data-start=\"1251\" data-end=\"1311\">Assurer le fonctionnement correct et efficace du site web.<\/p><\/li><li data-start=\"1312\" data-end=\"1406\"><p data-start=\"1314\" data-end=\"1406\">Comprendre comment les utilisateurs interagissent avec notre site web, ce qui nous permet d'en am\u00e9liorer les performances.<\/p><\/li><li data-start=\"1407\" data-end=\"1492\"><p data-start=\"1409\" data-end=\"1492\">Pour vous offrir une exp\u00e9rience personnalis\u00e9e en fonction de vos pr\u00e9f\u00e9rences et de vos activit\u00e9s pass\u00e9es.<\/p><\/li><li data-start=\"1493\" data-end=\"1556\"><p data-start=\"1495\" data-end=\"1556\">Pour fournir des publicit\u00e9s et des communications marketing pertinentes.<\/p><\/li><\/ul><p data-start=\"1558\" data-end=\"1588\"><strong data-start=\"1558\" data-end=\"1588\">4. TYPES DE COOKIES QUE NOUS UTILISONS<\/strong><\/p><p data-start=\"1590\" data-end=\"1840\"><strong data-start=\"1590\" data-end=\"1624\">4.1 COOKIES STRICTEMENT N\u00c9CESSAIRES<\/strong><br data-start=\"1624\" data-end=\"1627\" \/>Ces cookies sont essentiels pour vous permettre de naviguer sur le site web et d'utiliser ses fonctionnalit\u00e9s, telles que l'acc\u00e8s aux zones s\u00e9curis\u00e9es. Sans ces cookies, des services tels que la connexion ou le panier d'achat ne peuvent \u00eatre fournis.<\/p><p data-start=\"1842\" data-end=\"1902\">Exemples : Cookies d'authentification, cookies de gestion de session<\/p><p data-start=\"1904\" data-end=\"2130\"><strong data-start=\"1904\" data-end=\"1945\">4.2 COOKIES DE PERFORMANCE ET D'ANALYSE<\/strong><br data-start=\"1945\" data-end=\"1948\" \/>Ces cookies recueillent des informations anonymes sur la fa\u00e7on dont les visiteurs utilisent notre site web. Ils nous aident \u00e0 comprendre quelles sont les pages les plus et les moins populaires et comment les utilisateurs se d\u00e9placent sur le site.<\/p><p data-start=\"2132\" data-end=\"2166\">Exemples : Google Analytics, Hotjar<\/p><p data-start=\"2168\" data-end=\"2352\"><strong data-start=\"2168\" data-end=\"2197\">4.3 COOKIES DE FONCTIONNALIT\u00c9<\/strong><br data-start=\"2197\" data-end=\"2200\" \/>Ces cookies permettent au site web de se souvenir des choix que vous faites (tels que votre nom d'utilisateur, votre langue ou votre r\u00e9gion) et de fournir des fonctions am\u00e9lior\u00e9es et plus personnelles.<\/p><p data-start=\"2354\" data-end=\"2417\">Exemples : Stockage des pr\u00e9f\u00e9rences linguistiques, Param\u00e8tres de th\u00e8me ou de mise en page<\/p><p data-start=\"2419\" data-end=\"2676\"><strong data-start=\"2419\" data-end=\"2460\">4.4 COOKIES DE CIBLAGE ET DE PUBLICIT\u00c9<\/strong><br data-start=\"2460\" data-end=\"2463\" \/>Ces cookies sont utilis\u00e9s pour diffuser des publicit\u00e9s plus pertinentes pour vous et vos int\u00e9r\u00eats. Ils limitent \u00e9galement le nombre de fois que vous voyez une publicit\u00e9 et aident \u00e0 mesurer l'efficacit\u00e9 d'une campagne publicitaire.<\/p><p data-start=\"2678\" data-end=\"2734\">Examples: Facebook Pixel, Google Ads Conversion Tracking<\/p><p data-start=\"2736\" data-end=\"3024\"><strong data-start=\"2736\" data-end=\"2762\">5. COOKIES DE TIERS<\/strong><br data-start=\"2762\" data-end=\"2765\" \/>Nous pouvons autoriser des services tiers \u00e0 placer des cookies sur votre appareil afin de collecter des donn\u00e9es sur vos habitudes de navigation et votre utilisation de notre site web. Il peut s'agir de r\u00e9seaux publicitaires, de fournisseurs d'analyses et de plateformes de m\u00e9dias sociaux. Nous n'avons aucun contr\u00f4le sur ces cookies.<\/p><p data-start=\"3026\" data-end=\"3183\"><strong data-start=\"3026\" data-end=\"3065\">6. COMMENT CONTR\u00d4LER OU SUPPRIMER LES COOKIES<\/strong><br data-start=\"3065\" data-end=\"3068\" \/>Vous avez le droit d'accepter ou de refuser les cookies. Vous pouvez exercer vos pr\u00e9f\u00e9rences en mati\u00e8re de cookies par l'interm\u00e9diaire de :<\/p><p data-start=\"3185\" data-end=\"3408\"><strong data-start=\"3185\" data-end=\"3209\">6.1 PARAM\u00c8TRES DU NAVIGATEUR<\/strong><br data-start=\"3209\" data-end=\"3212\" \/>La plupart des navigateurs acceptent automatiquement les cookies, mais vous pouvez modifier les param\u00e8tres de votre navigateur pour refuser les cookies si vous le souhaitez. Toutefois, le blocage de certains cookies peut affecter la fonctionnalit\u00e9 du site web.<\/p><p data-start=\"3410\" data-end=\"3541\">Pour plus d'informations sur la gestion des cookies dans votre navigateur, cliquez ici : Google Chrome, Mozilla Firefox, Safari, Microsoft Edge<\/p><p data-start=\"3543\" data-end=\"3800\"><strong data-start=\"3543\" data-end=\"3570\">6.2 OUTIL DE CONSENTEMENT AUX COOKIES<\/strong><br data-start=\"3570\" data-end=\"3573\" \/>Lors de votre premi\u00e8re visite, une banni\u00e8re peut appara\u00eetre vous permettant de choisir les cat\u00e9gories de cookies que vous nous autorisez \u00e0 utiliser. Vous pouvez mettre \u00e0 jour vos pr\u00e9f\u00e9rences \u00e0 tout moment en cliquant sur le lien \u00ab Param\u00e8tres des cookies \u00bb dans le pied de page de notre site web.<\/p><p data-start=\"3802\" data-end=\"3987\"><strong data-start=\"3802\" data-end=\"3829\">7. NE PAS SUIVRE LES SIGNAUX<\/strong><br data-start=\"3829\" data-end=\"3832\" \/>Certains navigateurs proposent une fonction \u00ab Do Not Track \u00bb. Actuellement, nous ne r\u00e9pondons pas \u00e0 ces signaux car il n'existe pas d'approche normalis\u00e9e pour les traiter.<\/p><p data-start=\"3989\" data-end=\"4172\"><strong data-start=\"3989\" data-end=\"4023\">8. PROTECTION DES DONN\u00c9ES ET DE LA VIE PRIV\u00c9E<\/strong><br data-start=\"4023\" data-end=\"4026\" \/>Pour plus d'informations sur la mani\u00e8re dont nous traitons vos donn\u00e9es \u00e0 caract\u00e8re personnel et sur vos droits en vertu des lois applicables en mati\u00e8re de protection des donn\u00e9es, veuillez consulter notre politique de confidentialit\u00e9.<\/p><p data-start=\"4174\" data-end=\"4452\"><strong data-start=\"4174\" data-end=\"4203\">9. MISES A JOUR DE LA PRESENTE POLITIQUE<\/strong><br data-start=\"4203\" data-end=\"4206\" \/>Nous pouvons mettre \u00e0 jour la pr\u00e9sente politique en mati\u00e8re de cookies de temps \u00e0 autre pour refl\u00e9ter les changements technologiques, l\u00e9gislatifs ou nos pratiques commerciales. Toute modification sera publi\u00e9e sur cette page avec une date d'entr\u00e9e en vigueur actualis\u00e9e. Nous vous encourageons \u00e0 consulter r\u00e9guli\u00e8rement cette politique.<\/p><p data-start=\"4454\" data-end=\"4560\"><strong data-start=\"4454\" data-end=\"4472\">CONTACT<\/strong><br data-start=\"4472\" data-end=\"4475\" \/>Si vous avez des questions ou des pr\u00e9occupations concernant notre utilisation des cookies, veuillez nous contacter \u00e0 l'adresse suivante :<\/p><p data-start=\"4562\" data-end=\"4586\">Email: <a class=\"cursor-pointer\" href=\"mailto:service@tucbo.com\" rel=\"noopener\" data-start=\"4569\" data-end=\"4586\">service@tucbo.com<\/a><\/p>\t\t\t\t\t\t\t\t<\/div>\n\t\t\t\t<\/div>\n\t\t\t\t<\/div>\n\t\t\t\t\t<\/div>\n\t\t\t\t<\/div>\n\t\t\t\t<\/div>","protected":false},"excerpt":{"rendered":"<p>Log In\/Register About Us Discreet Service Delivery Options Returns Policy Contact Tucbo Privacy Policy How To Buy From Tucbo Terms &#038; Conditions Guides Voucher Codes Gift Vouchers Secure Online Payments Cookie Policy Blog&#038;News Basket COOKIE POLICY 1. INTRODUCTIONThis Cookie Policy explains how Tucbo.com (\u201cwe\u201d, \u201cus\u201d, or \u201cour\u201d) uses cookies and similar technologies to recognize you when you visit our website at https:\/\/tucbo.com (\u201cWebsite\u201d). It explains what these technologies are, why we use them, and your rights to control their use. By continuing to browse our Website, you consent to our use of cookies in accordance with this policy unless you have adjusted your browser settings to refuse cookies. 2. WHAT ARE COOKIES?Cookies are small text files that are stored on your device when you visit a website. They help websites remember your actions and preferences (such as login, language, and display preferences) over a period of time so you don\u2019t have to keep re-entering them whenever you come back to the site or browse from one page to another. Cookies can be \u201cfirst-party\u201d (set by us) or \u201cthird-party\u201d (set by other companies we work with, such as analytics or advertising providers). 3. WHY WE USE COOKIESWe use cookies for several important reasons: To ensure the Website functions correctly and efficiently. To understand how users interact with our Website, allowing us to improve its performance. To provide a personalized experience based on your preferences and past activity. To deliver relevant advertising and marketing communications. 4. TYPES OF COOKIES WE USE 4.1 STRICTLY NECESSARY COOKIESThese cookies are essential to enable you to navigate the Website and use its features, such as accessing secure areas. Without these cookies, services like login or shopping cart functionality cannot be provided. Examples: Authentication cookies, Session management cookies 4.2 PERFORMANCE AND ANALYTICS COOKIESThese cookies collect anonymous information about how visitors use our Website. They help us understand which pages are the most and least popular and how users move around the site. Examples: Google Analytics, Hotjar 4.3 FUNCTIONALITY COOKIESThese cookies allow the Website to remember choices you make (such as your user name, language, or region) and provide enhanced, more personal features. Examples: Language preference storage, Theme or layout settings 4.4 TARGETING AND ADVERTISING COOKIESThese cookies are used to deliver advertisements more relevant to you and your interests. They also limit the number of times you see an advertisement and help measure the effectiveness of an advertising campaign. Examples: Facebook Pixel, Google Ads Conversion Tracking 5. THIRD-PARTY COOKIESWe may allow third-party services to place cookies on your device to collect data on your browsing habits and usage of our Website. These may include advertising networks, analytics providers, and social media platforms. We have no control over these cookies. 6. HOW TO CONTROL OR DELETE COOKIESYou have the right to decide whether to accept or reject cookies. You can exercise your cookie preferences through: 6.1 BROWSER SETTINGSMost browsers automatically accept cookies, but you can modify your browser setting to decline cookies if you prefer. However, blocking certain cookies may affect the functionality of the Website. You can find more information on how to manage cookies in your browser here: Google Chrome, Mozilla Firefox, Safari, Microsoft Edge 6.2 COOKIE CONSENT TOOLUpon your first visit, a banner may appear allowing you to choose which categories of cookies you allow us to use. You can update your preferences at any time by clicking the \u201cCookie Settings\u201d link in the footer of our website. 7. DO NOT TRACK SIGNALSSome browsers offer a \u201cDo Not Track\u201d feature. We currently do not respond to such signals because there is no industry-standard approach for handling them. 8. DATA PROTECTION AND PRIVACYFor more information about how we process your personal data and your rights under applicable data protection laws, please see our Privacy Policy. 9. UPDATES TO THIS POLICYWe may update this Cookie Policy from time to time to reflect changes in technology, legislation, or our business practices. Any changes will be posted on this page with an updated effective date. We encourage you to review this policy regularly. 10. CONTACT USIf you have any questions or concerns about our use of cookies, please contact us at: Email: service@tucbo.com<\/p>","protected":false},"author":3,"featured_media":0,"parent":0,"menu_order":0,"comment_status":"closed","ping_status":"closed","template":"","meta":{"_seopress_robots_primary_cat":"","_seopress_titles_title":"","_seopress_titles_desc":"","_seopress_robots_index":"","footnotes":""},"class_list":["post-5661","page","type-page","status-publish"],"acf":[],"_links":{"self":[{"href":"https:\/\/tucbo.com\/fr\/wp-json\/wp\/v2\/pages\/5661","targetHints":{"allow":["GET"]}}],"collection":[{"href":"https:\/\/tucbo.com\/fr\/wp-json\/wp\/v2\/pages"}],"about":[{"href":"https:\/\/tucbo.com\/fr\/wp-json\/wp\/v2\/types\/page"}],"author":[{"embeddable":true,"href":"https:\/\/tucbo.com\/fr\/wp-json\/wp\/v2\/users\/3"}],"replies":[{"embeddable":true,"href":"https:\/\/tucbo.com\/fr\/wp-json\/wp\/v2\/comments?post=5661"}],"version-history":[{"count":80,"href":"https:\/\/tucbo.com\/fr\/wp-json\/wp\/v2\/pages\/5661\/revisions"}],"predecessor-version":[{"id":6966,"href":"https:\/\/tucbo.com\/fr\/wp-json\/wp\/v2\/pages\/5661\/revisions\/6966"}],"wp:attachment":[{"href":"https:\/\/tucbo.com\/fr\/wp-json\/wp\/v2\/media?parent=5661"}],"curies":[{"name":"wp","href":"https:\/\/api.w.org\/{rel}","templated":true}]}}