{"id":7801,"date":"2025-09-14T17:57:00","date_gmt":"2025-09-14T09:57:00","guid":{"rendered":"https:\/\/tucbo.com\/?post_type=product&#038;p=7801"},"modified":"2025-09-14T17:57:01","modified_gmt":"2025-09-14T09:57:01","slug":"masajeador-magico-potente-vibrador-varita","status":"publish","type":"product","link":"https:\/\/tucbo.com\/es\/product\/masajeador-magico-potente-vibrador-varita\/","title":{"rendered":"Vibrador varita potente Magic Massager"},"content":{"rendered":"<table class=\"contacttbl\" cellspacing=\"0\">\n<tbody>\n<tr>\n<td>Material<\/td>\n<td>ABS<\/td>\n<\/tr>\n<tr>\n<td>ABS y silicona<\/td>\n<td>Este producto no contiene l\u00e1tex ni ftalatos<\/td>\n<\/tr>\n<tr>\n<td>Caracter\u00edsticas<\/td>\n<td>Vibrador y masajeador superpotente, 2 velocidades<\/td>\n<\/tr>\n<tr>\n<td>Tama\u00f1o<\/td>\n<td>31,75 cm de largo (cabeza de 6,35 cm de largo y ancho)<\/td>\n<\/tr>\n<tr>\n<td>Potencia<\/td>\n<td>Funcionamiento con red el\u00e9ctrica<\/td>\n<\/tr>\n<tr>\n<td>Anexos<\/td>\n<td>Compatible con todos los accesorios para varillas de Hitachi<\/td>\n<\/tr>\n<\/tbody>\n<\/table>","protected":false},"excerpt":{"rendered":"<p>\u2022 Elegante masajeador m\u00e1gico con cuello flexible y cabezal de masaje suave.<\/p>\n<p>\u2022 El modo de vibraci\u00f3n de dos velocidades proporciona una estimulaci\u00f3n clitoriana incre\u00edble.<\/p>\n<p>\u2022 Potente masajeador que funciona con corriente el\u00e9ctrica para masajes intensamente satisfactorios.<\/p>","protected":false},"featured_media":7804,"comment_status":"open","ping_status":"closed","template":"","meta":{"_seopress_robots_primary_cat":"none","_seopress_titles_title":"","_seopress_titles_desc":"","_seopress_robots_index":""},"product_brand":[],"product_cat":[15,192,133,115],"product_tag":[189,188,186,147],"class_list":{"0":"post-7801","1":"product","2":"type-product","3":"status-publish","4":"has-post-thumbnail","6":"product_cat-all-products","7":"product_cat-massage-wand-vibrators","8":"product_cat-sex-toys","9":"product_cat-vibrators","10":"product_tag-all","11":"product_tag-couples","12":"product_tag-female","13":"product_tag-massage-wand-vibrators","14":"pa_color-white","16":"first","17":"instock","18":"taxable","19":"shipping-taxable","20":"purchasable","21":"product-type-simple"},"acf":[],"_links":{"self":[{"href":"https:\/\/tucbo.com\/es\/wp-json\/wp\/v2\/product\/7801","targetHints":{"allow":["GET"]}}],"collection":[{"href":"https:\/\/tucbo.com\/es\/wp-json\/wp\/v2\/product"}],"about":[{"href":"https:\/\/tucbo.com\/es\/wp-json\/wp\/v2\/types\/product"}],"replies":[{"embeddable":true,"href":"https:\/\/tucbo.com\/es\/wp-json\/wp\/v2\/comments?post=7801"}],"wp:featuredmedia":[{"embeddable":true,"href":"https:\/\/tucbo.com\/es\/wp-json\/wp\/v2\/media\/7804"}],"wp:attachment":[{"href":"https:\/\/tucbo.com\/es\/wp-json\/wp\/v2\/media?parent=7801"}],"wp:term":[{"taxonomy":"product_brand","embeddable":true,"href":"https:\/\/tucbo.com\/es\/wp-json\/wp\/v2\/product_brand?post=7801"},{"taxonomy":"product_cat","embeddable":true,"href":"https:\/\/tucbo.com\/es\/wp-json\/wp\/v2\/product_cat?post=7801"},{"taxonomy":"product_tag","embeddable":true,"href":"https:\/\/tucbo.com\/es\/wp-json\/wp\/v2\/product_tag?post=7801"}],"curies":[{"name":"wp","href":"https:\/\/api.w.org\/{rel}","templated":true}]}}