{"id":7794,"date":"2025-09-14T17:44:35","date_gmt":"2025-09-14T09:44:35","guid":{"rendered":"https:\/\/tucbo.com\/?post_type=product&#038;p=7794"},"modified":"2025-09-14T17:47:41","modified_gmt":"2025-09-14T09:47:41","slug":"vibrador-mini-varita-negro-directo-al-grano","status":"publish","type":"product","link":"https:\/\/tucbo.com\/es\/product\/vibrador-mini-varita-negro-directo-al-grano\/","title":{"rendered":"Vibrador mini varita negro Straight To The Point"},"content":{"rendered":"<table class=\"contacttbl\" cellspacing=\"0\">\n<tbody>\n<tr>\n<td>Color<\/td>\n<td>Negro<\/td>\n<\/tr>\n<tr>\n<td>Material<\/td>\n<td>ABS recubierto de PU<\/td>\n<\/tr>\n<tr>\n<td>Caracter\u00edsticas<\/td>\n<td>1 potente velocidad de vibraci\u00f3n con precisi\u00f3n milim\u00e9trica<\/td>\n<\/tr>\n<tr>\n<td>Longitud total<\/td>\n<td>6,5 pulgadas<\/td>\n<\/tr>\n<tr>\n<td>\u00bfImpermeable?<\/td>\n<td>Solo resistente a salpicaduras<\/td>\n<\/tr>\n<tr>\n<td>Potencia<\/td>\n<td>1 pila AA (no incluida)<\/td>\n<\/tr>\n<\/tbody>\n<\/table>","protected":false},"excerpt":{"rendered":"<p>\u2022 La X marca el lugar con esta mini varita de masaje para una estimulaci\u00f3n precisa del cl\u00edtoris y los pezones.<\/p>\n<p>\u2022 El control giratorio de la base es f\u00e1cil de manejar y proporciona potentes vibraciones.<\/p>\n<p>\u2022 El dise\u00f1o resistente a las salpicaduras te permite jugar en la ducha.<\/p>\n<p>\u2022 Su dise\u00f1o compacto y f\u00e1cil de transportar es ideal para llevarlo en el bolso.<\/p>","protected":false},"featured_media":7797,"comment_status":"open","ping_status":"closed","template":"","meta":{"_seopress_robots_primary_cat":"none","_seopress_titles_title":"","_seopress_titles_desc":"","_seopress_robots_index":""},"product_brand":[],"product_cat":[15,192,133,115],"product_tag":[189,163,186,147],"class_list":{"0":"post-7794","1":"product","2":"type-product","3":"status-publish","4":"has-post-thumbnail","6":"product_cat-all-products","7":"product_cat-massage-wand-vibrators","8":"product_cat-sex-toys","9":"product_cat-vibrators","10":"product_tag-all","11":"product_tag-batteries","12":"product_tag-female","13":"product_tag-massage-wand-vibrators","14":"pa_color-black","16":"first","17":"instock","18":"sale","19":"taxable","20":"shipping-taxable","21":"purchasable","22":"product-type-simple"},"acf":[],"_links":{"self":[{"href":"https:\/\/tucbo.com\/es\/wp-json\/wp\/v2\/product\/7794","targetHints":{"allow":["GET"]}}],"collection":[{"href":"https:\/\/tucbo.com\/es\/wp-json\/wp\/v2\/product"}],"about":[{"href":"https:\/\/tucbo.com\/es\/wp-json\/wp\/v2\/types\/product"}],"replies":[{"embeddable":true,"href":"https:\/\/tucbo.com\/es\/wp-json\/wp\/v2\/comments?post=7794"}],"wp:featuredmedia":[{"embeddable":true,"href":"https:\/\/tucbo.com\/es\/wp-json\/wp\/v2\/media\/7797"}],"wp:attachment":[{"href":"https:\/\/tucbo.com\/es\/wp-json\/wp\/v2\/media?parent=7794"}],"wp:term":[{"taxonomy":"product_brand","embeddable":true,"href":"https:\/\/tucbo.com\/es\/wp-json\/wp\/v2\/product_brand?post=7794"},{"taxonomy":"product_cat","embeddable":true,"href":"https:\/\/tucbo.com\/es\/wp-json\/wp\/v2\/product_cat?post=7794"},{"taxonomy":"product_tag","embeddable":true,"href":"https:\/\/tucbo.com\/es\/wp-json\/wp\/v2\/product_tag?post=7794"}],"curies":[{"name":"wp","href":"https:\/\/api.w.org\/{rel}","templated":true}]}}