{"id":7746,"date":"2025-09-07T14:49:15","date_gmt":"2025-09-07T06:49:15","guid":{"rendered":"https:\/\/tucbo.com\/?post_type=product&#038;p=7746"},"modified":"2025-09-07T14:53:22","modified_gmt":"2025-09-07T06:53:22","slug":"vibrador-conejito-para-el-punto-g-de-silicona-rosa-con-bola-de-espinas","status":"publish","type":"product","link":"https:\/\/tucbo.com\/es\/product\/vibrador-conejito-para-el-punto-g-de-silicona-rosa-con-bola-de-espinas\/","title":{"rendered":"Vibrador Rabbit con punto G de silicona rosa Thorn Ball"},"content":{"rendered":"<table class=\"contacttbl\" cellspacing=\"0\">\n<tbody>\n<tr>\n<td>Color<\/td>\n<td>Rosa<\/td>\n<\/tr>\n<tr>\n<td>Material<\/td>\n<td>Silicona y ABS<\/td>\n<\/tr>\n<tr>\n<td>Caracter\u00edsticas<\/td>\n<td>10 velocidades de vibraci\u00f3n, estimulador del punto G sin nudos, estimulador del cl\u00edtoris y c\u00f3modo mango.<\/td>\n<\/tr>\n<tr>\n<td>Longitud insertable<\/td>\n<td>5 pulgadas<\/td>\n<\/tr>\n<tr>\n<td>Longitud<\/td>\n<td>7 Pulgadas<\/td>\n<\/tr>\n<tr>\n<td>Di\u00e1metro<\/td>\n<td>1,43 pulgadas<\/td>\n<\/tr>\n<tr>\n<td>\u00bfImpermeable?<\/td>\n<td>A prueba de salpicaduras<\/td>\n<\/tr>\n<tr>\n<td>Potencia<\/td>\n<td>3 pilas LR44 (incluidas)<\/td>\n<\/tr>\n<\/tbody>\n<\/table>","protected":false},"excerpt":{"rendered":"<p>\u2022 El cuerpo estriado se curva suavemente para proporcionar un masaje del punto G.<\/p>\n<p>\u2022 El estimulador externo vibra contra el cl\u00edtoris para duplicar el placer.<\/p>\n<p>\u2022  Disfruta de una amplia variedad de opciones con 10 ajustes de vibraci\u00f3n.<\/p>\n<p>\u2022 La silicona suave y aterciopelada proporciona una sensaci\u00f3n maravillosa en contacto con la piel.<\/p>\n<div><\/div>","protected":false},"featured_media":7749,"comment_status":"open","ping_status":"closed","template":"","meta":{"_seopress_robots_primary_cat":"none","_seopress_titles_title":"","_seopress_titles_desc":"","_seopress_robots_index":""},"product_brand":[],"product_cat":[15,191,133,115],"product_tag":[189,188,186,187,148,161],"class_list":{"0":"post-7746","1":"product","2":"type-product","3":"status-publish","4":"has-post-thumbnail","6":"product_cat-all-products","7":"product_cat-rabbit-vibrators","8":"product_cat-sex-toys","9":"product_cat-vibrators","10":"product_tag-all","11":"product_tag-couples","12":"product_tag-female","13":"product_tag-male","14":"product_tag-rabbit-vibrators","15":"product_tag-rechargeable","16":"pa_color-pink","18":"first","19":"instock","20":"sale","21":"taxable","22":"shipping-taxable","23":"purchasable","24":"product-type-simple"},"acf":[],"_links":{"self":[{"href":"https:\/\/tucbo.com\/es\/wp-json\/wp\/v2\/product\/7746","targetHints":{"allow":["GET"]}}],"collection":[{"href":"https:\/\/tucbo.com\/es\/wp-json\/wp\/v2\/product"}],"about":[{"href":"https:\/\/tucbo.com\/es\/wp-json\/wp\/v2\/types\/product"}],"replies":[{"embeddable":true,"href":"https:\/\/tucbo.com\/es\/wp-json\/wp\/v2\/comments?post=7746"}],"wp:featuredmedia":[{"embeddable":true,"href":"https:\/\/tucbo.com\/es\/wp-json\/wp\/v2\/media\/7749"}],"wp:attachment":[{"href":"https:\/\/tucbo.com\/es\/wp-json\/wp\/v2\/media?parent=7746"}],"wp:term":[{"taxonomy":"product_brand","embeddable":true,"href":"https:\/\/tucbo.com\/es\/wp-json\/wp\/v2\/product_brand?post=7746"},{"taxonomy":"product_cat","embeddable":true,"href":"https:\/\/tucbo.com\/es\/wp-json\/wp\/v2\/product_cat?post=7746"},{"taxonomy":"product_tag","embeddable":true,"href":"https:\/\/tucbo.com\/es\/wp-json\/wp\/v2\/product_tag?post=7746"}],"curies":[{"name":"wp","href":"https:\/\/api.w.org\/{rel}","templated":true}]}}