{"id":7737,"date":"2025-09-07T14:40:11","date_gmt":"2025-09-07T06:40:11","guid":{"rendered":"https:\/\/tucbo.com\/?post_type=product&#038;p=7737"},"modified":"2025-09-07T14:40:41","modified_gmt":"2025-09-07T06:40:41","slug":"tucbo-thrillogy-7-funcion-silicona-vibrador-conejo-tapping","status":"publish","type":"product","link":"https:\/\/tucbo.com\/es\/product\/tucbo-thrillogy-7-funcion-silicona-vibrador-conejo-tapping\/","title":{"rendered":"Tucbo Thrillogy  Vibrador Rabbit de silicona con 7 funciones"},"content":{"rendered":"<table class=\"contacttbl\" cellspacing=\"0\">\n<tbody>\n<tr>\n<td>Color<\/td>\n<td>Morado y rojo<\/td>\n<\/tr>\n<tr>\n<td>Material<\/td>\n<td>Silicona<\/td>\n<\/tr>\n<tr>\n<td>Caracter\u00edsticas<\/td>\n<td>3 botones funcionales, cada uno de los cuales controla la lengua vibradora, el brazo del conejo y el eje del vibrador. M\u00faltiples ajustes de vibraci\u00f3n para cada uno de los motores. Forma ergon\u00f3mica para un agarre c\u00f3modo y f\u00e1cil uso.<\/td>\n<\/tr>\n<tr>\n<td>Longitud total<\/td>\n<td>8,5 pulgadas<\/td>\n<\/tr>\n<tr>\n<td>Longitud insertable<\/td>\n<td>5,5 pulgadas<\/td>\n<\/tr>\n<tr>\n<td>Di\u00e1metro<\/td>\n<td>1,4 pulgadas<\/td>\n<\/tr>\n<tr>\n<td>\u00bfImpermeable?<\/td>\n<td>A prueba de salpicaduras<\/td>\n<\/tr>\n<tr>\n<td>Potencia<\/td>\n<td>USB magn\u00e9tico recargable<\/td>\n<\/tr>\n<\/tbody>\n<\/table>","protected":false},"excerpt":{"rendered":"<p>\u2022 Encuentra tu cl\u00edmax perfecto con los tres tipos de sensaciones que ofrece este conejo.<\/p>\n<p>\u2022 Funci\u00f3n \u00fanica de vibraci\u00f3n con 7 modos dise\u00f1ados para la estimulaci\u00f3n del punto G.<\/p>\n<p>\u2022 7 ajustes de vibraci\u00f3n en la punta y el brazo proporcionan un zumbido interno y externo.<\/p>\n<p>\u2022 La silicona extremadamente suave es segura para el cuerpo y f\u00e1cil de limpiar.<\/p>\n<p>\u2022 La carga magn\u00e9tica por USB garantiza que siempre haya energ\u00eda cuando lo necesites.<\/p>","protected":false},"featured_media":7743,"comment_status":"open","ping_status":"closed","template":"","meta":{"_seopress_robots_primary_cat":"none","_seopress_titles_title":"","_seopress_titles_desc":"","_seopress_robots_index":""},"product_brand":[],"product_cat":[15,191,133,115],"product_tag":[189,188,186,148,161],"class_list":{"0":"post-7737","1":"product","2":"type-product","3":"status-publish","4":"has-post-thumbnail","6":"product_cat-all-products","7":"product_cat-rabbit-vibrators","8":"product_cat-sex-toys","9":"product_cat-vibrators","10":"product_tag-all","11":"product_tag-couples","12":"product_tag-female","13":"product_tag-rabbit-vibrators","14":"product_tag-rechargeable","15":"pa_color-purple","16":"pa_color-red","18":"first","19":"instock","20":"taxable","21":"shipping-taxable","22":"purchasable","23":"product-type-variable","24":"wvs-archive-product-wrapper"},"acf":[],"_links":{"self":[{"href":"https:\/\/tucbo.com\/es\/wp-json\/wp\/v2\/product\/7737","targetHints":{"allow":["GET"]}}],"collection":[{"href":"https:\/\/tucbo.com\/es\/wp-json\/wp\/v2\/product"}],"about":[{"href":"https:\/\/tucbo.com\/es\/wp-json\/wp\/v2\/types\/product"}],"replies":[{"embeddable":true,"href":"https:\/\/tucbo.com\/es\/wp-json\/wp\/v2\/comments?post=7737"}],"wp:featuredmedia":[{"embeddable":true,"href":"https:\/\/tucbo.com\/es\/wp-json\/wp\/v2\/media\/7743"}],"wp:attachment":[{"href":"https:\/\/tucbo.com\/es\/wp-json\/wp\/v2\/media?parent=7737"}],"wp:term":[{"taxonomy":"product_brand","embeddable":true,"href":"https:\/\/tucbo.com\/es\/wp-json\/wp\/v2\/product_brand?post=7737"},{"taxonomy":"product_cat","embeddable":true,"href":"https:\/\/tucbo.com\/es\/wp-json\/wp\/v2\/product_cat?post=7737"},{"taxonomy":"product_tag","embeddable":true,"href":"https:\/\/tucbo.com\/es\/wp-json\/wp\/v2\/product_tag?post=7737"}],"curies":[{"name":"wp","href":"https:\/\/api.w.org\/{rel}","templated":true}]}}