{"id":7657,"date":"2025-08-25T23:29:46","date_gmt":"2025-08-25T15:29:46","guid":{"rendered":"https:\/\/tucbo.com\/?post_type=product&#038;p=7657"},"modified":"2025-08-25T23:33:47","modified_gmt":"2025-08-25T15:33:47","slug":"vibrador-mr-vein-negro-multivelocidad-rabbit","status":"publish","type":"product","link":"https:\/\/tucbo.com\/es\/product\/vibrador-mr-vein-negro-multivelocidad-rabbit\/","title":{"rendered":"Vibrador Rabbit Mr Vein Black de varias velocidades"},"content":{"rendered":"<table class=\"contacttbl\" cellspacing=\"0\">\n<tbody>\n<tr>\n<td>Color<\/td>\n<td>Negro<\/td>\n<\/tr>\n<tr>\n<td>Material<\/td>\n<td>Silicona<\/td>\n<\/tr>\n<tr>\n<td>Caracter\u00edsticas<\/td>\n<td>Potentes ajustes de vibraci\u00f3n de varias velocidades, detalles realistas, orejas de conejo flexibles para una estimulaci\u00f3n clitoriana definitiva.<\/td>\n<\/tr>\n<tr>\n<td>Longitud insertable<\/td>\n<td>4,5 pulgadas<\/td>\n<\/tr>\n<tr>\n<td>Longitud total<\/td>\n<td>23 cent\u00edmetros<\/td>\n<\/tr>\n<tr>\n<td>Di\u00e1metro<\/td>\n<td>1,5 pulgadas<\/td>\n<\/tr>\n<tr>\n<td>Impermeable<\/td>\n<td>S\u00ed<\/td>\n<\/tr>\n<tr>\n<td>Potencia<\/td>\n<td>Recargable por USB<\/td>\n<\/tr>\n<\/tbody>\n<\/table>","protected":false},"excerpt":{"rendered":"<p>\u2022 Vibrador rabbit grueso y con textura para satisfacci\u00f3n interna y externa.<\/p>\n<p>\u2022 Las suaves orejas de conejo de silicona negra estimulan sin cesar tu cl\u00edtoris.<\/p>\n<p>\u2022 Las funciones de vibraci\u00f3n a varias velocidades te llevar\u00e1n r\u00e1pidamente a un cl\u00edmax sensacional.<\/p>","protected":false},"featured_media":7660,"comment_status":"open","ping_status":"closed","template":"","meta":{"_seopress_robots_primary_cat":"none","_seopress_titles_title":"","_seopress_titles_desc":"","_seopress_robots_index":""},"product_brand":[],"product_cat":[15,191,133,115],"product_tag":[189,188,186,148,161],"class_list":{"0":"post-7657","1":"product","2":"type-product","3":"status-publish","4":"has-post-thumbnail","6":"product_cat-all-products","7":"product_cat-rabbit-vibrators","8":"product_cat-sex-toys","9":"product_cat-vibrators","10":"product_tag-all","11":"product_tag-couples","12":"product_tag-female","13":"product_tag-rabbit-vibrators","14":"product_tag-rechargeable","15":"pa_color-black","17":"first","18":"instock","19":"sale","20":"taxable","21":"shipping-taxable","22":"purchasable","23":"product-type-simple"},"acf":[],"_links":{"self":[{"href":"https:\/\/tucbo.com\/es\/wp-json\/wp\/v2\/product\/7657","targetHints":{"allow":["GET"]}}],"collection":[{"href":"https:\/\/tucbo.com\/es\/wp-json\/wp\/v2\/product"}],"about":[{"href":"https:\/\/tucbo.com\/es\/wp-json\/wp\/v2\/types\/product"}],"replies":[{"embeddable":true,"href":"https:\/\/tucbo.com\/es\/wp-json\/wp\/v2\/comments?post=7657"}],"wp:featuredmedia":[{"embeddable":true,"href":"https:\/\/tucbo.com\/es\/wp-json\/wp\/v2\/media\/7660"}],"wp:attachment":[{"href":"https:\/\/tucbo.com\/es\/wp-json\/wp\/v2\/media?parent=7657"}],"wp:term":[{"taxonomy":"product_brand","embeddable":true,"href":"https:\/\/tucbo.com\/es\/wp-json\/wp\/v2\/product_brand?post=7657"},{"taxonomy":"product_cat","embeddable":true,"href":"https:\/\/tucbo.com\/es\/wp-json\/wp\/v2\/product_cat?post=7657"},{"taxonomy":"product_tag","embeddable":true,"href":"https:\/\/tucbo.com\/es\/wp-json\/wp\/v2\/product_tag?post=7657"}],"curies":[{"name":"wp","href":"https:\/\/api.w.org\/{rel}","templated":true}]}}