{"id":7619,"date":"2025-08-23T15:26:30","date_gmt":"2025-08-23T07:26:30","guid":{"rendered":"https:\/\/tucbo.com\/?post_type=product&#038;p=7619"},"modified":"2025-08-23T15:26:30","modified_gmt":"2025-08-23T07:26:30","slug":"vibrador-conejo-azul-giratorio","status":"publish","type":"product","link":"https:\/\/tucbo.com\/es\/product\/vibrador-conejo-azul-giratorio\/","title":{"rendered":"Vibrador giratorio azul con forma de conejo"},"content":{"rendered":"<table class=\"contacttbl\" cellspacing=\"0\">\n<tbody>\n<tr>\n<td>Color<\/td>\n<td>Azul<\/td>\n<\/tr>\n<tr>\n<td>Material<\/td>\n<td>Silicona<\/td>\n<\/tr>\n<tr>\n<td>Caracter\u00edsticas<\/td>\n<td>M\u00faltiples patrones de vibraci\u00f3n dentro del conejo y el eje curvo vibratorio \u00abcome hither\u00bb, ambos operados individualmente a trav\u00e9s de diferentes botones pulsadores, lo que permite diversas combinaciones. Mango ergon\u00f3mico para un uso c\u00f3modo y f\u00e1cil, fabricado en silicona muy suave.<\/td>\n<\/tr>\n<tr>\n<td>Longitud total<\/td>\n<td>8,5 pulgadas<\/td>\n<\/tr>\n<tr>\n<td>Longitud insertable<\/td>\n<td>4,8 pulgadas<\/td>\n<\/tr>\n<tr>\n<td>Di\u00e1metro<\/td>\n<td>1,4 pulgadas<\/td>\n<\/tr>\n<tr>\n<td>\u00bfImpermeable?<\/td>\n<td>A prueba de salpicaduras<\/td>\n<\/tr>\n<tr>\n<td>Potencia<\/td>\n<td>USB magn\u00e9tico recargable<\/td>\n<\/tr>\n<\/tbody>\n<\/table>","protected":false},"excerpt":{"rendered":"<p>\u2022 Siente una oleada de satisfacci\u00f3n por dentro y por fuera con este vibrador rabbit.<\/p>\n<p>\u2022 Combina 5 impresionantes ajustes de vibraci\u00f3n con 10 modos de movimiento \u00abven aqu\u00ed\u00bb.<\/p>\n<p>\u2022 La silicona lujosamente suave es segura para el cuerpo, con una curva y contornos dise\u00f1ados para estimular el punto G.<\/p>\n<p>\u2022 La carga magn\u00e9tica por USB es muy pr\u00e1ctica, independientemente de d\u00f3nde te encuentres.<\/p>","protected":false},"featured_media":7637,"comment_status":"open","ping_status":"closed","template":"","meta":{"_seopress_robots_primary_cat":"none","_seopress_titles_title":"","_seopress_titles_desc":"","_seopress_robots_index":""},"product_brand":[],"product_cat":[15,191,133],"product_tag":[189,188,186,148,161],"class_list":{"0":"post-7619","1":"product","2":"type-product","3":"status-publish","4":"has-post-thumbnail","6":"product_cat-all-products","7":"product_cat-rabbit-vibrators","8":"product_cat-sex-toys","9":"product_tag-all","10":"product_tag-couples","11":"product_tag-female","12":"product_tag-rabbit-vibrators","13":"product_tag-rechargeable","14":"pa_color-blue","16":"first","17":"instock","18":"taxable","19":"shipping-taxable","20":"purchasable","21":"product-type-simple"},"acf":[],"_links":{"self":[{"href":"https:\/\/tucbo.com\/es\/wp-json\/wp\/v2\/product\/7619","targetHints":{"allow":["GET"]}}],"collection":[{"href":"https:\/\/tucbo.com\/es\/wp-json\/wp\/v2\/product"}],"about":[{"href":"https:\/\/tucbo.com\/es\/wp-json\/wp\/v2\/types\/product"}],"replies":[{"embeddable":true,"href":"https:\/\/tucbo.com\/es\/wp-json\/wp\/v2\/comments?post=7619"}],"wp:featuredmedia":[{"embeddable":true,"href":"https:\/\/tucbo.com\/es\/wp-json\/wp\/v2\/media\/7637"}],"wp:attachment":[{"href":"https:\/\/tucbo.com\/es\/wp-json\/wp\/v2\/media?parent=7619"}],"wp:term":[{"taxonomy":"product_brand","embeddable":true,"href":"https:\/\/tucbo.com\/es\/wp-json\/wp\/v2\/product_brand?post=7619"},{"taxonomy":"product_cat","embeddable":true,"href":"https:\/\/tucbo.com\/es\/wp-json\/wp\/v2\/product_cat?post=7619"},{"taxonomy":"product_tag","embeddable":true,"href":"https:\/\/tucbo.com\/es\/wp-json\/wp\/v2\/product_tag?post=7619"}],"curies":[{"name":"wp","href":"https:\/\/api.w.org\/{rel}","templated":true}]}}