{"id":7603,"date":"2025-08-23T14:33:42","date_gmt":"2025-08-23T06:33:42","guid":{"rendered":"https:\/\/tucbo.com\/?post_type=product&#038;p=7603"},"modified":"2025-08-23T15:23:22","modified_gmt":"2025-08-23T07:23:22","slug":"efecto-mariposa-vibrador-recargable-con-empuje-2","status":"publish","type":"product","link":"https:\/\/tucbo.com\/es\/product\/efecto-mariposa-vibrador-recargable-con-empuje-2\/","title":{"rendered":"Vibrador de empuje recargable Butterfly Effect"},"content":{"rendered":"<table class=\"contacttbl\" cellspacing=\"0\">\n<tbody>\n<tr>\n<td>Color<\/td>\n<td>Morado<\/td>\n<\/tr>\n<tr>\n<td>Material<\/td>\n<td>TPE<\/td>\n<\/tr>\n<tr>\n<td>Caracter\u00edsticas<\/td>\n<td>Conejito con cuentas y estimulador clitorial con forma de mariposa<\/td>\n<\/tr>\n<tr>\n<td>Longitud total<\/td>\n<td>11 pulgadas<\/td>\n<\/tr>\n<tr>\n<td>Longitud de inserci\u00f3n<\/td>\n<td>5 pulgadas<\/td>\n<\/tr>\n<tr>\n<td>Di\u00e1metro<\/td>\n<td>1,4 pulgadas<\/td>\n<\/tr>\n<tr>\n<td>\u00bfImpermeable?<\/td>\n<td>S\u00ed<\/td>\n<\/tr>\n<tr>\n<td>Potencia<\/td>\n<td>USB recargable<\/td>\n<\/tr>\n<\/tbody>\n<\/table>","protected":false},"excerpt":{"rendered":"<p>D\u00e9jate llevar por el placer de las embestidas y las rotaciones y disfruta de una maravillosa mariposa vibradora.<\/p>\n<p>\u2022 El conejo multifunci\u00f3n cuenta con una banda giratoria de perlas para la estimulaci\u00f3n del punto G.<\/p>\n<p>\u2022 La potente funci\u00f3n de empuje proporciona una penetraci\u00f3n que te har\u00e1 retorcer los dedos de los pies.<\/p>\n<p>\u2022 El estimulador clitorial Butterfly satisface tu punto m\u00e1s sensible.<\/p>\n<p>\u2022 La base grande es c\u00f3moda de sujetar y f\u00e1cil de controlar.<\/p>\n<p>\u2022 \u00a1Resistente al agua y recargable para orgasmos empapados en cualquier momento!<\/p>","protected":false},"featured_media":7607,"comment_status":"open","ping_status":"closed","template":"","meta":{"_seopress_robots_primary_cat":"none","_seopress_titles_title":"","_seopress_titles_desc":"","_seopress_robots_index":""},"product_brand":[],"product_cat":[15,191,133,115],"product_tag":[189,188,186,148,161],"class_list":{"0":"post-7603","1":"product","2":"type-product","3":"status-publish","4":"has-post-thumbnail","6":"product_cat-all-products","7":"product_cat-rabbit-vibrators","8":"product_cat-sex-toys","9":"product_cat-vibrators","10":"product_tag-all","11":"product_tag-couples","12":"product_tag-female","13":"product_tag-rabbit-vibrators","14":"product_tag-rechargeable","15":"pa_color-purple","17":"first","18":"instock","19":"taxable","20":"shipping-taxable","21":"purchasable","22":"product-type-simple"},"acf":[],"_links":{"self":[{"href":"https:\/\/tucbo.com\/es\/wp-json\/wp\/v2\/product\/7603","targetHints":{"allow":["GET"]}}],"collection":[{"href":"https:\/\/tucbo.com\/es\/wp-json\/wp\/v2\/product"}],"about":[{"href":"https:\/\/tucbo.com\/es\/wp-json\/wp\/v2\/types\/product"}],"replies":[{"embeddable":true,"href":"https:\/\/tucbo.com\/es\/wp-json\/wp\/v2\/comments?post=7603"}],"wp:featuredmedia":[{"embeddable":true,"href":"https:\/\/tucbo.com\/es\/wp-json\/wp\/v2\/media\/7607"}],"wp:attachment":[{"href":"https:\/\/tucbo.com\/es\/wp-json\/wp\/v2\/media?parent=7603"}],"wp:term":[{"taxonomy":"product_brand","embeddable":true,"href":"https:\/\/tucbo.com\/es\/wp-json\/wp\/v2\/product_brand?post=7603"},{"taxonomy":"product_cat","embeddable":true,"href":"https:\/\/tucbo.com\/es\/wp-json\/wp\/v2\/product_cat?post=7603"},{"taxonomy":"product_tag","embeddable":true,"href":"https:\/\/tucbo.com\/es\/wp-json\/wp\/v2\/product_tag?post=7603"}],"curies":[{"name":"wp","href":"https:\/\/api.w.org\/{rel}","templated":true}]}}