{"id":7591,"date":"2025-08-19T17:05:03","date_gmt":"2025-08-19T09:05:03","guid":{"rendered":"https:\/\/tucbo.com\/?post_type=product&#038;p=7591"},"modified":"2025-08-19T18:46:57","modified_gmt":"2025-08-19T10:46:57","slug":"vibrador-conejo-con-doble-penetracion-y-onda-pulsante","status":"publish","type":"product","link":"https:\/\/tucbo.com\/es\/product\/vibrador-conejo-con-doble-penetracion-y-onda-pulsante\/","title":{"rendered":"Vibrador Rabbit con doble penetraci\u00f3n y onda pulsante"},"content":{"rendered":"<table class=\"contacttbl\" cellspacing=\"0\">\n<tbody>\n<tr>\n<td>Color<\/td>\n<td>Negro<\/td>\n<\/tr>\n<tr>\n<td>Material<\/td>\n<td>Silicona<\/td>\n<\/tr>\n<tr>\n<td>Caracter\u00edsticas<\/td>\n<td>3 motores controlados de forma independiente proporcionan una estimulaci\u00f3n espec\u00edfica del punto G, el cl\u00edtoris y el ano. El bot\u00f3n especial de cl\u00edmax de un solo toque activa autom\u00e1ticamente todos los motores a m\u00e1xima potencia\/velocidad.<\/td>\n<\/tr>\n<tr>\n<td>Longitud de inserci\u00f3n<\/td>\n<td>4,8 pulgadas<\/td>\n<\/tr>\n<tr>\n<td>Longitud total<\/td>\n<td>22,3 cm<\/td>\n<\/tr>\n<tr>\n<td>Di\u00e1metro del eje<\/td>\n<td>1,4 pulgadas<\/td>\n<\/tr>\n<tr>\n<td>Di\u00e1metro de las bolas anales<\/td>\n<td>0,8 pulgadas<\/td>\n<\/tr>\n<tr>\n<td>\u00bfImpermeable?<\/td>\n<td>S\u00ed<\/td>\n<\/tr>\n<tr>\n<td>Potencia<\/td>\n<td>USB recargable<\/td>\n<\/tr>\n<\/tbody>\n<\/table>","protected":false},"excerpt":{"rendered":"<p>\u2022 \u00a1El pulsador de doble penetraci\u00f3n estimula tres zonas de placer para un \u00e9xtasis combinado!<\/p>\n<p>\u2022 Explora 10 modos de ondas pulsantes para la estimulaci\u00f3n del punto G.<\/p>\n<p>\u2022 Estimulador del cl\u00edtoris Rabbit y estimulador anal con cuentas Thunder, cada uno con 10 potentes modos de vibraci\u00f3n.<\/p>\n<p>\u2022 Controla por separado tres potentes motores para personalizar tu satisfacci\u00f3n.<\/p>\n<p>\u2022 Resistente al agua con certificaci\u00f3n IPX7 y recargable por USB para un uso ilimitado e instant\u00e1neo.<\/p>\n<p>\u2022 Silicona de alta calidad y segura para el cuerpo que proporciona un acabado suave como la piel.<\/p>","protected":false},"featured_media":7598,"comment_status":"open","ping_status":"closed","template":"","meta":{"_seopress_robots_primary_cat":"none","_seopress_titles_title":"","_seopress_titles_desc":"","_seopress_robots_index":""},"product_brand":[],"product_cat":[15,191,133,115],"product_tag":[189,188,186,148,161],"class_list":{"0":"post-7591","1":"product","2":"type-product","3":"status-publish","4":"has-post-thumbnail","6":"product_cat-all-products","7":"product_cat-rabbit-vibrators","8":"product_cat-sex-toys","9":"product_cat-vibrators","10":"product_tag-all","11":"product_tag-couples","12":"product_tag-female","13":"product_tag-rabbit-vibrators","14":"product_tag-rechargeable","15":"pa_color-black","16":"pa_color-purple","17":"pa_color-red","19":"first","20":"instock","21":"taxable","22":"shipping-taxable","23":"purchasable","24":"product-type-variable","25":"wvs-archive-product-wrapper"},"acf":[],"_links":{"self":[{"href":"https:\/\/tucbo.com\/es\/wp-json\/wp\/v2\/product\/7591","targetHints":{"allow":["GET"]}}],"collection":[{"href":"https:\/\/tucbo.com\/es\/wp-json\/wp\/v2\/product"}],"about":[{"href":"https:\/\/tucbo.com\/es\/wp-json\/wp\/v2\/types\/product"}],"replies":[{"embeddable":true,"href":"https:\/\/tucbo.com\/es\/wp-json\/wp\/v2\/comments?post=7591"}],"wp:featuredmedia":[{"embeddable":true,"href":"https:\/\/tucbo.com\/es\/wp-json\/wp\/v2\/media\/7598"}],"wp:attachment":[{"href":"https:\/\/tucbo.com\/es\/wp-json\/wp\/v2\/media?parent=7591"}],"wp:term":[{"taxonomy":"product_brand","embeddable":true,"href":"https:\/\/tucbo.com\/es\/wp-json\/wp\/v2\/product_brand?post=7591"},{"taxonomy":"product_cat","embeddable":true,"href":"https:\/\/tucbo.com\/es\/wp-json\/wp\/v2\/product_cat?post=7591"},{"taxonomy":"product_tag","embeddable":true,"href":"https:\/\/tucbo.com\/es\/wp-json\/wp\/v2\/product_tag?post=7591"}],"curies":[{"name":"wp","href":"https:\/\/api.w.org\/{rel}","templated":true}]}}