{"id":7583,"date":"2025-08-19T16:53:59","date_gmt":"2025-08-19T08:53:59","guid":{"rendered":"https:\/\/tucbo.com\/?post_type=product&#038;p=7583"},"modified":"2025-08-23T15:28:19","modified_gmt":"2025-08-23T07:28:19","slug":"vibrador-elite-rabbit","status":"publish","type":"product","link":"https:\/\/tucbo.com\/es\/product\/vibrador-elite-rabbit\/","title":{"rendered":"Vibrador Elite Rabbit"},"content":{"rendered":"<table class=\"contacttbl\" cellspacing=\"0\">\n<tbody>\n<tr>\n<td>Color<\/td>\n<td>Transparente con base plateada<\/td>\n<\/tr>\n<tr>\n<td>Material<\/td>\n<td>Eje de TPR, base de ABS<\/td>\n<\/tr>\n<tr>\n<td>Functions<\/td>\n<td>Eje grueso, 7 modos de vibraci\u00f3n, potentes orejas de conejo, bolas internas giratorias que proporcionan una estimulaci\u00f3n intensa.<\/td>\n<\/tr>\n<tr>\n<td>Longitud insertable<\/td>\n<td>5 pulgadas<\/td>\n<\/tr>\n<tr>\n<td>Longitud total<\/td>\n<td>11 pulgadas<\/td>\n<\/tr>\n<tr>\n<td>Di\u00e1metro<\/td>\n<td>1,5 pulgadas<\/td>\n<\/tr>\n<tr>\n<td>Impermeable<\/td>\n<td>A prueba de salpicaduras<\/td>\n<\/tr>\n<tr>\n<td>Potencia<\/td>\n<td>4 pilas AAA (no incluidas)<\/td>\n<\/tr>\n<tr>\n<td>ABS y silicona<\/td>\n<td>Este producto no contiene l\u00e1tex ni ftalatos<\/td>\n<\/tr>\n<\/tbody>\n<\/table>","protected":false},"excerpt":{"rendered":"<p>\u2022 \u00a1El conejo vibrador y pulsante te dejar\u00e1 incre\u00edblemente feliz!<\/p>\n<p>\u2022 Las potentes bolas giratorias proporcionan un masaje interno alucinante que te llevar\u00e1 al cl\u00edmax.<\/p>\n<p>\u2022 D\u00e9jate llevar por los siete modos de vibraci\u00f3n mientras el estimulador externo acaricia tu cl\u00edtoris.<\/p>","protected":false},"featured_media":7586,"comment_status":"open","ping_status":"closed","template":"","meta":{"_seopress_robots_primary_cat":"none","_seopress_titles_title":"","_seopress_titles_desc":"","_seopress_robots_index":""},"product_brand":[],"product_cat":[15,191,133,115],"product_tag":[189,163,188,186,148],"class_list":{"0":"post-7583","1":"product","2":"type-product","3":"status-publish","4":"has-post-thumbnail","6":"product_cat-all-products","7":"product_cat-rabbit-vibrators","8":"product_cat-sex-toys","9":"product_cat-vibrators","10":"product_tag-all","11":"product_tag-batteries","12":"product_tag-couples","13":"product_tag-female","14":"product_tag-rabbit-vibrators","15":"pa_color-silver","17":"first","18":"instock","19":"sale","20":"taxable","21":"shipping-taxable","22":"purchasable","23":"product-type-simple"},"acf":[],"_links":{"self":[{"href":"https:\/\/tucbo.com\/es\/wp-json\/wp\/v2\/product\/7583","targetHints":{"allow":["GET"]}}],"collection":[{"href":"https:\/\/tucbo.com\/es\/wp-json\/wp\/v2\/product"}],"about":[{"href":"https:\/\/tucbo.com\/es\/wp-json\/wp\/v2\/types\/product"}],"replies":[{"embeddable":true,"href":"https:\/\/tucbo.com\/es\/wp-json\/wp\/v2\/comments?post=7583"}],"wp:featuredmedia":[{"embeddable":true,"href":"https:\/\/tucbo.com\/es\/wp-json\/wp\/v2\/media\/7586"}],"wp:attachment":[{"href":"https:\/\/tucbo.com\/es\/wp-json\/wp\/v2\/media?parent=7583"}],"wp:term":[{"taxonomy":"product_brand","embeddable":true,"href":"https:\/\/tucbo.com\/es\/wp-json\/wp\/v2\/product_brand?post=7583"},{"taxonomy":"product_cat","embeddable":true,"href":"https:\/\/tucbo.com\/es\/wp-json\/wp\/v2\/product_cat?post=7583"},{"taxonomy":"product_tag","embeddable":true,"href":"https:\/\/tucbo.com\/es\/wp-json\/wp\/v2\/product_tag?post=7583"}],"curies":[{"name":"wp","href":"https:\/\/api.w.org\/{rel}","templated":true}]}}