{"id":7568,"date":"2025-08-19T15:44:25","date_gmt":"2025-08-19T07:44:25","guid":{"rendered":"https:\/\/tucbo.com\/?post_type=product&#038;p=7568"},"modified":"2025-08-23T15:21:22","modified_gmt":"2025-08-23T07:21:22","slug":"vibrador-sexual-rabbit-con-silicona-electroestimulacion-y-onda-de-choque","status":"publish","type":"product","link":"https:\/\/tucbo.com\/es\/product\/vibrador-sexual-rabbit-con-silicona-electroestimulacion-y-onda-de-choque\/","title":{"rendered":"Vibrador sexual de silicona con estimulaci\u00f3n el\u00e9ctrica Sex Sparks Shock Wave Rabbit"},"content":{"rendered":"<table class=\"contacttbl\" cellspacing=\"0\">\n<tbody>\n<tr>\n<td>Color<\/td>\n<td>Negro<\/td>\n<\/tr>\n<tr>\n<td>Material<\/td>\n<td>Conductive Silicone<\/td>\n<\/tr>\n<tr>\n<td>Caracter\u00edsticas<\/td>\n<td>5 ajustes el\u00e9ctricos, 10 ajustes de vibraci\u00f3n con 2 potentes motores, eje estriado para un placer extra en el punto G, estimulaci\u00f3n externa del cl\u00edtoris con las orejas de conejo.<\/td>\n<\/tr>\n<tr>\n<td>Longitud insertable<\/td>\n<td>4 pulgadas<\/td>\n<\/tr>\n<tr>\n<td>Longitud total<\/td>\n<td>7,5 pulgadas<\/td>\n<\/tr>\n<tr>\n<td>Di\u00e1metro<\/td>\n<td>1,4 pulgadas<\/td>\n<\/tr>\n<tr>\n<td>Impermeable<\/td>\n<td>S\u00ed<\/td>\n<\/tr>\n<tr>\n<td>Potencia<\/td>\n<td>Recargable por USB<\/td>\n<\/tr>\n<tr>\n<td>Bueno para<\/td>\n<td>Personas que experimentan baja sensibilidad<\/td>\n<\/tr>\n<\/tbody>\n<\/table>","protected":false},"excerpt":{"rendered":"<p>\u2022 Experimenta la emoci\u00f3n de un vibrador rabbit electrosexual para una satisfacci\u00f3n impactante.<\/p>\n<p>\u2022 La punta curvada y las orejas de conejo estimulan simult\u00e1neamente el punto G y el cl\u00edtoris.<\/p>\n<p>\u2022 5 ajustes de descarga el\u00e9ctrica y 10 funciones de vibraci\u00f3n alimentadas por 2 potentes motores.<\/p>\n<p>\u2022 El vibrador rabbit de silicona, seguro para el cuerpo, es totalmente recargable.<\/p>\n<p>\u2022 La electroestimulaci\u00f3n es ideal para usuarios con baja sensibilidad.<\/p>\n<p>Recargable por USB: no se necesita unidad de control para su funcionamiento.<\/p>","protected":false},"featured_media":7571,"comment_status":"open","ping_status":"closed","template":"","meta":{"_seopress_robots_primary_cat":"none","_seopress_titles_title":"","_seopress_titles_desc":"","_seopress_robots_index":""},"product_brand":[],"product_cat":[15,191,133,115],"product_tag":[189,188,186,148,161],"class_list":{"0":"post-7568","1":"product","2":"type-product","3":"status-publish","4":"has-post-thumbnail","6":"product_cat-all-products","7":"product_cat-rabbit-vibrators","8":"product_cat-sex-toys","9":"product_cat-vibrators","10":"product_tag-all","11":"product_tag-couples","12":"product_tag-female","13":"product_tag-rabbit-vibrators","14":"product_tag-rechargeable","15":"pa_color-black","17":"first","18":"instock","19":"taxable","20":"shipping-taxable","21":"purchasable","22":"product-type-simple"},"acf":[],"_links":{"self":[{"href":"https:\/\/tucbo.com\/es\/wp-json\/wp\/v2\/product\/7568","targetHints":{"allow":["GET"]}}],"collection":[{"href":"https:\/\/tucbo.com\/es\/wp-json\/wp\/v2\/product"}],"about":[{"href":"https:\/\/tucbo.com\/es\/wp-json\/wp\/v2\/types\/product"}],"replies":[{"embeddable":true,"href":"https:\/\/tucbo.com\/es\/wp-json\/wp\/v2\/comments?post=7568"}],"wp:featuredmedia":[{"embeddable":true,"href":"https:\/\/tucbo.com\/es\/wp-json\/wp\/v2\/media\/7571"}],"wp:attachment":[{"href":"https:\/\/tucbo.com\/es\/wp-json\/wp\/v2\/media?parent=7568"}],"wp:term":[{"taxonomy":"product_brand","embeddable":true,"href":"https:\/\/tucbo.com\/es\/wp-json\/wp\/v2\/product_brand?post=7568"},{"taxonomy":"product_cat","embeddable":true,"href":"https:\/\/tucbo.com\/es\/wp-json\/wp\/v2\/product_cat?post=7568"},{"taxonomy":"product_tag","embeddable":true,"href":"https:\/\/tucbo.com\/es\/wp-json\/wp\/v2\/product_tag?post=7568"}],"curies":[{"name":"wp","href":"https:\/\/api.w.org\/{rel}","templated":true}]}}