{"id":7558,"date":"2025-08-19T15:38:40","date_gmt":"2025-08-19T07:38:40","guid":{"rendered":"https:\/\/tucbo.com\/?post_type=product&#038;p=7558"},"modified":"2025-08-23T15:29:51","modified_gmt":"2025-08-23T07:29:51","slug":"vibrador-conejo-ole-silicona-para-el-punto-g","status":"publish","type":"product","link":"https:\/\/tucbo.com\/es\/product\/vibrador-conejo-ole-silicona-para-el-punto-g\/","title":{"rendered":"Vibrador Rabbit Ole Silicone G-Spot"},"content":{"rendered":"<table class=\"contacttbl\" cellspacing=\"0\">\n<tbody>\n<tr>\n<td>Color<\/td>\n<td>Morado<\/td>\n<\/tr>\n<tr>\n<td>Material<\/td>\n<td>Silicona y ABS, seguro para el cuerpo y sin ftalatos.<\/td>\n<\/tr>\n<tr>\n<td>Caracter\u00edsticas<\/td>\n<td>10 velocidades de vibraci\u00f3n, dise\u00f1o f\u00e1lico curvo para la estimulaci\u00f3n del punto G, estimulador del cl\u00edtoris, estimulador anal y mango c\u00f3modo.<\/td>\n<\/tr>\n<tr>\n<td>Longitud vaginal insertable<\/td>\n<td>4 pulgadas<\/td>\n<\/tr>\n<tr>\n<td>Longitud anal insertable<\/td>\n<td>3 pulgadas<\/td>\n<\/tr>\n<tr>\n<td>Longitud<\/td>\n<td>6,5 pulgadas<\/td>\n<\/tr>\n<tr>\n<td>Di\u00e1metro<\/td>\n<td>1,27 pulgadas<\/td>\n<\/tr>\n<tr>\n<td>\u00bfImpermeable?<\/td>\n<td>A prueba de salpicaduras<\/td>\n<\/tr>\n<tr>\n<td>Potencia<\/td>\n<td>Recargable por USB<\/td>\n<\/tr>\n<\/tbody>\n<\/table>","protected":false},"excerpt":{"rendered":"<p>\u2022 \u00a1Un triple placer! Experimenta el placer clitorial, del punto G y anal.<\/p>\n<p>\u2022 Disfruta de 10 ajustes de vibraci\u00f3n mientras te mimas con la estimulaci\u00f3n.<\/p>\n<p>\u2022 A\u00f1ade lubricante a base de agua al cuerpo de silicona, suave como el terciopelo.<\/p>","protected":false},"featured_media":7562,"comment_status":"open","ping_status":"closed","template":"","meta":{"_seopress_robots_primary_cat":"none","_seopress_titles_title":"","_seopress_titles_desc":"","_seopress_robots_index":""},"product_brand":[],"product_cat":[15,191,133,115],"product_tag":[189,188,186,148,161],"class_list":{"0":"post-7558","1":"product","2":"type-product","3":"status-publish","4":"has-post-thumbnail","6":"product_cat-all-products","7":"product_cat-rabbit-vibrators","8":"product_cat-sex-toys","9":"product_cat-vibrators","10":"product_tag-all","11":"product_tag-couples","12":"product_tag-female","13":"product_tag-rabbit-vibrators","14":"product_tag-rechargeable","15":"pa_color-purple","17":"first","18":"instock","19":"taxable","20":"shipping-taxable","21":"purchasable","22":"product-type-simple"},"acf":[],"_links":{"self":[{"href":"https:\/\/tucbo.com\/es\/wp-json\/wp\/v2\/product\/7558","targetHints":{"allow":["GET"]}}],"collection":[{"href":"https:\/\/tucbo.com\/es\/wp-json\/wp\/v2\/product"}],"about":[{"href":"https:\/\/tucbo.com\/es\/wp-json\/wp\/v2\/types\/product"}],"replies":[{"embeddable":true,"href":"https:\/\/tucbo.com\/es\/wp-json\/wp\/v2\/comments?post=7558"}],"wp:featuredmedia":[{"embeddable":true,"href":"https:\/\/tucbo.com\/es\/wp-json\/wp\/v2\/media\/7562"}],"wp:attachment":[{"href":"https:\/\/tucbo.com\/es\/wp-json\/wp\/v2\/media?parent=7558"}],"wp:term":[{"taxonomy":"product_brand","embeddable":true,"href":"https:\/\/tucbo.com\/es\/wp-json\/wp\/v2\/product_brand?post=7558"},{"taxonomy":"product_cat","embeddable":true,"href":"https:\/\/tucbo.com\/es\/wp-json\/wp\/v2\/product_cat?post=7558"},{"taxonomy":"product_tag","embeddable":true,"href":"https:\/\/tucbo.com\/es\/wp-json\/wp\/v2\/product_tag?post=7558"}],"curies":[{"name":"wp","href":"https:\/\/api.w.org\/{rel}","templated":true}]}}