{"id":7552,"date":"2025-08-19T15:30:26","date_gmt":"2025-08-19T07:30:26","guid":{"rendered":"https:\/\/tucbo.com\/?post_type=product&#038;p=7552"},"modified":"2025-08-23T15:30:24","modified_gmt":"2025-08-23T07:30:24","slug":"vibrador-con-forma-de-conejo-en-color-purpura-nacarado","status":"publish","type":"product","link":"https:\/\/tucbo.com\/es\/product\/vibrador-con-forma-de-conejo-en-color-purpura-nacarado\/","title":{"rendered":"Vibrador conejito p\u00farpura nacarado"},"content":{"rendered":"<table class=\"contacttbl\" cellspacing=\"0\">\n<tbody>\n<tr>\n<td>Color<\/td>\n<td>Morado<\/td>\n<\/tr>\n<tr>\n<td>Material<\/td>\n<td>Eje de TPR, base de ABS<\/td>\n<\/tr>\n<tr>\n<td>Caracter\u00edsticas<\/td>\n<td>Aumento de la intensidad de la vibraci\u00f3n y la velocidad de rotaci\u00f3n controladas mediante controles independientes; la direcci\u00f3n de rotaci\u00f3n se puede cambiar con el bot\u00f3n de cambio de rotaci\u00f3n. La acci\u00f3n de empuje se mueve hacia arriba y hacia abajo para una mayor estimulaci\u00f3n.<\/td>\n<\/tr>\n<tr>\n<td>Longitud insertable<\/td>\n<td>5 pulgadas<\/td>\n<\/tr>\n<tr>\n<td>Longitud total<\/td>\n<td>10,25 pulgadas<\/td>\n<\/tr>\n<tr>\n<td>Di\u00e1metro<\/td>\n<td>1,5 pulgadas<\/td>\n<\/tr>\n<tr>\n<td>\u00bfImpermeable?<\/td>\n<td>No<\/td>\n<\/tr>\n<tr>\n<td>Potencia<\/td>\n<td>4 pilas AA (no incluidas)<\/td>\n<\/tr>\n<tr>\n<td>ABS y silicona<\/td>\n<td>Este producto no contiene l\u00e1tex ni ftalatos<\/td>\n<\/tr>\n<tr>\n<td>Bueno para<\/td>\n<td>People who require easy-to-grip toys<\/td>\n<\/tr>\n<\/tbody>\n<\/table>","protected":false},"excerpt":{"rendered":"<p>\u2022 D\u00e9jate llevar por el placer rotatorio, penetrante y vibrante.<\/p>\n<p>\u2022 El conejo multifunci\u00f3n cuenta con una banda giratoria de perlas.<\/p>\n<p>\u2022 Funci\u00f3n de empuje para una penetraci\u00f3n que te har\u00e1 retorcerte de placer.<\/p>\n<p>\u2022 La base grande es f\u00e1cil de agarrar y c\u00f3moda de sostener.<\/p>","protected":false},"featured_media":7555,"comment_status":"open","ping_status":"closed","template":"","meta":{"_seopress_robots_primary_cat":"none","_seopress_titles_title":"","_seopress_titles_desc":"","_seopress_robots_index":""},"product_brand":[],"product_cat":[15,191,133,115],"product_tag":[189,163,188,186,148],"class_list":{"0":"post-7552","1":"product","2":"type-product","3":"status-publish","4":"has-post-thumbnail","6":"product_cat-all-products","7":"product_cat-rabbit-vibrators","8":"product_cat-sex-toys","9":"product_cat-vibrators","10":"product_tag-all","11":"product_tag-batteries","12":"product_tag-couples","13":"product_tag-female","14":"product_tag-rabbit-vibrators","15":"pa_color-purple","17":"first","18":"instock","19":"taxable","20":"shipping-taxable","21":"purchasable","22":"product-type-simple"},"acf":[],"_links":{"self":[{"href":"https:\/\/tucbo.com\/es\/wp-json\/wp\/v2\/product\/7552","targetHints":{"allow":["GET"]}}],"collection":[{"href":"https:\/\/tucbo.com\/es\/wp-json\/wp\/v2\/product"}],"about":[{"href":"https:\/\/tucbo.com\/es\/wp-json\/wp\/v2\/types\/product"}],"replies":[{"embeddable":true,"href":"https:\/\/tucbo.com\/es\/wp-json\/wp\/v2\/comments?post=7552"}],"wp:featuredmedia":[{"embeddable":true,"href":"https:\/\/tucbo.com\/es\/wp-json\/wp\/v2\/media\/7555"}],"wp:attachment":[{"href":"https:\/\/tucbo.com\/es\/wp-json\/wp\/v2\/media?parent=7552"}],"wp:term":[{"taxonomy":"product_brand","embeddable":true,"href":"https:\/\/tucbo.com\/es\/wp-json\/wp\/v2\/product_brand?post=7552"},{"taxonomy":"product_cat","embeddable":true,"href":"https:\/\/tucbo.com\/es\/wp-json\/wp\/v2\/product_cat?post=7552"},{"taxonomy":"product_tag","embeddable":true,"href":"https:\/\/tucbo.com\/es\/wp-json\/wp\/v2\/product_tag?post=7552"}],"curies":[{"name":"wp","href":"https:\/\/api.w.org\/{rel}","templated":true}]}}