{"id":7532,"date":"2025-08-19T15:13:44","date_gmt":"2025-08-19T07:13:44","guid":{"rendered":"https:\/\/tucbo.com\/?post_type=product&#038;p=7532"},"modified":"2025-08-23T15:31:52","modified_gmt":"2025-08-23T07:31:52","slug":"vibrador-crystal-clear-pink-rabbit-de-9-pulgadas","status":"publish","type":"product","link":"https:\/\/tucbo.com\/es\/product\/vibrador-crystal-clear-pink-rabbit-de-9-pulgadas\/","title":{"rendered":"Vibrador Crystal Clear Pink Rabbit \u2013 23 cm"},"content":{"rendered":"<table class=\"contacttbl\" cellspacing=\"0\">\n<tbody>\n<tr>\n<td>Color<\/td>\n<td>Clear Pink<\/td>\n<\/tr>\n<tr>\n<td>Material<\/td>\n<td>TPE transparente cristalino<\/td>\n<\/tr>\n<tr>\n<td>Caracter\u00edsticas<\/td>\n<td>Velocidad de vibraci\u00f3n variable, orejas de conejo para estimular el cl\u00edtoris y eje estriado para una mayor estimulaci\u00f3n.<\/td>\n<\/tr>\n<tr>\n<td>Longitud insertable<\/td>\n<td>5 pulgadas<\/td>\n<\/tr>\n<tr>\n<td>Longitud<\/td>\n<td>9 Inches<\/td>\n<\/tr>\n<tr>\n<td>Di\u00e1metro<\/td>\n<td>1,75 pulgadas<\/td>\n<\/tr>\n<tr>\n<td>\u00bfImpermeable?<\/td>\n<td>S\u00ed<\/td>\n<\/tr>\n<tr>\n<td>Potencia<\/td>\n<td>2 pilas AA (no incluidas)<\/td>\n<\/tr>\n<tr>\n<td>ABS y silicona<\/td>\n<td>Este producto no contiene l\u00e1tex ni ftalatos<\/td>\n<\/tr>\n<\/tbody>\n<\/table>","protected":false},"excerpt":{"rendered":"<p>\u2022 Despeja el camino para este precioso vibrador con forma de conejo transl\u00facido.<\/p>\n<p>\u2022 Dise\u00f1ado para estimular simult\u00e1neamente el cl\u00edtoris y la vagina.<\/p>\n<p>\u2022 Masajea tus terminaciones nerviosas sensibles con vibraciones de varias velocidades.<\/p>\n<p>\u2022 Resistente al agua para divertirse dentro y fuera de la ducha.<\/p>","protected":false},"featured_media":7535,"comment_status":"open","ping_status":"closed","template":"","meta":{"_seopress_robots_primary_cat":"none","_seopress_titles_title":"","_seopress_titles_desc":"","_seopress_robots_index":""},"product_brand":[],"product_cat":[15,133,115],"product_tag":[189,163,141,188,186],"class_list":{"0":"post-7532","1":"product","2":"type-product","3":"status-publish","4":"has-post-thumbnail","6":"product_cat-all-products","7":"product_cat-sex-toys","8":"product_cat-vibrators","9":"product_tag-all","10":"product_tag-batteries","11":"product_tag-classic-vibrators","12":"product_tag-couples","13":"product_tag-female","14":"pa_color-pink","16":"first","17":"instock","18":"sale","19":"taxable","20":"shipping-taxable","21":"purchasable","22":"product-type-simple"},"acf":[],"_links":{"self":[{"href":"https:\/\/tucbo.com\/es\/wp-json\/wp\/v2\/product\/7532","targetHints":{"allow":["GET"]}}],"collection":[{"href":"https:\/\/tucbo.com\/es\/wp-json\/wp\/v2\/product"}],"about":[{"href":"https:\/\/tucbo.com\/es\/wp-json\/wp\/v2\/types\/product"}],"replies":[{"embeddable":true,"href":"https:\/\/tucbo.com\/es\/wp-json\/wp\/v2\/comments?post=7532"}],"wp:featuredmedia":[{"embeddable":true,"href":"https:\/\/tucbo.com\/es\/wp-json\/wp\/v2\/media\/7535"}],"wp:attachment":[{"href":"https:\/\/tucbo.com\/es\/wp-json\/wp\/v2\/media?parent=7532"}],"wp:term":[{"taxonomy":"product_brand","embeddable":true,"href":"https:\/\/tucbo.com\/es\/wp-json\/wp\/v2\/product_brand?post=7532"},{"taxonomy":"product_cat","embeddable":true,"href":"https:\/\/tucbo.com\/es\/wp-json\/wp\/v2\/product_cat?post=7532"},{"taxonomy":"product_tag","embeddable":true,"href":"https:\/\/tucbo.com\/es\/wp-json\/wp\/v2\/product_tag?post=7532"}],"curies":[{"name":"wp","href":"https:\/\/api.w.org\/{rel}","templated":true}]}}