{"id":7501,"date":"2025-08-17T15:02:33","date_gmt":"2025-08-17T07:02:33","guid":{"rendered":"https:\/\/tucbo.com\/?post_type=product&#038;p=7501"},"modified":"2025-08-23T15:32:54","modified_gmt":"2025-08-23T07:32:54","slug":"vibrador-clasico-de-10-velocidades-para-el-punto-g-color-morado","status":"publish","type":"product","link":"https:\/\/tucbo.com\/es\/product\/vibrador-clasico-de-10-velocidades-para-el-punto-g-color-morado\/","title":{"rendered":"Vibrador cl\u00e1sico G-Spot Fairy morado de 10 velocidades"},"content":{"rendered":"<table class=\"contacttbl\" cellspacing=\"0\">\n<tbody>\n<tr>\n<td>Color<\/td>\n<td>Morado<\/td>\n<\/tr>\n<tr>\n<td>Material<\/td>\n<td>ABS<\/td>\n<\/tr>\n<tr>\n<td>Caracter\u00edsticas<\/td>\n<td>\u00a010 velocidades diferentes con 9 patrones variables. Longitud insertable de m\u00e1s de 4 pulgadas y un \u00fanico bot\u00f3n de funcionamiento en la base del vibrador.<\/td>\n<\/tr>\n<tr>\n<td>Longitud total<\/td>\n<td>6,25 pulgadas<\/td>\n<\/tr>\n<tr>\n<td>Longitud insertable<\/td>\n<td>4,25 pulgadas<\/td>\n<\/tr>\n<tr>\n<td>Di\u00e1metro<\/td>\n<td>1 pulgada<\/td>\n<\/tr>\n<tr>\n<td>\u00bfImpermeable?<\/td>\n<td>No<\/td>\n<\/tr>\n<tr>\n<td>Potencia<\/td>\n<td>Recargable por USB<\/td>\n<\/tr>\n<\/tbody>\n<\/table>","protected":false},"excerpt":{"rendered":"<p>\u2022 \u00a1El vibrador cl\u00e1sico ondulado es un juguete imprescindible para tu colecci\u00f3n!<\/p>\n<p>\u2022 Explora 12 modos de vibraci\u00f3n, incluyendo 3 velocidades que aumentan progresivamente y 9 patrones.<\/p>\n<p>\u2022 El eje con cuentas de 6,25 pulgadas proporciona una estimulaci\u00f3n intensa en tus zonas er\u00f3genas.<\/p>","protected":false},"featured_media":7504,"comment_status":"open","ping_status":"closed","template":"","meta":{"_seopress_robots_primary_cat":"none","_seopress_titles_title":"","_seopress_titles_desc":"","_seopress_robots_index":""},"product_brand":[],"product_cat":[15,133,115],"product_tag":[189,141,188,186,161],"class_list":{"0":"post-7501","1":"product","2":"type-product","3":"status-publish","4":"has-post-thumbnail","6":"product_cat-all-products","7":"product_cat-sex-toys","8":"product_cat-vibrators","9":"product_tag-all","10":"product_tag-classic-vibrators","11":"product_tag-couples","12":"product_tag-female","13":"product_tag-rechargeable","14":"pa_color-purple","16":"first","17":"instock","18":"sale","19":"taxable","20":"shipping-taxable","21":"purchasable","22":"product-type-simple"},"acf":[],"_links":{"self":[{"href":"https:\/\/tucbo.com\/es\/wp-json\/wp\/v2\/product\/7501","targetHints":{"allow":["GET"]}}],"collection":[{"href":"https:\/\/tucbo.com\/es\/wp-json\/wp\/v2\/product"}],"about":[{"href":"https:\/\/tucbo.com\/es\/wp-json\/wp\/v2\/types\/product"}],"replies":[{"embeddable":true,"href":"https:\/\/tucbo.com\/es\/wp-json\/wp\/v2\/comments?post=7501"}],"wp:featuredmedia":[{"embeddable":true,"href":"https:\/\/tucbo.com\/es\/wp-json\/wp\/v2\/media\/7504"}],"wp:attachment":[{"href":"https:\/\/tucbo.com\/es\/wp-json\/wp\/v2\/media?parent=7501"}],"wp:term":[{"taxonomy":"product_brand","embeddable":true,"href":"https:\/\/tucbo.com\/es\/wp-json\/wp\/v2\/product_brand?post=7501"},{"taxonomy":"product_cat","embeddable":true,"href":"https:\/\/tucbo.com\/es\/wp-json\/wp\/v2\/product_cat?post=7501"},{"taxonomy":"product_tag","embeddable":true,"href":"https:\/\/tucbo.com\/es\/wp-json\/wp\/v2\/product_tag?post=7501"}],"curies":[{"name":"wp","href":"https:\/\/api.w.org\/{rel}","templated":true}]}}