{"id":7492,"date":"2025-08-17T14:47:13","date_gmt":"2025-08-17T06:47:13","guid":{"rendered":"https:\/\/tucbo.com\/?post_type=product&#038;p=7492"},"modified":"2025-08-17T14:47:14","modified_gmt":"2025-08-17T06:47:14","slug":"vibrador-de-silicona-morado-con-forma-de-ola","status":"publish","type":"product","link":"https:\/\/tucbo.com\/es\/product\/vibrador-de-silicona-morado-con-forma-de-ola\/","title":{"rendered":"Roller Purple Silicone Wave Vibrator"},"content":{"rendered":"<table class=\"contacttbl\" cellspacing=\"0\">\n<tbody>\n<tr>\n<td>Color<\/td>\n<td>Morado<\/td>\n<\/tr>\n<tr>\n<td>Material<\/td>\n<td>Silicona y ABS, seguro para el cuerpo y sin ftalatos.<\/td>\n<\/tr>\n<tr>\n<td>Caracter\u00edsticas<\/td>\n<td>20 velocidades de vibraci\u00f3n y dise\u00f1o suave y estriado para aumentar tu estimulaci\u00f3n.<\/td>\n<\/tr>\n<tr>\n<td>Longitud insertable<\/td>\n<td>5,5 pulgadas<\/td>\n<\/tr>\n<tr>\n<td>Longitud<\/td>\n<td>6,5 pulgadas<\/td>\n<\/tr>\n<tr>\n<td>Di\u00e1metro<\/td>\n<td>1,27 pulgadas<\/td>\n<\/tr>\n<tr>\n<td>\u00bfImpermeable?<\/td>\n<td>S\u00ed<\/td>\n<\/tr>\n<tr>\n<td>Potencia<\/td>\n<td>1 pila AA<\/td>\n<\/tr>\n<\/tbody>\n<\/table>","protected":false},"excerpt":{"rendered":"<p>\u2022 Descubre velocidades constantes y pulsaciones perfectas con 20 ajustes de vibraci\u00f3n.<\/p>\n<p>\u2022 El cuerpo estriado se eleva y desciende para proporcionar oleadas de placer.<\/p>\n<p>\u2022 Fabricado en silicona para un acabado suave y aterciopelado.<\/p>\n<p>\u2022 Para encender tu juguete, mant\u00e9n pulsado el bot\u00f3n durante cinco segundos.<\/p>","protected":false},"featured_media":7495,"comment_status":"open","ping_status":"closed","template":"","meta":{"_seopress_robots_primary_cat":"","_seopress_titles_title":"","_seopress_titles_desc":"","_seopress_robots_index":""},"product_brand":[],"product_cat":[15,133,115],"product_tag":[189,163,141,188,186],"class_list":{"0":"post-7492","1":"product","2":"type-product","3":"status-publish","4":"has-post-thumbnail","6":"product_cat-all-products","7":"product_cat-sex-toys","8":"product_cat-vibrators","9":"product_tag-all","10":"product_tag-batteries","11":"product_tag-classic-vibrators","12":"product_tag-couples","13":"product_tag-female","14":"pa_color-purple","16":"first","17":"instock","18":"sale","19":"taxable","20":"shipping-taxable","21":"purchasable","22":"product-type-simple"},"acf":[],"_links":{"self":[{"href":"https:\/\/tucbo.com\/es\/wp-json\/wp\/v2\/product\/7492","targetHints":{"allow":["GET"]}}],"collection":[{"href":"https:\/\/tucbo.com\/es\/wp-json\/wp\/v2\/product"}],"about":[{"href":"https:\/\/tucbo.com\/es\/wp-json\/wp\/v2\/types\/product"}],"replies":[{"embeddable":true,"href":"https:\/\/tucbo.com\/es\/wp-json\/wp\/v2\/comments?post=7492"}],"wp:featuredmedia":[{"embeddable":true,"href":"https:\/\/tucbo.com\/es\/wp-json\/wp\/v2\/media\/7495"}],"wp:attachment":[{"href":"https:\/\/tucbo.com\/es\/wp-json\/wp\/v2\/media?parent=7492"}],"wp:term":[{"taxonomy":"product_brand","embeddable":true,"href":"https:\/\/tucbo.com\/es\/wp-json\/wp\/v2\/product_brand?post=7492"},{"taxonomy":"product_cat","embeddable":true,"href":"https:\/\/tucbo.com\/es\/wp-json\/wp\/v2\/product_cat?post=7492"},{"taxonomy":"product_tag","embeddable":true,"href":"https:\/\/tucbo.com\/es\/wp-json\/wp\/v2\/product_tag?post=7492"}],"curies":[{"name":"wp","href":"https:\/\/api.w.org\/{rel}","templated":true}]}}