{"id":7447,"date":"2025-08-17T12:30:32","date_gmt":"2025-08-17T04:30:32","guid":{"rendered":"https:\/\/tucbo.com\/?post_type=product&#038;p=7447"},"modified":"2025-08-17T12:34:40","modified_gmt":"2025-08-17T04:34:40","slug":"vibrador-rabbit-con-efecto-marmol-y-16-funciones","status":"publish","type":"product","link":"https:\/\/tucbo.com\/es\/product\/vibrador-rabbit-con-efecto-marmol-y-16-funciones\/","title":{"rendered":"Vibrador Rabbit con efecto m\u00e1rmol y 16 funciones de Lealso Candy"},"content":{"rendered":"<table class=\"contacttbl\" cellspacing=\"0\">\n<tbody>\n<tr>\n<td>Color<\/td>\n<td>White and Pink Marble<\/td>\n<\/tr>\n<tr>\n<td>Material<\/td>\n<td>Silicona y ABS<\/td>\n<\/tr>\n<tr>\n<td>Caracter\u00edsticas<\/td>\n<td>Motor doble, eje curvo para la estimulaci\u00f3n del punto G, orejas flexibles, dise\u00f1o ergon\u00f3mico, asa en forma de lazo para un mejor agarre, recargable.<\/td>\n<\/tr>\n<tr>\n<td>Longitud insertable<\/td>\n<td>4 pulgadas<\/td>\n<\/tr>\n<tr>\n<td>Longitud total<\/td>\n<td>7,5 pulgadas<\/td>\n<\/tr>\n<tr>\n<td>Di\u00e1metro<\/td>\n<td>1,35 pulgadas<\/td>\n<\/tr>\n<tr>\n<td>Impermeable<\/td>\n<td>A prueba de salpicaduras<\/td>\n<\/tr>\n<tr>\n<td>Potencia<\/td>\n<td>Recargable por USB<\/td>\n<\/tr>\n<tr>\n<td>ABS y silicona<\/td>\n<td>Este producto no contiene l\u00e1tex ni ftalatos<\/td>\n<\/tr>\n<\/tbody>\n<\/table>","protected":false},"excerpt":{"rendered":"<p>\u2022 El conejo rosa aporta un dise\u00f1o \u00fanico y llamativo a tu caja de juguetes.<\/p>\n<p>\u2022 Los motores duales aportan estilo y sustancia con potentes vibraciones.<\/p>\n<p>\u2022 Encuentre su combinaci\u00f3n perfecta ajustando 10 modos entre seis intensidades.<\/p>\n<p>\u2022 Dise\u00f1ado con la forma perfecta para la estimulaci\u00f3n del cl\u00edtoris y el placer intenso del punto G.<\/p>\n<p>\u2022 Juega en cualquier momento con la bater\u00eda recargable USB.<\/p>","protected":false},"featured_media":7451,"comment_status":"open","ping_status":"closed","template":"","meta":{"_seopress_robots_primary_cat":"none","_seopress_titles_title":"","_seopress_titles_desc":"","_seopress_robots_index":""},"product_brand":[],"product_cat":[15,133],"product_tag":[189,141,186,187,148,161],"class_list":{"0":"post-7447","1":"product","2":"type-product","3":"status-publish","4":"has-post-thumbnail","6":"product_cat-all-products","7":"product_cat-sex-toys","8":"product_tag-all","9":"product_tag-classic-vibrators","10":"product_tag-female","11":"product_tag-male","12":"product_tag-rabbit-vibrators","13":"product_tag-rechargeable","14":"pa_color-mixed","16":"first","17":"instock","18":"sale","19":"taxable","20":"shipping-taxable","21":"purchasable","22":"product-type-simple"},"acf":[],"_links":{"self":[{"href":"https:\/\/tucbo.com\/es\/wp-json\/wp\/v2\/product\/7447","targetHints":{"allow":["GET"]}}],"collection":[{"href":"https:\/\/tucbo.com\/es\/wp-json\/wp\/v2\/product"}],"about":[{"href":"https:\/\/tucbo.com\/es\/wp-json\/wp\/v2\/types\/product"}],"replies":[{"embeddable":true,"href":"https:\/\/tucbo.com\/es\/wp-json\/wp\/v2\/comments?post=7447"}],"wp:featuredmedia":[{"embeddable":true,"href":"https:\/\/tucbo.com\/es\/wp-json\/wp\/v2\/media\/7451"}],"wp:attachment":[{"href":"https:\/\/tucbo.com\/es\/wp-json\/wp\/v2\/media?parent=7447"}],"wp:term":[{"taxonomy":"product_brand","embeddable":true,"href":"https:\/\/tucbo.com\/es\/wp-json\/wp\/v2\/product_brand?post=7447"},{"taxonomy":"product_cat","embeddable":true,"href":"https:\/\/tucbo.com\/es\/wp-json\/wp\/v2\/product_cat?post=7447"},{"taxonomy":"product_tag","embeddable":true,"href":"https:\/\/tucbo.com\/es\/wp-json\/wp\/v2\/product_tag?post=7447"}],"curies":[{"name":"wp","href":"https:\/\/api.w.org\/{rel}","templated":true}]}}