{"id":7421,"date":"2025-08-15T21:45:26","date_gmt":"2025-08-15T13:45:26","guid":{"rendered":"https:\/\/tucbo.com\/?post_type=product&#038;p=7421"},"modified":"2025-08-15T21:46:33","modified_gmt":"2025-08-15T13:46:33","slug":"estimulador-clitoriano-de-silicona-rosa-rojizo-con-funcion-de-tapping","status":"publish","type":"product","link":"https:\/\/tucbo.com\/es\/product\/estimulador-clitoriano-de-silicona-rosa-rojizo-con-funcion-de-tapping\/","title":{"rendered":"Estimulador clitoriano de silicona rosa rojo"},"content":{"rendered":"<table class=\"contacttbl\" cellspacing=\"0\">\n<tbody>\n<tr>\n<td>Color<\/td>\n<td>Rose Red,Purple<\/td>\n<\/tr>\n<tr>\n<td>Material<\/td>\n<td>Silicona<\/td>\n<\/tr>\n<tr>\n<td>Caracter\u00edsticas<\/td>\n<td>Estimulador de cl\u00edtoris de bolsillo, cabe en la palma de la mano y es ideal para viajar. Cuerpo curvado con numerosas velocidades y patrones entre los que elegir.<\/td>\n<\/tr>\n<tr>\n<td>\u00bfImpermeable?<\/td>\n<td>A prueba de salpicaduras<\/td>\n<\/tr>\n<tr>\n<td>Potencia<\/td>\n<td>Recargable por USB<\/td>\n<\/tr>\n<\/tbody>\n<\/table>","protected":false},"excerpt":{"rendered":"<p>\u2022 Rebosante de placer, deja que este estimulador de bolsillo se acerque a tu cl\u00edtoris.<\/p>\n<p>\u2022 Cambia entre 7 ajustes de succi\u00f3n para disfrutar de una placentera estimulaci\u00f3n del cl\u00edtoris con resultados que te har\u00e1n retorcerte de placer.<\/p>\n<p>\u2022 El cuerpo curvo de silicona roja es suave, liso y c\u00f3modo al tacto.<\/p>\n<p>\u2022 Recargable mediante USB y con un puerto autosellante, lo que garantiza una diversi\u00f3n segura y resistente a las salpicaduras.<\/p>","protected":false},"featured_media":7425,"comment_status":"open","ping_status":"closed","template":"","meta":{"_seopress_robots_primary_cat":"none","_seopress_titles_title":"","_seopress_titles_desc":"","_seopress_robots_index":""},"product_brand":[],"product_cat":[15,133,115],"product_tag":[189,141,188,186,151,161],"class_list":{"0":"post-7421","1":"product","2":"type-product","3":"status-publish","4":"has-post-thumbnail","6":"product_cat-all-products","7":"product_cat-sex-toys","8":"product_cat-vibrators","9":"product_tag-all","10":"product_tag-classic-vibrators","11":"product_tag-couples","12":"product_tag-female","13":"product_tag-quiet-vibrators","14":"product_tag-rechargeable","15":"pa_color-purple","16":"pa_color-red","18":"first","19":"instock","20":"taxable","21":"shipping-taxable","22":"purchasable","23":"product-type-variable","24":"wvs-archive-product-wrapper"},"acf":[],"_links":{"self":[{"href":"https:\/\/tucbo.com\/es\/wp-json\/wp\/v2\/product\/7421","targetHints":{"allow":["GET"]}}],"collection":[{"href":"https:\/\/tucbo.com\/es\/wp-json\/wp\/v2\/product"}],"about":[{"href":"https:\/\/tucbo.com\/es\/wp-json\/wp\/v2\/types\/product"}],"replies":[{"embeddable":true,"href":"https:\/\/tucbo.com\/es\/wp-json\/wp\/v2\/comments?post=7421"}],"wp:featuredmedia":[{"embeddable":true,"href":"https:\/\/tucbo.com\/es\/wp-json\/wp\/v2\/media\/7425"}],"wp:attachment":[{"href":"https:\/\/tucbo.com\/es\/wp-json\/wp\/v2\/media?parent=7421"}],"wp:term":[{"taxonomy":"product_brand","embeddable":true,"href":"https:\/\/tucbo.com\/es\/wp-json\/wp\/v2\/product_brand?post=7421"},{"taxonomy":"product_cat","embeddable":true,"href":"https:\/\/tucbo.com\/es\/wp-json\/wp\/v2\/product_cat?post=7421"},{"taxonomy":"product_tag","embeddable":true,"href":"https:\/\/tucbo.com\/es\/wp-json\/wp\/v2\/product_tag?post=7421"}],"curies":[{"name":"wp","href":"https:\/\/api.w.org\/{rel}","templated":true}]}}