{"id":6751,"date":"2025-07-08T22:55:39","date_gmt":"2025-07-08T14:55:39","guid":{"rendered":"https:\/\/tucbo.com\/?post_type=product&#038;p=6751"},"modified":"2025-08-08T15:50:58","modified_gmt":"2025-08-08T07:50:58","slug":"vibrador-dinky-dick-negro-con-rosa-dorada-y-forma-de-bala-35-pulgadas","status":"publish","type":"product","link":"https:\/\/tucbo.com\/es\/product\/vibrador-dinky-dick-negro-con-rosa-dorada-y-forma-de-bala-35-pulgadas\/","title":{"rendered":"Vibrador Dinky Dick negro y oro rosa \u2013 3,5 pulgadas"},"content":{"rendered":"<table class=\"contacttbl\" cellspacing=\"0\">\n<tbody>\n<tr>\n<td>Color<\/td>\n<td>Negro y oro rosa<\/td>\n<\/tr>\n<tr>\n<td>Material<\/td>\n<td>Silicona<\/td>\n<\/tr>\n<tr>\n<td>Caracter\u00edsticas<\/td>\n<td>10 ajustes de vibraci\u00f3n, incluyendo m\u00faltiples velocidades y patrones. Tama\u00f1o compacto para facilitar su transporte. Detalles en la cabeza, las bolas y las venas.<\/td>\n<\/tr>\n<tr>\n<td>Longitud total<\/td>\n<td>3,5 pulgadas<\/td>\n<\/tr>\n<tr>\n<td>Circunferencia<\/td>\n<td>2,5 pulgadas<\/td>\n<\/tr>\n<tr>\n<td>Potencia<\/td>\n<td>Pin USB recargable<\/td>\n<\/tr>\n<\/tbody>\n<\/table>","protected":false},"excerpt":{"rendered":"<p>\u2022 Este Dinky Dick no solo es peque\u00f1o, \u00a1es diminuto! Con peque\u00f1os detalles de venas, cabeza y test\u00edculos, las vibraciones dan vida a esta bala.<\/p>\n<p>\u2022 10 ajustes de vibraci\u00f3n para elegir, con 3 velocidades decrecientes y 7 patrones diferentes que te llevar\u00e1n al orgasmo.<\/p>\n<p>\u2022 Dise\u00f1o compacto para llevarlo oculto sobre usted, ya sea en avi\u00f3n, tren o coche.<\/p>\n<p>\u2022 Recargable por USB para jugar una y otra vez.<\/p>","protected":false},"featured_media":6754,"comment_status":"open","ping_status":"closed","template":"","meta":{"_seopress_robots_primary_cat":"none","_seopress_titles_title":"","_seopress_titles_desc":"","_seopress_robots_index":""},"product_brand":[],"product_cat":[15,133,115],"product_tag":[189,139,186,187,161],"class_list":{"0":"post-6751","1":"product","2":"type-product","3":"status-publish","4":"has-post-thumbnail","6":"product_cat-all-products","7":"product_cat-sex-toys","8":"product_cat-vibrators","9":"product_tag-all","10":"product_tag-bullet-vibrators","11":"product_tag-female","12":"product_tag-male","13":"product_tag-rechargeable","14":"pa_color-black","16":"first","17":"instock","18":"taxable","19":"shipping-taxable","20":"purchasable","21":"product-type-variable","22":"wvs-archive-product-wrapper"},"acf":[],"_links":{"self":[{"href":"https:\/\/tucbo.com\/es\/wp-json\/wp\/v2\/product\/6751","targetHints":{"allow":["GET"]}}],"collection":[{"href":"https:\/\/tucbo.com\/es\/wp-json\/wp\/v2\/product"}],"about":[{"href":"https:\/\/tucbo.com\/es\/wp-json\/wp\/v2\/types\/product"}],"replies":[{"embeddable":true,"href":"https:\/\/tucbo.com\/es\/wp-json\/wp\/v2\/comments?post=6751"}],"wp:featuredmedia":[{"embeddable":true,"href":"https:\/\/tucbo.com\/es\/wp-json\/wp\/v2\/media\/6754"}],"wp:attachment":[{"href":"https:\/\/tucbo.com\/es\/wp-json\/wp\/v2\/media?parent=6751"}],"wp:term":[{"taxonomy":"product_brand","embeddable":true,"href":"https:\/\/tucbo.com\/es\/wp-json\/wp\/v2\/product_brand?post=6751"},{"taxonomy":"product_cat","embeddable":true,"href":"https:\/\/tucbo.com\/es\/wp-json\/wp\/v2\/product_cat?post=6751"},{"taxonomy":"product_tag","embeddable":true,"href":"https:\/\/tucbo.com\/es\/wp-json\/wp\/v2\/product_tag?post=6751"}],"curies":[{"name":"wp","href":"https:\/\/api.w.org\/{rel}","templated":true}]}}