{"id":6728,"date":"2025-07-07T22:55:59","date_gmt":"2025-07-07T14:55:59","guid":{"rendered":"https:\/\/tucbo.com\/?post_type=product&#038;p=6728"},"modified":"2025-08-08T15:54:01","modified_gmt":"2025-08-08T07:54:01","slug":"bomba-negra-multi-velocidad-vibrador-clasico","status":"publish","type":"product","link":"https:\/\/tucbo.com\/es\/product\/bomba-negra-multi-velocidad-vibrador-clasico\/","title":{"rendered":"Bombshell Vibrador Cl\u00e1sico Multivelocidad Negro"},"content":{"rendered":"<table class=\"contacttbl\" cellspacing=\"0\">\n<tbody>\n<tr>\n<td>Color<\/td>\n<td>Negro<\/td>\n<\/tr>\n<tr>\n<td>Material<\/td>\n<td>ABS<\/td>\n<\/tr>\n<tr>\n<td>Caracter\u00edsticas<\/td>\n<td>Punta c\u00f3nica suave para una estimulaci\u00f3n espec\u00edfica. Tapa giratoria en la parte inferior para ajustes de vibraci\u00f3n.<\/td>\n<\/tr>\n<tr>\n<td>Longitud total<\/td>\n<td>7 Pulgadas<\/td>\n<\/tr>\n<tr>\n<td>Longitud insertable<\/td>\n<td>6 Pulgadas<\/td>\n<\/tr>\n<tr>\n<td>Di\u00e1metro<\/td>\n<td>1 pulgada<\/td>\n<\/tr>\n<tr>\n<td>Impermeable<\/td>\n<td>No<\/td>\n<\/tr>\n<tr>\n<td>Potencia<\/td>\n<td>2 pilas AA (no incluidas)<\/td>\n<\/tr>\n<\/tbody>\n<\/table>","protected":false},"excerpt":{"rendered":"<p>- Descubre todas tus zonas er\u00f3genas con este juguete sexual cl\u00e1sico<\/p>\n<p>- Aumenta la potencia de tu \u00abtiempo para m\u00ed\u00bb con un r\u00e1pido giro de los controles multivelocidad<\/p>\n<p>- C\u00f3nico para una estimulaci\u00f3n intensa y espec\u00edfica con una elegante carcasa negra<\/p>\n<p>- S\u00f3lo tiene que insertar 2 pilas AA (no incluidas) y ponerse manos a la obra.<\/p>","protected":false},"featured_media":6733,"comment_status":"open","ping_status":"closed","template":"","meta":{"_seopress_robots_primary_cat":"none","_seopress_titles_title":"","_seopress_titles_desc":"","_seopress_robots_index":""},"product_brand":[],"product_cat":[15,133,115],"product_tag":[189,163,139,186,187],"class_list":{"0":"post-6728","1":"product","2":"type-product","3":"status-publish","4":"has-post-thumbnail","6":"product_cat-all-products","7":"product_cat-sex-toys","8":"product_cat-vibrators","9":"product_tag-all","10":"product_tag-batteries","11":"product_tag-bullet-vibrators","12":"product_tag-female","13":"product_tag-male","14":"pa_color-black","16":"first","17":"instock","18":"taxable","19":"shipping-taxable","20":"purchasable","21":"product-type-variable","22":"wvs-archive-product-wrapper"},"acf":[],"_links":{"self":[{"href":"https:\/\/tucbo.com\/es\/wp-json\/wp\/v2\/product\/6728","targetHints":{"allow":["GET"]}}],"collection":[{"href":"https:\/\/tucbo.com\/es\/wp-json\/wp\/v2\/product"}],"about":[{"href":"https:\/\/tucbo.com\/es\/wp-json\/wp\/v2\/types\/product"}],"replies":[{"embeddable":true,"href":"https:\/\/tucbo.com\/es\/wp-json\/wp\/v2\/comments?post=6728"}],"wp:featuredmedia":[{"embeddable":true,"href":"https:\/\/tucbo.com\/es\/wp-json\/wp\/v2\/media\/6733"}],"wp:attachment":[{"href":"https:\/\/tucbo.com\/es\/wp-json\/wp\/v2\/media?parent=6728"}],"wp:term":[{"taxonomy":"product_brand","embeddable":true,"href":"https:\/\/tucbo.com\/es\/wp-json\/wp\/v2\/product_brand?post=6728"},{"taxonomy":"product_cat","embeddable":true,"href":"https:\/\/tucbo.com\/es\/wp-json\/wp\/v2\/product_cat?post=6728"},{"taxonomy":"product_tag","embeddable":true,"href":"https:\/\/tucbo.com\/es\/wp-json\/wp\/v2\/product_tag?post=6728"}],"curies":[{"name":"wp","href":"https:\/\/api.w.org\/{rel}","templated":true}]}}