{"id":6719,"date":"2025-07-07T22:53:22","date_gmt":"2025-07-07T14:53:22","guid":{"rendered":"https:\/\/tucbo.com\/?post_type=product&#038;p=6719"},"modified":"2025-08-08T15:55:24","modified_gmt":"2025-08-08T07:55:24","slug":"touchy-feely-rechargeable-finger-vibrator","status":"publish","type":"product","link":"https:\/\/tucbo.com\/es\/product\/touchy-feely-rechargeable-finger-vibrator\/","title":{"rendered":"Vibrador de dedo recargable Touchy Feely"},"content":{"rendered":"<table class=\"contacttbl\" cellspacing=\"0\">\n<tbody>\n<tr>\n<td>Color<\/td>\n<td>Morado<\/td>\n<\/tr>\n<tr>\n<td>Material<\/td>\n<td>Silicona y ABS plateado<\/td>\n<\/tr>\n<tr>\n<td>Caracter\u00edsticas<\/td>\n<td>Dedo vibrador de 10 modos con textura rugosa para intensificar la estimulaci\u00f3n y a\u00f1adir m\u00e1s placer a tus orgasmos<\/td>\n<\/tr>\n<tr>\n<td>Longitud total<\/td>\n<td>3,6 pulgadas<\/td>\n<\/tr>\n<tr>\n<td>Di\u00e1metro<\/td>\n<td>1 pulgada<\/td>\n<\/tr>\n<tr>\n<td>\u00bfImpermeable?<\/td>\n<td>No<\/td>\n<\/tr>\n<tr>\n<td>Potencia<\/td>\n<td>USB recargable<\/td>\n<\/tr>\n<\/tbody>\n<\/table>","protected":false},"excerpt":{"rendered":"<p>- Juguete para cl\u00edtoris ultrapotente que potencia el juego con los dedos para la diversi\u00f3n en solitario o en pareja<\/p>\n<p>- La punta curvada concentra 10 modos de vibraci\u00f3n intensos y silenciosos directamente en tus puntos m\u00e1s sensibles<\/p>\n<p>- La textura de la protuberancia del placer aumenta la estimulaci\u00f3n en sedosa silicona morada<\/p>\n<p>- El anillo el\u00e1stico se desliza sobre el dedo \u00edndice para un control sin esfuerzo<\/p>\n<p>- Discreto y recargable por USB, \u00a1perfecto para llevarlo en el bolso!<\/p>\n<p>- Las vibraciones fuertes son ideales para usuarios con poca sensibilidad<\/p>","protected":false},"featured_media":6723,"comment_status":"open","ping_status":"closed","template":"","meta":{"_seopress_robots_primary_cat":"none","_seopress_titles_title":"","_seopress_titles_desc":"","_seopress_robots_index":""},"product_brand":[],"product_cat":[15,133,115],"product_tag":[189,139,186,187,161],"class_list":{"0":"post-6719","1":"product","2":"type-product","3":"status-publish","4":"has-post-thumbnail","6":"product_cat-all-products","7":"product_cat-sex-toys","8":"product_cat-vibrators","9":"product_tag-all","10":"product_tag-bullet-vibrators","11":"product_tag-female","12":"product_tag-male","13":"product_tag-rechargeable","14":"pa_color-purple","16":"first","17":"instock","18":"taxable","19":"shipping-taxable","20":"purchasable","21":"product-type-variable","22":"wvs-archive-product-wrapper"},"acf":[],"_links":{"self":[{"href":"https:\/\/tucbo.com\/es\/wp-json\/wp\/v2\/product\/6719","targetHints":{"allow":["GET"]}}],"collection":[{"href":"https:\/\/tucbo.com\/es\/wp-json\/wp\/v2\/product"}],"about":[{"href":"https:\/\/tucbo.com\/es\/wp-json\/wp\/v2\/types\/product"}],"replies":[{"embeddable":true,"href":"https:\/\/tucbo.com\/es\/wp-json\/wp\/v2\/comments?post=6719"}],"wp:featuredmedia":[{"embeddable":true,"href":"https:\/\/tucbo.com\/es\/wp-json\/wp\/v2\/media\/6723"}],"wp:attachment":[{"href":"https:\/\/tucbo.com\/es\/wp-json\/wp\/v2\/media?parent=6719"}],"wp:term":[{"taxonomy":"product_brand","embeddable":true,"href":"https:\/\/tucbo.com\/es\/wp-json\/wp\/v2\/product_brand?post=6719"},{"taxonomy":"product_cat","embeddable":true,"href":"https:\/\/tucbo.com\/es\/wp-json\/wp\/v2\/product_cat?post=6719"},{"taxonomy":"product_tag","embeddable":true,"href":"https:\/\/tucbo.com\/es\/wp-json\/wp\/v2\/product_tag?post=6719"}],"curies":[{"name":"wp","href":"https:\/\/api.w.org\/{rel}","templated":true}]}}