{"id":6625,"date":"2025-07-06T14:32:28","date_gmt":"2025-07-06T06:32:28","guid":{"rendered":"https:\/\/tucbo.com\/?post_type=product&#038;p=6625"},"modified":"2025-08-08T21:01:52","modified_gmt":"2025-08-08T13:01:52","slug":"vibrador-recargable-de-metal-con-diseno-elegante-y-suave-al-tacto","status":"publish","type":"product","link":"https:\/\/tucbo.com\/es\/product\/vibrador-recargable-de-metal-con-diseno-elegante-y-suave-al-tacto\/","title":{"rendered":"Vibrador recargable Sweet Talk Metal Bullet"},"content":{"rendered":"<table class=\"contacttbl\" cellspacing=\"0\">\n<tbody>\n<tr>\n<td>Color<\/td>\n<td>Oro rosa<\/td>\n<\/tr>\n<tr>\n<td>Material<\/td>\n<td>Metal<\/td>\n<\/tr>\n<tr>\n<td>ABS y silicona<\/td>\n<td>Este producto no contiene l\u00e1tex ni ftalatos<\/td>\n<\/tr>\n<tr>\n<td>Caracter\u00edsticas<\/td>\n<td>10 potentes ajustes de vibraci\u00f3n, bot\u00f3n f\u00e1cil de usar, dise\u00f1o suave para una estimulaci\u00f3n externa definitiva.<\/td>\n<\/tr>\n<tr>\n<td>Longitud total<\/td>\n<td>3,75 pulgadas<\/td>\n<\/tr>\n<tr>\n<td>Di\u00e1metro<\/td>\n<td>0,6 pulgadas<\/td>\n<\/tr>\n<tr>\n<td>Impermeable<\/td>\n<td>S\u00ed<\/td>\n<\/tr>\n<tr>\n<td>Potencia<\/td>\n<td>Recargable por USB<\/td>\n<\/tr>\n<tr>\n<td>Bueno para<\/td>\n<td>Personas que experimentan baja sensibilidad<\/td>\n<\/tr>\n<\/tbody>\n<\/table>","protected":false},"excerpt":{"rendered":"<p>Hermosa bala de oro rosa para noches y noches de tentaci\u00f3n org\u00e1smica.<\/p>\n<p>\u2022 Descubre velocidades constantes y patrones provocativos con 10 modos de vibraci\u00f3n.<\/p>\n<p>\u2022 Dise\u00f1o elegante con una potente bater\u00eda recargable por USB.<\/p>\n<p>\u2022 Las vibraciones intensas y concentradas tambi\u00e9n son adecuadas para usuarios con baja sensibilidad.<\/p>","protected":false},"featured_media":6628,"comment_status":"open","ping_status":"closed","template":"","meta":{"_seopress_robots_primary_cat":"none","_seopress_titles_title":"","_seopress_titles_desc":"","_seopress_robots_index":""},"product_brand":[],"product_cat":[15,133,115],"product_tag":[189,139,188,186,187,161],"class_list":{"0":"post-6625","1":"product","2":"type-product","3":"status-publish","4":"has-post-thumbnail","6":"product_cat-all-products","7":"product_cat-sex-toys","8":"product_cat-vibrators","9":"product_tag-all","10":"product_tag-bullet-vibrators","11":"product_tag-couples","12":"product_tag-female","13":"product_tag-male","14":"product_tag-rechargeable","15":"pa_color-rose-gold","17":"first","18":"instock","19":"taxable","20":"shipping-taxable","21":"purchasable","22":"product-type-variable","23":"wvs-archive-product-wrapper"},"acf":[],"_links":{"self":[{"href":"https:\/\/tucbo.com\/es\/wp-json\/wp\/v2\/product\/6625","targetHints":{"allow":["GET"]}}],"collection":[{"href":"https:\/\/tucbo.com\/es\/wp-json\/wp\/v2\/product"}],"about":[{"href":"https:\/\/tucbo.com\/es\/wp-json\/wp\/v2\/types\/product"}],"replies":[{"embeddable":true,"href":"https:\/\/tucbo.com\/es\/wp-json\/wp\/v2\/comments?post=6625"}],"wp:featuredmedia":[{"embeddable":true,"href":"https:\/\/tucbo.com\/es\/wp-json\/wp\/v2\/media\/6628"}],"wp:attachment":[{"href":"https:\/\/tucbo.com\/es\/wp-json\/wp\/v2\/media?parent=6625"}],"wp:term":[{"taxonomy":"product_brand","embeddable":true,"href":"https:\/\/tucbo.com\/es\/wp-json\/wp\/v2\/product_brand?post=6625"},{"taxonomy":"product_cat","embeddable":true,"href":"https:\/\/tucbo.com\/es\/wp-json\/wp\/v2\/product_cat?post=6625"},{"taxonomy":"product_tag","embeddable":true,"href":"https:\/\/tucbo.com\/es\/wp-json\/wp\/v2\/product_tag?post=6625"}],"curies":[{"name":"wp","href":"https:\/\/api.w.org\/{rel}","templated":true}]}}