{"id":6617,"date":"2025-07-05T15:54:59","date_gmt":"2025-07-05T07:54:59","guid":{"rendered":"https:\/\/tucbo.com\/?post_type=product&#038;p=6617"},"modified":"2025-08-08T21:02:12","modified_gmt":"2025-08-08T13:02:12","slug":"vibrador-recargable-bang-red-bullet","status":"publish","type":"product","link":"https:\/\/tucbo.com\/es\/product\/vibrador-recargable-bang-red-bullet\/","title":{"rendered":"\u00a1Bang! Vibrador Bala Recargable Rojo"},"content":{"rendered":"<table class=\"contacttbl\" cellspacing=\"0\">\n<tbody>\n<tr>\n<td>Color<\/td>\n<td>Rojo<\/td>\n<\/tr>\n<tr>\n<td>Material<\/td>\n<td>ABS<\/td>\n<\/tr>\n<tr>\n<td>Caracter\u00edsticas<\/td>\n<td>Precisi\u00f3n puntiforme con 10 modos de vibraci\u00f3n<\/td>\n<\/tr>\n<tr>\n<td>Longitud total<\/td>\n<td>3,5 pulgadas<\/td>\n<\/tr>\n<tr>\n<td>Di\u00e1metro<\/td>\n<td>0,7 pulgadas<\/td>\n<\/tr>\n<tr>\n<td>\u00bfImpermeable?<\/td>\n<td>S\u00ed<\/td>\n<\/tr>\n<tr>\n<td>Potencia<\/td>\n<td>Recargable<\/td>\n<\/tr>\n<\/tbody>\n<\/table>","protected":false},"excerpt":{"rendered":"<p>- La bala recargable y estruendosa se\u00f1ala tu placer con una punta precisa y angulada<\/p>\n<p>- Mini pero poderoso, explora diez velocidades y patrones de vibraci\u00f3n con s\u00f3lo pulsar un bot\u00f3n<\/p>\n<p>- Discreto vibrador de 3,5 pulgadas que cabe en el bolso para orgasmos sobre la marcha<\/p>","protected":false},"featured_media":6621,"comment_status":"open","ping_status":"closed","template":"","meta":{"_seopress_robots_primary_cat":"none","_seopress_titles_title":"","_seopress_titles_desc":"","_seopress_robots_index":""},"product_brand":[],"product_cat":[15,133,115],"product_tag":[189,139,188,186,187,161],"class_list":{"0":"post-6617","1":"product","2":"type-product","3":"status-publish","4":"has-post-thumbnail","6":"product_cat-all-products","7":"product_cat-sex-toys","8":"product_cat-vibrators","9":"product_tag-all","10":"product_tag-bullet-vibrators","11":"product_tag-couples","12":"product_tag-female","13":"product_tag-male","14":"product_tag-rechargeable","15":"pa_color-red","17":"first","18":"instock","19":"taxable","20":"shipping-taxable","21":"purchasable","22":"product-type-variable","23":"wvs-archive-product-wrapper"},"acf":[],"_links":{"self":[{"href":"https:\/\/tucbo.com\/es\/wp-json\/wp\/v2\/product\/6617","targetHints":{"allow":["GET"]}}],"collection":[{"href":"https:\/\/tucbo.com\/es\/wp-json\/wp\/v2\/product"}],"about":[{"href":"https:\/\/tucbo.com\/es\/wp-json\/wp\/v2\/types\/product"}],"replies":[{"embeddable":true,"href":"https:\/\/tucbo.com\/es\/wp-json\/wp\/v2\/comments?post=6617"}],"wp:featuredmedia":[{"embeddable":true,"href":"https:\/\/tucbo.com\/es\/wp-json\/wp\/v2\/media\/6621"}],"wp:attachment":[{"href":"https:\/\/tucbo.com\/es\/wp-json\/wp\/v2\/media?parent=6617"}],"wp:term":[{"taxonomy":"product_brand","embeddable":true,"href":"https:\/\/tucbo.com\/es\/wp-json\/wp\/v2\/product_brand?post=6617"},{"taxonomy":"product_cat","embeddable":true,"href":"https:\/\/tucbo.com\/es\/wp-json\/wp\/v2\/product_cat?post=6617"},{"taxonomy":"product_tag","embeddable":true,"href":"https:\/\/tucbo.com\/es\/wp-json\/wp\/v2\/product_tag?post=6617"}],"curies":[{"name":"wp","href":"https:\/\/api.w.org\/{rel}","templated":true}]}}