{"id":6586,"date":"2025-07-05T15:39:32","date_gmt":"2025-07-05T07:39:32","guid":{"rendered":"https:\/\/tucbo.com\/?post_type=product&#038;p=6586"},"modified":"2025-08-08T21:04:12","modified_gmt":"2025-08-08T13:04:12","slug":"rompette-pink-rabbit-rechargeable-finger-vibrator","status":"publish","type":"product","link":"https:\/\/tucbo.com\/es\/product\/rompette-pink-rabbit-rechargeable-finger-vibrator\/","title":{"rendered":"Vibrador de dedo recargable Rompette Pink Rabbit"},"content":{"rendered":"<table class=\"contacttbl\" cellspacing=\"0\">\n<tbody>\n<tr>\n<td>Color<\/td>\n<td>Rosa<\/td>\n<\/tr>\n<tr>\n<td>Material<\/td>\n<td>Silicona y ABS plateado<\/td>\n<\/tr>\n<tr>\n<td>Caracter\u00edsticas<\/td>\n<td>Vibrador de dedo para cl\u00edtoris y pezones con 10 modos de vibraci\u00f3n para un placer org\u00e1smico extra<\/td>\n<\/tr>\n<tr>\n<td>Longitud total<\/td>\n<td>4,2 pulgadas<\/td>\n<\/tr>\n<tr>\n<td>Di\u00e1metro<\/td>\n<td>1,2 pulgadas<\/td>\n<\/tr>\n<tr>\n<td>\u00bfImpermeable?<\/td>\n<td>No<\/td>\n<\/tr>\n<tr>\n<td>Potencia<\/td>\n<td>USB recargable<\/td>\n<\/tr>\n<\/tbody>\n<\/table>","protected":false},"excerpt":{"rendered":"<p>- \u00a1A\u00f1ade un poco de magia a la masturbaci\u00f3n con este poderoso vibrador de dedo!<\/p>\n<p>- Las orejas zumbonas y la nariz respingona hacen retumbar tu cl\u00edtoris y pezones con 10 modos de vibraci\u00f3n extremadamente potentes<\/p>\n<p>- La silicona rosa sedosa se desliza c\u00f3modamente para un juego pr\u00e1ctico sin costuras<\/p>\n<p>- Tama\u00f1o discreto y recargable por USB para orgasmos sobre la marcha<\/p>\n<p>- Las vibraciones fuertes son perfectas para usuarios con poca sensibilidad<\/p>","protected":false},"featured_media":6590,"comment_status":"open","ping_status":"closed","template":"","meta":{"_seopress_robots_primary_cat":"none","_seopress_titles_title":"","_seopress_titles_desc":"","_seopress_robots_index":""},"product_brand":[],"product_cat":[15,133,115],"product_tag":[189,139,188,186,187,161],"class_list":{"0":"post-6586","1":"product","2":"type-product","3":"status-publish","4":"has-post-thumbnail","6":"product_cat-all-products","7":"product_cat-sex-toys","8":"product_cat-vibrators","9":"product_tag-all","10":"product_tag-bullet-vibrators","11":"product_tag-couples","12":"product_tag-female","13":"product_tag-male","14":"product_tag-rechargeable","15":"pa_color-pink","17":"first","18":"instock","19":"taxable","20":"shipping-taxable","21":"purchasable","22":"product-type-variable","23":"wvs-archive-product-wrapper"},"acf":[],"_links":{"self":[{"href":"https:\/\/tucbo.com\/es\/wp-json\/wp\/v2\/product\/6586","targetHints":{"allow":["GET"]}}],"collection":[{"href":"https:\/\/tucbo.com\/es\/wp-json\/wp\/v2\/product"}],"about":[{"href":"https:\/\/tucbo.com\/es\/wp-json\/wp\/v2\/types\/product"}],"replies":[{"embeddable":true,"href":"https:\/\/tucbo.com\/es\/wp-json\/wp\/v2\/comments?post=6586"}],"wp:featuredmedia":[{"embeddable":true,"href":"https:\/\/tucbo.com\/es\/wp-json\/wp\/v2\/media\/6590"}],"wp:attachment":[{"href":"https:\/\/tucbo.com\/es\/wp-json\/wp\/v2\/media?parent=6586"}],"wp:term":[{"taxonomy":"product_brand","embeddable":true,"href":"https:\/\/tucbo.com\/es\/wp-json\/wp\/v2\/product_brand?post=6586"},{"taxonomy":"product_cat","embeddable":true,"href":"https:\/\/tucbo.com\/es\/wp-json\/wp\/v2\/product_cat?post=6586"},{"taxonomy":"product_tag","embeddable":true,"href":"https:\/\/tucbo.com\/es\/wp-json\/wp\/v2\/product_tag?post=6586"}],"curies":[{"name":"wp","href":"https:\/\/api.w.org\/{rel}","templated":true}]}}