{"id":6550,"date":"2025-07-03T22:22:04","date_gmt":"2025-07-03T14:22:04","guid":{"rendered":"https:\/\/tucbo.com\/?post_type=product&#038;p=6550"},"modified":"2025-08-08T21:06:24","modified_gmt":"2025-08-08T13:06:24","slug":"tucbo-wild-rose-green-10-function-rechargeable-bullet-vibrator","status":"publish","type":"product","link":"https:\/\/tucbo.com\/es\/product\/tucbo-wild-rose-green-10-function-rechargeable-bullet-vibrator\/","title":{"rendered":"Tucbo Rosa Salvaje Verde Vibrador Bala Recargable 10 Funciones"},"content":{"rendered":"<table class=\"contacttbl\" cellspacing=\"0\">\n<tbody>\n<tr>\n<td>Color<\/td>\n<td>Verde y plata<\/td>\n<\/tr>\n<tr>\n<td>Material<\/td>\n<td>Silicona y ABS<\/td>\n<\/tr>\n<tr>\n<td>Caracter\u00edsticas<\/td>\n<td>Peque\u00f1a bala recargable con 10 modos de vibraci\u00f3n<\/td>\n<\/tr>\n<tr>\n<td>Longitud total<\/td>\n<td>3,5 pulgadas<\/td>\n<\/tr>\n<tr>\n<td>\u00bfImpermeable?<\/td>\n<td>No<\/td>\n<\/tr>\n<tr>\n<td>Pwer<\/td>\n<td>USB recargable<\/td>\n<\/tr>\n<\/tbody>\n<\/table>","protected":false},"excerpt":{"rendered":"<p>- 10 modos de vibraci\u00f3n que ofrecen una mezcla org\u00e1smica de velocidades y patrones<\/p>\n<p>- La silicona aterciopelada est\u00e1 ligeramente texturizada para un mayor agarre y una estimulaci\u00f3n precisa del cl\u00edtoris<\/p>\n<p>- Elegante base de ABS plateado protagonizada por un elegante bot\u00f3n de control con impresi\u00f3n en rosa<\/p>\n<p>- La funci\u00f3n recargable potencia tu placer, \u00a1sin necesidad de pilas!<\/p>\n<p>- Tama\u00f1o de bolsillo de 3,5 pulgadas para llegar al cl\u00edmax en cualquier ocasi\u00f3n<\/p>","protected":false},"featured_media":6554,"comment_status":"open","ping_status":"closed","template":"","meta":{"_seopress_robots_primary_cat":"none","_seopress_titles_title":"","_seopress_titles_desc":"","_seopress_robots_index":""},"product_brand":[],"product_cat":[15,133,115],"product_tag":[189,139,188,186,187,161],"class_list":{"0":"post-6550","1":"product","2":"type-product","3":"status-publish","4":"has-post-thumbnail","6":"product_cat-all-products","7":"product_cat-sex-toys","8":"product_cat-vibrators","9":"product_tag-all","10":"product_tag-bullet-vibrators","11":"product_tag-couples","12":"product_tag-female","13":"product_tag-male","14":"product_tag-rechargeable","15":"pa_color-green","17":"first","18":"instock","19":"taxable","20":"shipping-taxable","21":"purchasable","22":"product-type-variable","23":"wvs-archive-product-wrapper"},"acf":[],"_links":{"self":[{"href":"https:\/\/tucbo.com\/es\/wp-json\/wp\/v2\/product\/6550","targetHints":{"allow":["GET"]}}],"collection":[{"href":"https:\/\/tucbo.com\/es\/wp-json\/wp\/v2\/product"}],"about":[{"href":"https:\/\/tucbo.com\/es\/wp-json\/wp\/v2\/types\/product"}],"replies":[{"embeddable":true,"href":"https:\/\/tucbo.com\/es\/wp-json\/wp\/v2\/comments?post=6550"}],"wp:featuredmedia":[{"embeddable":true,"href":"https:\/\/tucbo.com\/es\/wp-json\/wp\/v2\/media\/6554"}],"wp:attachment":[{"href":"https:\/\/tucbo.com\/es\/wp-json\/wp\/v2\/media?parent=6550"}],"wp:term":[{"taxonomy":"product_brand","embeddable":true,"href":"https:\/\/tucbo.com\/es\/wp-json\/wp\/v2\/product_brand?post=6550"},{"taxonomy":"product_cat","embeddable":true,"href":"https:\/\/tucbo.com\/es\/wp-json\/wp\/v2\/product_cat?post=6550"},{"taxonomy":"product_tag","embeddable":true,"href":"https:\/\/tucbo.com\/es\/wp-json\/wp\/v2\/product_tag?post=6550"}],"curies":[{"name":"wp","href":"https:\/\/api.w.org\/{rel}","templated":true}]}}