{"id":6543,"date":"2025-07-02T23:00:24","date_gmt":"2025-07-02T15:00:24","guid":{"rendered":"https:\/\/tucbo.com\/?post_type=product&#038;p=6543"},"modified":"2025-08-08T21:06:54","modified_gmt":"2025-08-08T13:06:54","slug":"mon-amour-love-bomb-ivy-green-16-function-bullet-vibrator","status":"publish","type":"product","link":"https:\/\/tucbo.com\/es\/product\/mon-amour-love-bomb-ivy-green-16-function-bullet-vibrator\/","title":{"rendered":"Mon Amour Love Bomb Vibrador Bala 16 Funciones Ivy Green"},"content":{"rendered":"<table class=\"contacttbl\" cellspacing=\"0\">\n<tbody>\n<tr>\n<td>Color<\/td>\n<td>Verde hiedra<\/td>\n<\/tr>\n<tr>\n<td>Material<\/td>\n<td>ABS y silicona<\/td>\n<\/tr>\n<tr>\n<td>ABS y silicona<\/td>\n<td>Este producto no contiene l\u00e1tex ni ftalatos<\/td>\n<\/tr>\n<tr>\n<td>Caracter\u00edsticas<\/td>\n<td>16 patrones de vibraci\u00f3n diferentes, tama\u00f1o apto para viajes<\/td>\n<\/tr>\n<tr>\n<td>Longitud insertable<\/td>\n<td>3 pulgadas<\/td>\n<\/tr>\n<tr>\n<td>Longitud total<\/td>\n<td>4,6 pulgadas<\/td>\n<\/tr>\n<tr>\n<td>Di\u00e1metro<\/td>\n<td>1,25 pulgadas<\/td>\n<\/tr>\n<tr>\n<td>Potencia<\/td>\n<td>Recargable por USB<\/td>\n<\/tr>\n<\/tbody>\n<\/table>","protected":false},"excerpt":{"rendered":"<p>- Lujoso vibrador de bolsillo que pone el placer al alcance de tu mano<\/p>\n<p>- La punta suave y puntiaguda se dirige a tu cl\u00edtoris con 16 intensidades y patrones<\/p>\n<p>- Tama\u00f1o discreto con carga USB de viaje para jugar de forma r\u00e1pida y c\u00f3moda<\/p>\n<p>- Silicona segura para el cuerpo, suave como el terciopelo y con un rico acabado en tono joya<\/p>","protected":false},"featured_media":6546,"comment_status":"open","ping_status":"closed","template":"","meta":{"_seopress_robots_primary_cat":"none","_seopress_titles_title":"","_seopress_titles_desc":"","_seopress_robots_index":""},"product_brand":[],"product_cat":[15,133,115],"product_tag":[189,139,188,186,187,161],"class_list":{"0":"post-6543","1":"product","2":"type-product","3":"status-publish","4":"has-post-thumbnail","6":"product_cat-all-products","7":"product_cat-sex-toys","8":"product_cat-vibrators","9":"product_tag-all","10":"product_tag-bullet-vibrators","11":"product_tag-couples","12":"product_tag-female","13":"product_tag-male","14":"product_tag-rechargeable","15":"pa_color-green","17":"first","18":"instock","19":"taxable","20":"shipping-taxable","21":"purchasable","22":"product-type-variable","23":"wvs-archive-product-wrapper"},"acf":[],"_links":{"self":[{"href":"https:\/\/tucbo.com\/es\/wp-json\/wp\/v2\/product\/6543","targetHints":{"allow":["GET"]}}],"collection":[{"href":"https:\/\/tucbo.com\/es\/wp-json\/wp\/v2\/product"}],"about":[{"href":"https:\/\/tucbo.com\/es\/wp-json\/wp\/v2\/types\/product"}],"replies":[{"embeddable":true,"href":"https:\/\/tucbo.com\/es\/wp-json\/wp\/v2\/comments?post=6543"}],"wp:featuredmedia":[{"embeddable":true,"href":"https:\/\/tucbo.com\/es\/wp-json\/wp\/v2\/media\/6546"}],"wp:attachment":[{"href":"https:\/\/tucbo.com\/es\/wp-json\/wp\/v2\/media?parent=6543"}],"wp:term":[{"taxonomy":"product_brand","embeddable":true,"href":"https:\/\/tucbo.com\/es\/wp-json\/wp\/v2\/product_brand?post=6543"},{"taxonomy":"product_cat","embeddable":true,"href":"https:\/\/tucbo.com\/es\/wp-json\/wp\/v2\/product_cat?post=6543"},{"taxonomy":"product_tag","embeddable":true,"href":"https:\/\/tucbo.com\/es\/wp-json\/wp\/v2\/product_tag?post=6543"}],"curies":[{"name":"wp","href":"https:\/\/api.w.org\/{rel}","templated":true}]}}