{"id":6521,"date":"2025-06-28T09:37:01","date_gmt":"2025-06-28T01:37:01","guid":{"rendered":"https:\/\/tucbo.com\/?post_type=product&#038;p=6521"},"modified":"2025-08-08T21:08:17","modified_gmt":"2025-08-08T13:08:17","slug":"vibrador-de-bala-de-punta-verde-de-unbe-leaf-able-mint","status":"publish","type":"product","link":"https:\/\/tucbo.com\/es\/product\/vibrador-de-bala-de-punta-verde-de-unbe-leaf-able-mint\/","title":{"rendered":"Vibrador bala verde menta sin hojas"},"content":{"rendered":"<table class=\"contacttbl\" cellspacing=\"0\">\n<tbody>\n<tr>\n<td>Color<\/td>\n<td>Verde menta<\/td>\n<\/tr>\n<tr>\n<td>Material<\/td>\n<td>Silicona<\/td>\n<\/tr>\n<tr>\n<td>Caracter\u00edsticas<\/td>\n<td>Fuertes vibraciones con numerosas velocidades y patrones para elegir. Para usar en el pez\u00f3n o el cl\u00edtoris. Ideal para llevar en el bolso por su reducido tama\u00f1o. Resistente al agua y recargable.<\/td>\n<\/tr>\n<tr>\n<td>Longitud total<\/td>\n<td>5 pulgadas<\/td>\n<\/tr>\n<tr>\n<td>Di\u00e1metro<\/td>\n<td>1,25 pulgadas<\/td>\n<\/tr>\n<tr>\n<td>\u00bfImpermeable?<\/td>\n<td>S\u00ed<\/td>\n<\/tr>\n<tr>\n<td>Potencia<\/td>\n<td>Recargable por USB<\/td>\n<\/tr>\n<\/tbody>\n<\/table>","protected":false},"excerpt":{"rendered":"<p>- Disfruta de tu lado m\u00e1s natural con este frondoso pero encantador vibrador en forma de bala.<\/p>\n<p>- 10 modos para que tu O vaya de lento y sensual a estremecedoramente intenso<\/p>\n<p>- Ll\u00e9velo en su bolso como el compa\u00f1ero de viaje perfecto para cuando y donde lo necesite<\/p>\n<p>- Totalmente recargable e impermeable para divertirse en la ducha<\/p>","protected":false},"featured_media":6525,"comment_status":"open","ping_status":"closed","template":"","meta":{"_seopress_robots_primary_cat":"none","_seopress_titles_title":"","_seopress_titles_desc":"","_seopress_robots_index":""},"product_brand":[],"product_cat":[15,133,115],"product_tag":[189,139,188,186,161],"class_list":{"0":"post-6521","1":"product","2":"type-product","3":"status-publish","4":"has-post-thumbnail","6":"product_cat-all-products","7":"product_cat-sex-toys","8":"product_cat-vibrators","9":"product_tag-all","10":"product_tag-bullet-vibrators","11":"product_tag-couples","12":"product_tag-female","13":"product_tag-rechargeable","14":"pa_color-green","16":"first","17":"instock","18":"taxable","19":"shipping-taxable","20":"purchasable","21":"product-type-variable","22":"wvs-archive-product-wrapper"},"acf":[],"_links":{"self":[{"href":"https:\/\/tucbo.com\/es\/wp-json\/wp\/v2\/product\/6521","targetHints":{"allow":["GET"]}}],"collection":[{"href":"https:\/\/tucbo.com\/es\/wp-json\/wp\/v2\/product"}],"about":[{"href":"https:\/\/tucbo.com\/es\/wp-json\/wp\/v2\/types\/product"}],"replies":[{"embeddable":true,"href":"https:\/\/tucbo.com\/es\/wp-json\/wp\/v2\/comments?post=6521"}],"wp:featuredmedia":[{"embeddable":true,"href":"https:\/\/tucbo.com\/es\/wp-json\/wp\/v2\/media\/6525"}],"wp:attachment":[{"href":"https:\/\/tucbo.com\/es\/wp-json\/wp\/v2\/media?parent=6521"}],"wp:term":[{"taxonomy":"product_brand","embeddable":true,"href":"https:\/\/tucbo.com\/es\/wp-json\/wp\/v2\/product_brand?post=6521"},{"taxonomy":"product_cat","embeddable":true,"href":"https:\/\/tucbo.com\/es\/wp-json\/wp\/v2\/product_cat?post=6521"},{"taxonomy":"product_tag","embeddable":true,"href":"https:\/\/tucbo.com\/es\/wp-json\/wp\/v2\/product_tag?post=6521"}],"curies":[{"name":"wp","href":"https:\/\/api.w.org\/{rel}","templated":true}]}}