{"id":6505,"date":"2025-06-28T09:13:20","date_gmt":"2025-06-28T01:13:20","guid":{"rendered":"https:\/\/tucbo.com\/?post_type=product&#038;p=6505"},"modified":"2025-08-15T15:06:27","modified_gmt":"2025-08-15T07:06:27","slug":"juego-de-mangas-de-silicona-moradas-trio","status":"publish","type":"product","link":"https:\/\/tucbo.com\/es\/product\/juego-de-mangas-de-silicona-moradas-trio\/","title":{"rendered":"Juego de Silicona Tr\u00edo Morado Bala y Manguito"},"content":{"rendered":"<table class=\"contacttbl\" cellspacing=\"0\">\n<tbody>\n<tr>\n<td>Color<\/td>\n<td>Morado<\/td>\n<\/tr>\n<tr>\n<td>Material<\/td>\n<td>Silicona<\/td>\n<\/tr>\n<tr>\n<td>Caracter\u00edsticas<\/td>\n<td>Mini bala multimangas con 3 cabezales diferentes de estimulaci\u00f3n del cl\u00edtoris y 10 modos de vibraci\u00f3n para un placer extra<\/td>\n<\/tr>\n<tr>\n<td>Longitud total<\/td>\n<td>3,5 pulgadas<\/td>\n<\/tr>\n<tr>\n<td>Di\u00e1metro<\/td>\n<td>0,8 pulgadas<\/td>\n<\/tr>\n<tr>\n<td>\u00bfImpermeable?<\/td>\n<td>S\u00ed<\/td>\n<\/tr>\n<tr>\n<td>Potencia<\/td>\n<td>USB recargable<\/td>\n<\/tr>\n<\/tbody>\n<\/table>","protected":false},"excerpt":{"rendered":"<p>- La bala 3 en 1 viene con una funda de cuentas y un topper de cl\u00edtoris con orejas de conejo<\/p>\n<p>- Potentes vibraciones que proporcionan placer con 10 velocidades y patrones<\/p>\n<p>- La bala impermeable recargable por USB est\u00e1 lista para retumbar donde surja el deseo<\/p>","protected":false},"featured_media":6508,"comment_status":"open","ping_status":"closed","template":"","meta":{"_seopress_robots_primary_cat":"none","_seopress_titles_title":"","_seopress_titles_desc":"","_seopress_robots_index":""},"product_brand":[],"product_cat":[15,133,115],"product_tag":[189,139,141,188,186,187,161],"class_list":{"0":"post-6505","1":"product","2":"type-product","3":"status-publish","4":"has-post-thumbnail","6":"product_cat-all-products","7":"product_cat-sex-toys","8":"product_cat-vibrators","9":"product_tag-all","10":"product_tag-bullet-vibrators","11":"product_tag-classic-vibrators","12":"product_tag-couples","13":"product_tag-female","14":"product_tag-male","15":"product_tag-rechargeable","16":"pa_color-purple","18":"first","19":"instock","20":"taxable","21":"shipping-taxable","22":"purchasable","23":"product-type-variable","24":"wvs-archive-product-wrapper"},"acf":[],"_links":{"self":[{"href":"https:\/\/tucbo.com\/es\/wp-json\/wp\/v2\/product\/6505","targetHints":{"allow":["GET"]}}],"collection":[{"href":"https:\/\/tucbo.com\/es\/wp-json\/wp\/v2\/product"}],"about":[{"href":"https:\/\/tucbo.com\/es\/wp-json\/wp\/v2\/types\/product"}],"replies":[{"embeddable":true,"href":"https:\/\/tucbo.com\/es\/wp-json\/wp\/v2\/comments?post=6505"}],"wp:featuredmedia":[{"embeddable":true,"href":"https:\/\/tucbo.com\/es\/wp-json\/wp\/v2\/media\/6508"}],"wp:attachment":[{"href":"https:\/\/tucbo.com\/es\/wp-json\/wp\/v2\/media?parent=6505"}],"wp:term":[{"taxonomy":"product_brand","embeddable":true,"href":"https:\/\/tucbo.com\/es\/wp-json\/wp\/v2\/product_brand?post=6505"},{"taxonomy":"product_cat","embeddable":true,"href":"https:\/\/tucbo.com\/es\/wp-json\/wp\/v2\/product_cat?post=6505"},{"taxonomy":"product_tag","embeddable":true,"href":"https:\/\/tucbo.com\/es\/wp-json\/wp\/v2\/product_tag?post=6505"}],"curies":[{"name":"wp","href":"https:\/\/api.w.org\/{rel}","templated":true}]}}