{"id":6497,"date":"2025-06-26T23:43:00","date_gmt":"2025-06-26T15:43:00","guid":{"rendered":"https:\/\/tucbo.com\/?post_type=product&#038;p=6497"},"modified":"2025-08-08T21:09:31","modified_gmt":"2025-08-08T13:09:31","slug":"swift-pink-metal-rechargeable-bullet-vibrator","status":"publish","type":"product","link":"https:\/\/tucbo.com\/es\/product\/swift-pink-metal-rechargeable-bullet-vibrator\/","title":{"rendered":"Swift Vibrador Bala Recargable de Metal Rosa"},"content":{"rendered":"<table class=\"contacttbl\" cellspacing=\"0\">\n<tbody>\n<tr>\n<td>Color<\/td>\n<td>Rosa<\/td>\n<\/tr>\n<tr>\n<td>Material<\/td>\n<td>Metal<\/td>\n<\/tr>\n<tr>\n<td>ABS y silicona<\/td>\n<td>Este producto no contiene l\u00e1tex ni ftalatos<\/td>\n<\/tr>\n<tr>\n<td>Caracter\u00edsticas<\/td>\n<td>10 potentes ajustes de vibraci\u00f3n, bot\u00f3n f\u00e1cil de usar, dise\u00f1o suave para una estimulaci\u00f3n externa definitiva.<\/td>\n<\/tr>\n<tr>\n<td>Longitud<\/td>\n<td>3 pulgadas<\/td>\n<\/tr>\n<tr>\n<td>Di\u00e1metro<\/td>\n<td>0,5 pulgadas<\/td>\n<\/tr>\n<tr>\n<td>Impermeable<\/td>\n<td>S\u00ed<\/td>\n<\/tr>\n<tr>\n<td>Potencia<\/td>\n<td>Recargable<\/td>\n<\/tr>\n<\/tbody>\n<\/table>","protected":false},"excerpt":{"rendered":"<p>- La bala rosa combina estilo y sustancia para un placer supersatisfactorio<\/p>\n<p>- D\u00e9jate seducir y emocionar por los 10 modos de vibraci\u00f3n que hacen vibrar los dedos de los pies<\/p>\n<p>- La potente bater\u00eda recargable te lleva al orgasmo noche tras noche<\/p>","protected":false},"featured_media":6501,"comment_status":"open","ping_status":"closed","template":"","meta":{"_seopress_robots_primary_cat":"none","_seopress_titles_title":"","_seopress_titles_desc":"","_seopress_robots_index":""},"product_brand":[],"product_cat":[15,133,115],"product_tag":[189,139,188,186,187,161],"class_list":{"0":"post-6497","1":"product","2":"type-product","3":"status-publish","4":"has-post-thumbnail","6":"product_cat-all-products","7":"product_cat-sex-toys","8":"product_cat-vibrators","9":"product_tag-all","10":"product_tag-bullet-vibrators","11":"product_tag-couples","12":"product_tag-female","13":"product_tag-male","14":"product_tag-rechargeable","15":"pa_color-pink","17":"first","18":"instock","19":"taxable","20":"shipping-taxable","21":"purchasable","22":"product-type-variable","23":"wvs-archive-product-wrapper"},"acf":[],"_links":{"self":[{"href":"https:\/\/tucbo.com\/es\/wp-json\/wp\/v2\/product\/6497","targetHints":{"allow":["GET"]}}],"collection":[{"href":"https:\/\/tucbo.com\/es\/wp-json\/wp\/v2\/product"}],"about":[{"href":"https:\/\/tucbo.com\/es\/wp-json\/wp\/v2\/types\/product"}],"replies":[{"embeddable":true,"href":"https:\/\/tucbo.com\/es\/wp-json\/wp\/v2\/comments?post=6497"}],"wp:featuredmedia":[{"embeddable":true,"href":"https:\/\/tucbo.com\/es\/wp-json\/wp\/v2\/media\/6501"}],"wp:attachment":[{"href":"https:\/\/tucbo.com\/es\/wp-json\/wp\/v2\/media?parent=6497"}],"wp:term":[{"taxonomy":"product_brand","embeddable":true,"href":"https:\/\/tucbo.com\/es\/wp-json\/wp\/v2\/product_brand?post=6497"},{"taxonomy":"product_cat","embeddable":true,"href":"https:\/\/tucbo.com\/es\/wp-json\/wp\/v2\/product_cat?post=6497"},{"taxonomy":"product_tag","embeddable":true,"href":"https:\/\/tucbo.com\/es\/wp-json\/wp\/v2\/product_tag?post=6497"}],"curies":[{"name":"wp","href":"https:\/\/api.w.org\/{rel}","templated":true}]}}