{"id":6489,"date":"2025-06-26T23:39:18","date_gmt":"2025-06-26T15:39:18","guid":{"rendered":"https:\/\/tucbo.com\/?post_type=product&#038;p=6489"},"modified":"2025-08-08T21:09:55","modified_gmt":"2025-08-08T13:09:55","slug":"tucbo-clit-rider-negro-vibe-bullet-recargable-10-funciones","status":"publish","type":"product","link":"https:\/\/tucbo.com\/es\/product\/tucbo-clit-rider-negro-vibe-bullet-recargable-10-funciones\/","title":{"rendered":"Tucbo Clit-Rider Vibrador Bala Recargable 10 Funciones Negro"},"content":{"rendered":"<table class=\"contacttbl\" cellspacing=\"0\">\n<tbody>\n<tr>\n<td>Color<\/td>\n<td>Negro<\/td>\n<\/tr>\n<tr>\n<td>Material<\/td>\n<td>Pl\u00e1stico ABS<\/td>\n<\/tr>\n<tr>\n<td>Caracter\u00edsticas<\/td>\n<td>10 potentes ajustes de vibraci\u00f3n, extremo puntiagudo para una estimulaci\u00f3n externa precisa<\/td>\n<\/tr>\n<tr>\n<td>Longitud<\/td>\n<td>3,5 pulgadas<\/td>\n<\/tr>\n<tr>\n<td>Di\u00e1metro<\/td>\n<td>0,5 pulgadas<\/td>\n<\/tr>\n<tr>\n<td>Impermeable<\/td>\n<td>S\u00ed<\/td>\n<\/tr>\n<tr>\n<td>Potencia<\/td>\n<td>Recargable<\/td>\n<\/tr>\n<tr>\n<td>Phthalates and latex free<\/td>\n<td>S\u00ed<\/td>\n<\/tr>\n<\/tbody>\n<\/table>","protected":false},"excerpt":{"rendered":"<p>- Peque\u00f1o en tama\u00f1o, grande en placer Da en el clavo con este vibrador de bolsillo<\/p>\n<p>- Descubre 10 modos de vibraci\u00f3n que te llevar\u00e1n hasta el cl\u00edmax<\/p>\n<p>- Bater\u00eda recargable por USB con un elegante acabado negro mate<\/p>\n<p>- Su dise\u00f1o impermeable te permite jugar en la ba\u00f1era o en la ducha<\/p>","protected":false},"featured_media":6493,"comment_status":"open","ping_status":"closed","template":"","meta":{"_seopress_robots_primary_cat":"none","_seopress_titles_title":"","_seopress_titles_desc":"","_seopress_robots_index":""},"product_brand":[],"product_cat":[15,133,115],"product_tag":[189,139,188,186,187,161],"class_list":{"0":"post-6489","1":"product","2":"type-product","3":"status-publish","4":"has-post-thumbnail","6":"product_cat-all-products","7":"product_cat-sex-toys","8":"product_cat-vibrators","9":"product_tag-all","10":"product_tag-bullet-vibrators","11":"product_tag-couples","12":"product_tag-female","13":"product_tag-male","14":"product_tag-rechargeable","15":"pa_color-black","17":"first","18":"instock","19":"taxable","20":"shipping-taxable","21":"purchasable","22":"product-type-variable","23":"wvs-archive-product-wrapper"},"acf":[],"_links":{"self":[{"href":"https:\/\/tucbo.com\/es\/wp-json\/wp\/v2\/product\/6489","targetHints":{"allow":["GET"]}}],"collection":[{"href":"https:\/\/tucbo.com\/es\/wp-json\/wp\/v2\/product"}],"about":[{"href":"https:\/\/tucbo.com\/es\/wp-json\/wp\/v2\/types\/product"}],"replies":[{"embeddable":true,"href":"https:\/\/tucbo.com\/es\/wp-json\/wp\/v2\/comments?post=6489"}],"wp:featuredmedia":[{"embeddable":true,"href":"https:\/\/tucbo.com\/es\/wp-json\/wp\/v2\/media\/6493"}],"wp:attachment":[{"href":"https:\/\/tucbo.com\/es\/wp-json\/wp\/v2\/media?parent=6489"}],"wp:term":[{"taxonomy":"product_brand","embeddable":true,"href":"https:\/\/tucbo.com\/es\/wp-json\/wp\/v2\/product_brand?post=6489"},{"taxonomy":"product_cat","embeddable":true,"href":"https:\/\/tucbo.com\/es\/wp-json\/wp\/v2\/product_cat?post=6489"},{"taxonomy":"product_tag","embeddable":true,"href":"https:\/\/tucbo.com\/es\/wp-json\/wp\/v2\/product_tag?post=6489"}],"curies":[{"name":"wp","href":"https:\/\/api.w.org\/{rel}","templated":true}]}}