{"id":6473,"date":"2025-06-26T23:25:55","date_gmt":"2025-06-26T15:25:55","guid":{"rendered":"https:\/\/tucbo.com\/?post_type=product&#038;p=6473"},"modified":"2025-07-31T21:35:09","modified_gmt":"2025-07-31T13:35:09","slug":"we-vibe-tango-x-azul-8-funciones-bomba-vibrador-recargable","status":"publish","type":"product","link":"https:\/\/tucbo.com\/es\/product\/we-vibe-tango-x-azul-8-funciones-bomba-vibrador-recargable\/","title":{"rendered":"We-Vibe Tango X Azul Vibrador Bala Recargable 8 Funciones"},"content":{"rendered":"<table class=\"contacttbl\" cellspacing=\"0\">\n<tbody>\n<tr>\n<td>Color<\/td>\n<td>Azul<\/td>\n<\/tr>\n<tr>\n<td>Material<\/td>\n<td>Silicona y ABS<\/td>\n<\/tr>\n<tr>\n<td>Caracter\u00edsticas<\/td>\n<td>8 patrones con punta en \u00e1ngulo para una estimulaci\u00f3n precisa<\/td>\n<\/tr>\n<tr>\n<td>Longitud total<\/td>\n<td>3,5 pulgadas<\/td>\n<\/tr>\n<tr>\n<td>Di\u00e1metro<\/td>\n<td>0.32<\/td>\n<\/tr>\n<tr>\n<td>\u00bfImpermeable?<\/td>\n<td>S\u00ed<\/td>\n<\/tr>\n<tr>\n<td>Potencia<\/td>\n<td>Recargable<\/td>\n<\/tr>\n<\/tbody>\n<\/table>","protected":false},"excerpt":{"rendered":"<p>- Bala casi silenciosa que te deja sin aliento con vibraciones potentes y roncas<\/p>\n<p>- Explora ocho intensidades y ritmos silenciosos como un susurro, desde el modo \u00abpulso\u00bb hasta el modo \u00ablatido\u00bb.<\/p>\n<p>- F\u00e1cil de manejar; la suave empu\u00f1adura de silicona y la punta en \u00e1ngulo proporcionan una estimulaci\u00f3n firme y precisa<\/p>\n<p>- 100% resistente al agua y recargable para un placer c\u00f3modo y sin preocupaciones<\/p>\n<p>- Dise\u00f1o discreto con un pr\u00e1ctico cierre de viaje para orgasmos en la carretera<\/p>\n<p>- Registre su compra en We-Vibe para obtener una garant\u00eda de 2 a\u00f1os<\/p>","protected":false},"featured_media":6476,"comment_status":"open","ping_status":"closed","template":"","meta":{"_seopress_robots_primary_cat":"none","_seopress_titles_title":"","_seopress_titles_desc":"","_seopress_robots_index":""},"product_brand":[],"product_cat":[15,133,115],"product_tag":[139,188,186,187,161],"class_list":{"0":"post-6473","1":"product","2":"type-product","3":"status-publish","4":"has-post-thumbnail","6":"product_cat-all-products","7":"product_cat-sex-toys","8":"product_cat-vibrators","9":"product_tag-bullet-vibrators","10":"product_tag-couples","11":"product_tag-female","12":"product_tag-male","13":"product_tag-rechargeable","14":"pa_color-blue","16":"first","17":"instock","18":"taxable","19":"shipping-taxable","20":"purchasable","21":"product-type-variable","22":"wvs-archive-product-wrapper"},"acf":[],"_links":{"self":[{"href":"https:\/\/tucbo.com\/es\/wp-json\/wp\/v2\/product\/6473","targetHints":{"allow":["GET"]}}],"collection":[{"href":"https:\/\/tucbo.com\/es\/wp-json\/wp\/v2\/product"}],"about":[{"href":"https:\/\/tucbo.com\/es\/wp-json\/wp\/v2\/types\/product"}],"replies":[{"embeddable":true,"href":"https:\/\/tucbo.com\/es\/wp-json\/wp\/v2\/comments?post=6473"}],"wp:featuredmedia":[{"embeddable":true,"href":"https:\/\/tucbo.com\/es\/wp-json\/wp\/v2\/media\/6476"}],"wp:attachment":[{"href":"https:\/\/tucbo.com\/es\/wp-json\/wp\/v2\/media?parent=6473"}],"wp:term":[{"taxonomy":"product_brand","embeddable":true,"href":"https:\/\/tucbo.com\/es\/wp-json\/wp\/v2\/product_brand?post=6473"},{"taxonomy":"product_cat","embeddable":true,"href":"https:\/\/tucbo.com\/es\/wp-json\/wp\/v2\/product_cat?post=6473"},{"taxonomy":"product_tag","embeddable":true,"href":"https:\/\/tucbo.com\/es\/wp-json\/wp\/v2\/product_tag?post=6473"}],"curies":[{"name":"wp","href":"https:\/\/api.w.org\/{rel}","templated":true}]}}