{"id":6438,"date":"2025-06-26T01:48:19","date_gmt":"2025-06-25T17:48:19","guid":{"rendered":"https:\/\/tucbo.com\/?post_type=product&#038;p=6438"},"modified":"2025-08-08T21:13:35","modified_gmt":"2025-08-08T13:13:35","slug":"cosmopolitan-negro-recargable-lcd-bullet-vibrador","status":"publish","type":"product","link":"https:\/\/tucbo.com\/es\/product\/cosmopolitan-negro-recargable-lcd-bullet-vibrador\/","title":{"rendered":"Cosmopolitan Vibrador Bala LCD Recargable Negro"},"content":{"rendered":"<table class=\"contacttbl\" cellspacing=\"0\">\n<tbody>\n<tr>\n<td>Color<\/td>\n<td>Negro<\/td>\n<\/tr>\n<tr>\n<td>Material<\/td>\n<td>ABS<\/td>\n<\/tr>\n<tr>\n<td>Caracter\u00edsticas<\/td>\n<td>9 ajustes de vibraci\u00f3n. La pantalla LCD muestra el estado de la bater\u00eda y el ajuste seleccionado. Forma discreta de l\u00e1piz labial y tama\u00f1o compacto.<\/td>\n<\/tr>\n<tr>\n<td>Longitud total<\/td>\n<td>3,75 pulgadas<\/td>\n<\/tr>\n<tr>\n<td>Di\u00e1metro<\/td>\n<td>1 pulgada<\/td>\n<\/tr>\n<tr>\n<td>\u00bfImpermeable?<\/td>\n<td>A prueba de salpicaduras<\/td>\n<\/tr>\n<tr>\n<td>Potencia<\/td>\n<td>USB magn\u00e9tico recargable<\/td>\n<\/tr>\n<\/tbody>\n<\/table>","protected":false},"excerpt":{"rendered":"<p>- Discreto y elegante vibrador con forma de pintalabios que te tentar\u00e1 al placer<\/p>\n<p>- Elige entre 9 modos de vibraci\u00f3n para estimular tu cl\u00edtoris<\/p>\n<p>- Un discreto dise\u00f1o de 3,75 pulgadas con un estuche de pintalabios para divertirse sobre la marcha<\/p>\n<p>- Pantalla LCD para controlar la duraci\u00f3n de la bater\u00eda y los ajustes, y recargable para m\u00e1s diversi\u00f3n en solitario<\/p>","protected":false},"featured_media":6441,"comment_status":"open","ping_status":"closed","template":"","meta":{"_seopress_robots_primary_cat":"none","_seopress_titles_title":"","_seopress_titles_desc":"","_seopress_robots_index":""},"product_brand":[],"product_cat":[15,133,115],"product_tag":[189,139,186,161],"class_list":{"0":"post-6438","1":"product","2":"type-product","3":"status-publish","4":"has-post-thumbnail","6":"product_cat-all-products","7":"product_cat-sex-toys","8":"product_cat-vibrators","9":"product_tag-all","10":"product_tag-bullet-vibrators","11":"product_tag-female","12":"product_tag-rechargeable","13":"pa_color-black","15":"first","16":"instock","17":"taxable","18":"shipping-taxable","19":"purchasable","20":"product-type-variable","21":"wvs-archive-product-wrapper"},"acf":[],"_links":{"self":[{"href":"https:\/\/tucbo.com\/es\/wp-json\/wp\/v2\/product\/6438","targetHints":{"allow":["GET"]}}],"collection":[{"href":"https:\/\/tucbo.com\/es\/wp-json\/wp\/v2\/product"}],"about":[{"href":"https:\/\/tucbo.com\/es\/wp-json\/wp\/v2\/types\/product"}],"replies":[{"embeddable":true,"href":"https:\/\/tucbo.com\/es\/wp-json\/wp\/v2\/comments?post=6438"}],"wp:featuredmedia":[{"embeddable":true,"href":"https:\/\/tucbo.com\/es\/wp-json\/wp\/v2\/media\/6441"}],"wp:attachment":[{"href":"https:\/\/tucbo.com\/es\/wp-json\/wp\/v2\/media?parent=6438"}],"wp:term":[{"taxonomy":"product_brand","embeddable":true,"href":"https:\/\/tucbo.com\/es\/wp-json\/wp\/v2\/product_brand?post=6438"},{"taxonomy":"product_cat","embeddable":true,"href":"https:\/\/tucbo.com\/es\/wp-json\/wp\/v2\/product_cat?post=6438"},{"taxonomy":"product_tag","embeddable":true,"href":"https:\/\/tucbo.com\/es\/wp-json\/wp\/v2\/product_tag?post=6438"}],"curies":[{"name":"wp","href":"https:\/\/api.w.org\/{rel}","templated":true}]}}