{"id":6410,"date":"2025-06-25T23:47:21","date_gmt":"2025-06-25T15:47:21","guid":{"rendered":"https:\/\/tucbo.com\/?post_type=product&#038;p=6410"},"modified":"2025-08-08T21:15:16","modified_gmt":"2025-08-08T13:15:16","slug":"o-glow-black-rechargeable-bullet-vibrator","status":"publish","type":"product","link":"https:\/\/tucbo.com\/es\/product\/o-glow-black-rechargeable-bullet-vibrator\/","title":{"rendered":"O-Glow Vibrador Bala Recargable Negro"},"content":{"rendered":"<table class=\"contacttbl\" cellspacing=\"0\">\n<tbody>\n<tr>\n<td>Color<\/td>\n<td>Negro<\/td>\n<\/tr>\n<tr>\n<td>Material<\/td>\n<td>ABS recubierto de PU<\/td>\n<\/tr>\n<tr>\n<td>Destacados<\/td>\n<td>Punta c\u00f3nica para una estimulaci\u00f3n precisa con 20 ajustes de vibraci\u00f3n<\/td>\n<\/tr>\n<tr>\n<td>Longitud total<\/td>\n<td>4 pulgadas<\/td>\n<\/tr>\n<tr>\n<td>Di\u00e1metro<\/td>\n<td>1 pulgada<\/td>\n<\/tr>\n<tr>\n<td>Potencia<\/td>\n<td>Recargable<\/td>\n<\/tr>\n<tr>\n<td>\u00bfImpermeable?<\/td>\n<td>S\u00ed<\/td>\n<\/tr>\n<\/tbody>\n<\/table>","protected":false},"excerpt":{"rendered":"<p>- \u00a1Thundering bullet vibe har\u00e1 que alcances el cl\u00edmax a punto de correrte!<\/p>\n<p>- Experimenta 20 intensidades de estruendo y patrones de vibraci\u00f3n<\/p>\n<p>- La punta en \u00e1ngulo estremece tu cl\u00edtoris para una estimulaci\u00f3n firme y suave en un acabado negro mate<\/p>\n<p>- Ultradiscreta, recargable y resistente al agua para un placer instant\u00e1neo y sin preocupaciones<\/p>","protected":false},"featured_media":6413,"comment_status":"open","ping_status":"closed","template":"","meta":{"_seopress_robots_primary_cat":"none","_seopress_titles_title":"","_seopress_titles_desc":"","_seopress_robots_index":""},"product_brand":[],"product_cat":[15,133,115],"product_tag":[189,139,186,161],"class_list":{"0":"post-6410","1":"product","2":"type-product","3":"status-publish","4":"has-post-thumbnail","6":"product_cat-all-products","7":"product_cat-sex-toys","8":"product_cat-vibrators","9":"product_tag-all","10":"product_tag-bullet-vibrators","11":"product_tag-female","12":"product_tag-rechargeable","13":"pa_color-black","15":"first","16":"instock","17":"taxable","18":"shipping-taxable","19":"purchasable","20":"product-type-variable","21":"wvs-archive-product-wrapper"},"acf":[],"_links":{"self":[{"href":"https:\/\/tucbo.com\/es\/wp-json\/wp\/v2\/product\/6410","targetHints":{"allow":["GET"]}}],"collection":[{"href":"https:\/\/tucbo.com\/es\/wp-json\/wp\/v2\/product"}],"about":[{"href":"https:\/\/tucbo.com\/es\/wp-json\/wp\/v2\/types\/product"}],"replies":[{"embeddable":true,"href":"https:\/\/tucbo.com\/es\/wp-json\/wp\/v2\/comments?post=6410"}],"wp:featuredmedia":[{"embeddable":true,"href":"https:\/\/tucbo.com\/es\/wp-json\/wp\/v2\/media\/6413"}],"wp:attachment":[{"href":"https:\/\/tucbo.com\/es\/wp-json\/wp\/v2\/media?parent=6410"}],"wp:term":[{"taxonomy":"product_brand","embeddable":true,"href":"https:\/\/tucbo.com\/es\/wp-json\/wp\/v2\/product_brand?post=6410"},{"taxonomy":"product_cat","embeddable":true,"href":"https:\/\/tucbo.com\/es\/wp-json\/wp\/v2\/product_cat?post=6410"},{"taxonomy":"product_tag","embeddable":true,"href":"https:\/\/tucbo.com\/es\/wp-json\/wp\/v2\/product_tag?post=6410"}],"curies":[{"name":"wp","href":"https:\/\/api.w.org\/{rel}","templated":true}]}}