{"id":6385,"date":"2025-06-25T23:23:42","date_gmt":"2025-06-25T15:23:42","guid":{"rendered":"https:\/\/tucbo.com\/?post_type=product&#038;p=6385"},"modified":"2025-08-08T21:17:04","modified_gmt":"2025-08-08T13:17:04","slug":"pink-bullet-vibe","status":"publish","type":"product","link":"https:\/\/tucbo.com\/es\/product\/pink-bullet-vibe\/","title":{"rendered":"Bala rosa Vibe"},"content":{"rendered":"<table class=\"contacttbl\" cellspacing=\"0\">\n<tbody>\n<tr>\n<td>Color<\/td>\n<td>Rosa<\/td>\n<\/tr>\n<tr>\n<td>Material<\/td>\n<td>ABS<\/td>\n<\/tr>\n<tr>\n<td>Caracter\u00edsticas<\/td>\n<td>Vibraci\u00f3n \u00fanica y potente<\/td>\n<\/tr>\n<tr>\n<td>Longitud<\/td>\n<td>3,5 pulgadas<\/td>\n<\/tr>\n<tr>\n<td>Di\u00e1metro<\/td>\n<td>0,70 pulgadas<\/td>\n<\/tr>\n<tr>\n<td>\u00bfImpermeable?<\/td>\n<td>A prueba de salpicaduras<\/td>\n<\/tr>\n<tr>\n<td>Potencia<\/td>\n<td>1x Pilas AAA<\/td>\n<\/tr>\n<\/tbody>\n<\/table>","protected":false},"excerpt":{"rendered":"<p>Con sus escasas 3,5 pulgadas, el Bondara Pocket Pleasure Pink Bullet Vibe no ser\u00e1 lo m\u00e1s grande que hayas visto, pero esa es una de las cosas que m\u00e1s nos gustan de \u00e9l.<\/p>\n<p>En un precioso color rosa, esta bala tiene un acabado femenino para un vibrador discreto y juguet\u00f3n al que recurrir\u00e1s una y otra vez. Utiliza el \u00fanico bot\u00f3n de la base para activar f\u00e1cilmente las vibraciones, apoya la bala sobre tus pezones, cl\u00edtoris u otro punto de placer y alcanza un orgasmo satisfactorio.<\/p>","protected":false},"featured_media":6388,"comment_status":"open","ping_status":"closed","template":"","meta":{"_seopress_robots_primary_cat":"none","_seopress_titles_title":"","_seopress_titles_desc":"","_seopress_robots_index":""},"product_brand":[],"product_cat":[15,133,115],"product_tag":[189,163,139,188,186,187,161],"class_list":{"0":"post-6385","1":"product","2":"type-product","3":"status-publish","4":"has-post-thumbnail","6":"product_cat-all-products","7":"product_cat-sex-toys","8":"product_cat-vibrators","9":"product_tag-all","10":"product_tag-batteries","11":"product_tag-bullet-vibrators","12":"product_tag-couples","13":"product_tag-female","14":"product_tag-male","15":"product_tag-rechargeable","16":"pa_color-pink","18":"first","19":"instock","20":"taxable","21":"shipping-taxable","22":"purchasable","23":"product-type-variable","24":"wvs-archive-product-wrapper"},"acf":[],"_links":{"self":[{"href":"https:\/\/tucbo.com\/es\/wp-json\/wp\/v2\/product\/6385","targetHints":{"allow":["GET"]}}],"collection":[{"href":"https:\/\/tucbo.com\/es\/wp-json\/wp\/v2\/product"}],"about":[{"href":"https:\/\/tucbo.com\/es\/wp-json\/wp\/v2\/types\/product"}],"replies":[{"embeddable":true,"href":"https:\/\/tucbo.com\/es\/wp-json\/wp\/v2\/comments?post=6385"}],"wp:featuredmedia":[{"embeddable":true,"href":"https:\/\/tucbo.com\/es\/wp-json\/wp\/v2\/media\/6388"}],"wp:attachment":[{"href":"https:\/\/tucbo.com\/es\/wp-json\/wp\/v2\/media?parent=6385"}],"wp:term":[{"taxonomy":"product_brand","embeddable":true,"href":"https:\/\/tucbo.com\/es\/wp-json\/wp\/v2\/product_brand?post=6385"},{"taxonomy":"product_cat","embeddable":true,"href":"https:\/\/tucbo.com\/es\/wp-json\/wp\/v2\/product_cat?post=6385"},{"taxonomy":"product_tag","embeddable":true,"href":"https:\/\/tucbo.com\/es\/wp-json\/wp\/v2\/product_tag?post=6385"}],"curies":[{"name":"wp","href":"https:\/\/api.w.org\/{rel}","templated":true}]}}