{"id":6377,"date":"2025-06-25T00:15:31","date_gmt":"2025-06-24T16:15:31","guid":{"rendered":"https:\/\/tucbo.com\/?post_type=product&#038;p=6377"},"modified":"2025-08-14T22:03:26","modified_gmt":"2025-08-14T14:03:26","slug":"tucbo-good-vibes-2-in-1-bullet-and-g-spot-vibrator","status":"publish","type":"product","link":"https:\/\/tucbo.com\/es\/product\/tucbo-good-vibes-2-in-1-bullet-and-g-spot-vibrator\/","title":{"rendered":"Tucbo Good Vibes 2 en 1 Vibrador Bala y Punto G"},"content":{"rendered":"<table class=\"contacttbl\" cellspacing=\"0\">\n<tbody>\n<tr>\n<td>Color<\/td>\n<td>Rosa<\/td>\n<\/tr>\n<tr>\n<td>Material<\/td>\n<td>ABS recubierto de PU<\/td>\n<\/tr>\n<tr>\n<td>Caracter\u00edsticas<\/td>\n<td>Vibrador de doble punta para masajear el punto G y estimular el cl\u00edtoris<\/td>\n<\/tr>\n<tr>\n<td>Longitud total<\/td>\n<td>5 pulgadas<\/td>\n<\/tr>\n<tr>\n<td>Di\u00e1metro<\/td>\n<td>1 pulgada<\/td>\n<\/tr>\n<tr>\n<td>\u00bfImpermeable?<\/td>\n<td>No<\/td>\n<\/tr>\n<tr>\n<td>Potencia<\/td>\n<td>1 pila AA (no incluida)<\/td>\n<\/tr>\n<\/tbody>\n<\/table>","protected":false},"excerpt":{"rendered":"<p>- El juguete er\u00f3tico de doble punta te ofrece el doble de placer<\/p>\n<p>- La punta curvada masajea tu punto G en ABS ultrasuave<\/p>\n<p>- El extremo en \u00e1ngulo se dirige al cl\u00edtoris con una estimulaci\u00f3n firme y excitante<\/p>\n<p>- Gira la base para activar las potentes vibraciones de una sola velocidad<\/p>\n<p>- Juguete sexual de gran calidad para principiantes<\/p>","protected":false},"featured_media":6381,"comment_status":"open","ping_status":"closed","template":"","meta":{"_seopress_robots_primary_cat":"none","_seopress_titles_title":"","_seopress_titles_desc":"","_seopress_robots_index":""},"product_brand":[],"product_cat":[15,133,115],"product_tag":[189,163,139,141,186,187],"class_list":{"0":"post-6377","1":"product","2":"type-product","3":"status-publish","4":"has-post-thumbnail","6":"product_cat-all-products","7":"product_cat-sex-toys","8":"product_cat-vibrators","9":"product_tag-all","10":"product_tag-batteries","11":"product_tag-bullet-vibrators","12":"product_tag-classic-vibrators","13":"product_tag-female","14":"product_tag-male","15":"pa_color-pink","17":"first","18":"instock","19":"taxable","20":"shipping-taxable","21":"purchasable","22":"product-type-variable","23":"wvs-archive-product-wrapper"},"acf":[],"_links":{"self":[{"href":"https:\/\/tucbo.com\/es\/wp-json\/wp\/v2\/product\/6377","targetHints":{"allow":["GET"]}}],"collection":[{"href":"https:\/\/tucbo.com\/es\/wp-json\/wp\/v2\/product"}],"about":[{"href":"https:\/\/tucbo.com\/es\/wp-json\/wp\/v2\/types\/product"}],"replies":[{"embeddable":true,"href":"https:\/\/tucbo.com\/es\/wp-json\/wp\/v2\/comments?post=6377"}],"wp:featuredmedia":[{"embeddable":true,"href":"https:\/\/tucbo.com\/es\/wp-json\/wp\/v2\/media\/6381"}],"wp:attachment":[{"href":"https:\/\/tucbo.com\/es\/wp-json\/wp\/v2\/media?parent=6377"}],"wp:term":[{"taxonomy":"product_brand","embeddable":true,"href":"https:\/\/tucbo.com\/es\/wp-json\/wp\/v2\/product_brand?post=6377"},{"taxonomy":"product_cat","embeddable":true,"href":"https:\/\/tucbo.com\/es\/wp-json\/wp\/v2\/product_cat?post=6377"},{"taxonomy":"product_tag","embeddable":true,"href":"https:\/\/tucbo.com\/es\/wp-json\/wp\/v2\/product_tag?post=6377"}],"curies":[{"name":"wp","href":"https:\/\/api.w.org\/{rel}","templated":true}]}}