{"id":6362,"date":"2025-06-24T23:58:36","date_gmt":"2025-06-24T15:58:36","guid":{"rendered":"https:\/\/tucbo.com\/?post_type=product&#038;p=6362"},"modified":"2025-08-08T21:18:16","modified_gmt":"2025-08-08T13:18:16","slug":"lelo-ida-wave-coral-app-controlled-dual-stimulation-vibrator","status":"publish","type":"product","link":"https:\/\/tucbo.com\/es\/product\/lelo-ida-wave-coral-app-controlled-dual-stimulation-vibrator\/","title":{"rendered":"LELO Ida Wave Coral Vibrador de Doble Estimulaci\u00f3n Controlado por App"},"content":{"rendered":"<table class=\"contacttbl\" cellspacing=\"0\">\n<tbody>\n<tr>\n<td>Color<\/td>\n<td>Coral<\/td>\n<\/tr>\n<tr>\n<td>Material<\/td>\n<td>Silicona<\/td>\n<\/tr>\n<tr>\n<td>Caracter\u00edsticas<\/td>\n<td>Vibrador de lujo manos libres con dos motores que ofrecen el doble de potencia. Tecnolog\u00eda Wavemotion y una amplia gama de ajustes de intensidad para elegir.<\/td>\n<\/tr>\n<tr>\n<td>\u00bfImpermeable?<\/td>\n<td>S\u00ed<\/td>\n<\/tr>\n<tr>\n<td>Potencia<\/td>\n<td>Recargable por USB<\/td>\n<\/tr>\n<\/tbody>\n<\/table>","protected":false},"excerpt":{"rendered":"<p>- Del\u00e9itate con la estimulaci\u00f3n manos libres del cl\u00edtoris y el punto G gracias a este lujoso masajeador controlado por app<\/p>\n<p>- El innovador WaveMotion\u2122 del brazo acariciador proporciona caricias r\u00edtmicas centradas en el punto G<\/p>\n<p>- Los motores dobles proporcionan 10 vibraciones profundas, sincronizadas e intensamente satisfactorias<\/p>\n<p>- Totalmente resistente al agua y recargable por USB, as\u00ed que m\u00e9telo en la maleta para disfrutar de tus viajes<\/p>\n<p>- Reg\u00edstrese en LELO para obtener 1 a\u00f1o de garant\u00eda<\/p>","protected":false},"featured_media":6365,"comment_status":"open","ping_status":"closed","template":"","meta":{"_seopress_robots_primary_cat":"none","_seopress_titles_title":"","_seopress_titles_desc":"","_seopress_robots_index":""},"product_brand":[],"product_cat":[15,133,115],"product_tag":[189,138,186,161],"class_list":{"0":"post-6362","1":"product","2":"type-product","3":"status-publish","4":"has-post-thumbnail","6":"product_cat-all-products","7":"product_cat-sex-toys","8":"product_cat-vibrators","9":"product_tag-all","10":"product_tag-app-controlled-vibrators","11":"product_tag-female","12":"product_tag-rechargeable","13":"pa_color-coral","15":"first","16":"instock","17":"taxable","18":"shipping-taxable","19":"purchasable","20":"product-type-variable","21":"wvs-archive-product-wrapper"},"acf":[],"_links":{"self":[{"href":"https:\/\/tucbo.com\/es\/wp-json\/wp\/v2\/product\/6362","targetHints":{"allow":["GET"]}}],"collection":[{"href":"https:\/\/tucbo.com\/es\/wp-json\/wp\/v2\/product"}],"about":[{"href":"https:\/\/tucbo.com\/es\/wp-json\/wp\/v2\/types\/product"}],"replies":[{"embeddable":true,"href":"https:\/\/tucbo.com\/es\/wp-json\/wp\/v2\/comments?post=6362"}],"wp:featuredmedia":[{"embeddable":true,"href":"https:\/\/tucbo.com\/es\/wp-json\/wp\/v2\/media\/6365"}],"wp:attachment":[{"href":"https:\/\/tucbo.com\/es\/wp-json\/wp\/v2\/media?parent=6362"}],"wp:term":[{"taxonomy":"product_brand","embeddable":true,"href":"https:\/\/tucbo.com\/es\/wp-json\/wp\/v2\/product_brand?post=6362"},{"taxonomy":"product_cat","embeddable":true,"href":"https:\/\/tucbo.com\/es\/wp-json\/wp\/v2\/product_cat?post=6362"},{"taxonomy":"product_tag","embeddable":true,"href":"https:\/\/tucbo.com\/es\/wp-json\/wp\/v2\/product_tag?post=6362"}],"curies":[{"name":"wp","href":"https:\/\/api.w.org\/{rel}","templated":true}]}}