{"id":6354,"date":"2025-06-24T23:54:08","date_gmt":"2025-06-24T15:54:08","guid":{"rendered":"https:\/\/tucbo.com\/?post_type=product&#038;p=6354"},"modified":"2025-08-08T21:18:36","modified_gmt":"2025-08-08T13:18:36","slug":"we-vibe-sync-o-10-function-remote-app-control-couples-vibrator-2","status":"publish","type":"product","link":"https:\/\/tucbo.com\/es\/product\/we-vibe-sync-o-10-function-remote-app-control-couples-vibrator-2\/","title":{"rendered":"Vibrador para parejas We-Vibe Sync O 10 funciones con mando a distancia y aplicaci\u00f3n"},"content":{"rendered":"<table class=\"contacttbl\" cellspacing=\"0\">\n<tbody>\n<tr>\n<td>Color<\/td>\n<td>Morado<\/td>\n<\/tr>\n<tr>\n<td>Material<\/td>\n<td>Silicona<\/td>\n<\/tr>\n<tr>\n<td>Fetaures<\/td>\n<td>El exclusivo brazo interno en forma de O con bisagra ajustable mantiene el juguete en su sitio durante el sexo con penetraci\u00f3n y el juego en solitario. 10 niveles de intensidad. Control por aplicaci\u00f3n.<\/td>\n<\/tr>\n<tr>\n<td>Longitud total<\/td>\n<td>3,5 pulgadas<\/td>\n<\/tr>\n<tr>\n<td>Longitud insertable<\/td>\n<td>2,5 pulgadas<\/td>\n<\/tr>\n<tr>\n<td>Di\u00e1metro<\/td>\n<td>1,27 pulgadas<\/td>\n<\/tr>\n<tr>\n<td>\u00bfImpermeable?<\/td>\n<td>S\u00ed<\/td>\n<\/tr>\n<tr>\n<td>Potencia<\/td>\n<td>Recargable<\/td>\n<\/tr>\n<tr>\n<td>Type of Charger<\/td>\n<td>Magnetic<\/td>\n<\/tr>\n<\/tbody>\n<\/table>","protected":false},"excerpt":{"rendered":"<p>- Eleva tu intimidad con este revolucionario vibrador para parejas<\/p>\n<p>- El exclusivo brazo en forma de \u00abO\u00bb mantiene el Sync O c\u00f3modamente en su sitio durante las relaciones sexuales en solitario o en pareja.<\/p>\n<p>- Perfecto para todo tipo de cuerpos: Sync O es ligero y discreto para disfrutar de vibraciones sin distracciones.<\/p>\n<p>- Explora 10 potentes modos de vibraci\u00f3n preestablecidos a trav\u00e9s del pr\u00e1ctico y discreto mando a distancia<\/p>\n<p>- Con\u00e9ctate a la aplicaci\u00f3n We-Vibe Bluetooth para provocar desde cualquier parte del mundo con emocionantes opciones de juego ilimitadas.<\/p>\n<p>- La sencilla carga USB magn\u00e9tica y la silicona resistente al agua te permiten experimentar el placer en cualquier lugar<\/p>\n<p>- Reg\u00edstrese en We-Vibe para obtener una garant\u00eda de 2 a\u00f1os<\/p>","protected":false},"featured_media":6357,"comment_status":"open","ping_status":"closed","template":"","meta":{"_seopress_robots_primary_cat":"none","_seopress_titles_title":"","_seopress_titles_desc":"","_seopress_robots_index":""},"product_brand":[],"product_cat":[15,133,115],"product_tag":[189,138,186,161],"class_list":{"0":"post-6354","1":"product","2":"type-product","3":"status-publish","4":"has-post-thumbnail","6":"product_cat-all-products","7":"product_cat-sex-toys","8":"product_cat-vibrators","9":"product_tag-all","10":"product_tag-app-controlled-vibrators","11":"product_tag-female","12":"product_tag-rechargeable","13":"pa_color-purple","15":"first","16":"instock","17":"taxable","18":"shipping-taxable","19":"purchasable","20":"product-type-variable","21":"wvs-archive-product-wrapper"},"acf":[],"_links":{"self":[{"href":"https:\/\/tucbo.com\/es\/wp-json\/wp\/v2\/product\/6354","targetHints":{"allow":["GET"]}}],"collection":[{"href":"https:\/\/tucbo.com\/es\/wp-json\/wp\/v2\/product"}],"about":[{"href":"https:\/\/tucbo.com\/es\/wp-json\/wp\/v2\/types\/product"}],"replies":[{"embeddable":true,"href":"https:\/\/tucbo.com\/es\/wp-json\/wp\/v2\/comments?post=6354"}],"wp:featuredmedia":[{"embeddable":true,"href":"https:\/\/tucbo.com\/es\/wp-json\/wp\/v2\/media\/6357"}],"wp:attachment":[{"href":"https:\/\/tucbo.com\/es\/wp-json\/wp\/v2\/media?parent=6354"}],"wp:term":[{"taxonomy":"product_brand","embeddable":true,"href":"https:\/\/tucbo.com\/es\/wp-json\/wp\/v2\/product_brand?post=6354"},{"taxonomy":"product_cat","embeddable":true,"href":"https:\/\/tucbo.com\/es\/wp-json\/wp\/v2\/product_cat?post=6354"},{"taxonomy":"product_tag","embeddable":true,"href":"https:\/\/tucbo.com\/es\/wp-json\/wp\/v2\/product_tag?post=6354"}],"curies":[{"name":"wp","href":"https:\/\/api.w.org\/{rel}","templated":true}]}}