{"id":6347,"date":"2025-06-24T23:49:34","date_gmt":"2025-06-24T15:49:34","guid":{"rendered":"https:\/\/tucbo.com\/?post_type=product&#038;p=6347"},"modified":"2025-08-08T21:19:02","modified_gmt":"2025-08-08T13:19:02","slug":"we-vibe-moxie-negro-vibrador-clitoral-controlado-app-10-funciones","status":"publish","type":"product","link":"https:\/\/tucbo.com\/es\/product\/we-vibe-moxie-negro-vibrador-clitoral-controlado-app-10-funciones\/","title":{"rendered":"We-Vibe Moxie+ Vibrador Clitorial Negro 10 Funciones Controlado por App"},"content":{"rendered":"<table class=\"contacttbl\" cellspacing=\"0\">\n<tbody>\n<tr>\n<td>Color<\/td>\n<td>Negro<\/td>\n<\/tr>\n<tr>\n<td>Material<\/td>\n<td>Silicona<\/td>\n<\/tr>\n<tr>\n<td>Caracter\u00edsticas<\/td>\n<td>Vibrador de cl\u00edtoris extremadamente silencioso con 10 intensidades de vibraci\u00f3n. Ideal tanto para uso en solitario como en pareja, se controla a trav\u00e9s del peque\u00f1o mando a distancia o la aplicaci\u00f3n We-Vibe para disfrutar a mayor distancia.<\/td>\n<\/tr>\n<tr>\n<td>Longitud total<\/td>\n<td>3 pulgadas<\/td>\n<\/tr>\n<tr>\n<td>Circunferencia<\/td>\n<td>3 pulgadas<\/td>\n<\/tr>\n<tr>\n<td>\u00bfImpermeable?<\/td>\n<td>S\u00ed<\/td>\n<\/tr>\n<tr>\n<td>Potencia<\/td>\n<td>USB magn\u00e9tico recargable<\/td>\n<\/tr>\n<\/tbody>\n<\/table>","protected":false},"excerpt":{"rendered":"<p>- Utiliza este silencioso vibrador de cl\u00edtoris para disfrutar de sensuales sesiones en solitario o en pareja a distancia<\/p>\n<p>- Explora diez intensidades y patrones de vibraci\u00f3n ronca a trav\u00e9s del elegante mando a distancia a prueba de salpicaduras.<\/p>\n<p>- El clip magn\u00e9tico mantiene el Moxie+ de dise\u00f1o ergon\u00f3mico en su sitio para conseguir orgasmos discretos y sin manos.<\/p>\n<p>- Con\u00e9ctate a la aplicaci\u00f3n We-Vibe Bluetooth gratuita para disfrutar de infinitas posibilidades de placer en cualquier parte del mundo.<\/p>\n<p>- Fabricado en silicona negra satinada 100% resistente al agua, para divertirse en el dormitorio, el ba\u00f1o y m\u00e1s all\u00e1.<\/p>\n<p>- Recarga con el USB magn\u00e9tico para obtener hasta 2 horas de energ\u00eda con el modo de reposo que ahorra bater\u00eda<\/p>\n<p>- Reg\u00edstrese en We-Vibe para obtener una garant\u00eda de 2 a\u00f1os<\/p>","protected":false},"featured_media":6350,"comment_status":"open","ping_status":"closed","template":"","meta":{"_seopress_robots_primary_cat":"none","_seopress_titles_title":"","_seopress_titles_desc":"","_seopress_robots_index":""},"product_brand":[],"product_cat":[15,133,115],"product_tag":[189,138,186,161],"class_list":{"0":"post-6347","1":"product","2":"type-product","3":"status-publish","4":"has-post-thumbnail","6":"product_cat-all-products","7":"product_cat-sex-toys","8":"product_cat-vibrators","9":"product_tag-all","10":"product_tag-app-controlled-vibrators","11":"product_tag-female","12":"product_tag-rechargeable","13":"pa_color-black","15":"first","16":"instock","17":"taxable","18":"shipping-taxable","19":"purchasable","20":"product-type-variable","21":"wvs-archive-product-wrapper"},"acf":[],"_links":{"self":[{"href":"https:\/\/tucbo.com\/es\/wp-json\/wp\/v2\/product\/6347","targetHints":{"allow":["GET"]}}],"collection":[{"href":"https:\/\/tucbo.com\/es\/wp-json\/wp\/v2\/product"}],"about":[{"href":"https:\/\/tucbo.com\/es\/wp-json\/wp\/v2\/types\/product"}],"replies":[{"embeddable":true,"href":"https:\/\/tucbo.com\/es\/wp-json\/wp\/v2\/comments?post=6347"}],"wp:featuredmedia":[{"embeddable":true,"href":"https:\/\/tucbo.com\/es\/wp-json\/wp\/v2\/media\/6350"}],"wp:attachment":[{"href":"https:\/\/tucbo.com\/es\/wp-json\/wp\/v2\/media?parent=6347"}],"wp:term":[{"taxonomy":"product_brand","embeddable":true,"href":"https:\/\/tucbo.com\/es\/wp-json\/wp\/v2\/product_brand?post=6347"},{"taxonomy":"product_cat","embeddable":true,"href":"https:\/\/tucbo.com\/es\/wp-json\/wp\/v2\/product_cat?post=6347"},{"taxonomy":"product_tag","embeddable":true,"href":"https:\/\/tucbo.com\/es\/wp-json\/wp\/v2\/product_tag?post=6347"}],"curies":[{"name":"wp","href":"https:\/\/api.w.org\/{rel}","templated":true}]}}