{"id":6337,"date":"2025-06-24T23:45:10","date_gmt":"2025-06-24T15:45:10","guid":{"rendered":"https:\/\/tucbo.com\/?post_type=product&#038;p=6337"},"modified":"2025-08-08T21:19:25","modified_gmt":"2025-08-08T13:19:25","slug":"we-vibe-sync-go-purple-10-function-app-controlled-couples-vibrator","status":"publish","type":"product","link":"https:\/\/tucbo.com\/es\/product\/we-vibe-sync-go-purple-10-function-app-controlled-couples-vibrator\/","title":{"rendered":"We-Vibe Sync Go Vibrador para Parejas Controlado por App 10 Funciones Morado"},"content":{"rendered":"<table class=\"contacttbl\" cellspacing=\"0\">\n<tbody>\n<tr>\n<td>Color<\/td>\n<td>Morado<\/td>\n<\/tr>\n<tr>\n<td>Material<\/td>\n<td>Silicona<\/td>\n<\/tr>\n<tr>\n<td>Caracter\u00edsticas<\/td>\n<td>Dise\u00f1o ergon\u00f3mico que permite vibraciones compartidas. Control a trav\u00e9s de una app para uso en solitario o en pareja. M\u00faltiples ajustes de vibraci\u00f3n para elegir.<\/td>\n<\/tr>\n<tr>\n<td>Longitud insertable<\/td>\n<td>3 pulgadas<\/td>\n<\/tr>\n<tr>\n<td>Circunferencia<\/td>\n<td>2,2 pulgadas<\/td>\n<\/tr>\n<tr>\n<td>\u00bfImpermeable?<\/td>\n<td>S\u00ed<\/td>\n<\/tr>\n<tr>\n<td>Potencia<\/td>\n<td>USB magn\u00e9tico recargable<\/td>\n<\/tr>\n<\/tbody>\n<\/table>","protected":false},"excerpt":{"rendered":"<p>- Emb\u00e1rcate en una aventura de placer con el \u00faltimo vibrador de viaje para parejas de We-Vibe<\/p>\n<p>- Su forma ergon\u00f3mica te permite compartir las vibraciones durante las relaciones sexuales gracias a sus dos potentes motores<\/p>\n<p>- Con\u00e9ctate a la aplicaci\u00f3n We-Vibe Bluetooth gratuita para disfrutar de vibraciones sensacionales, ya sea jugando sola o con tu amante<\/p>\n<p>- Funda duradera y discreta que mantiene tu Sync Go en perfectas condiciones para divertirte sobre la marcha<\/p>\n<p>- Carga magn\u00e9tica USB y silicona resistente al agua para una estimulaci\u00f3n sin esfuerzo est\u00e9s donde est\u00e9s.<\/p>\n<p>- Reg\u00edstrese en We-Vibe para obtener una garant\u00eda de 2 a\u00f1os<\/p>","protected":false},"featured_media":6340,"comment_status":"open","ping_status":"closed","template":"","meta":{"_seopress_robots_primary_cat":"none","_seopress_titles_title":"","_seopress_titles_desc":"","_seopress_robots_index":""},"product_brand":[],"product_cat":[15,133,115],"product_tag":[189,138,186,161],"class_list":{"0":"post-6337","1":"product","2":"type-product","3":"status-publish","4":"has-post-thumbnail","6":"product_cat-all-products","7":"product_cat-sex-toys","8":"product_cat-vibrators","9":"product_tag-all","10":"product_tag-app-controlled-vibrators","11":"product_tag-female","12":"product_tag-rechargeable","13":"pa_color-purple","15":"first","16":"instock","17":"taxable","18":"shipping-taxable","19":"purchasable","20":"product-type-variable","21":"wvs-archive-product-wrapper"},"acf":[],"_links":{"self":[{"href":"https:\/\/tucbo.com\/es\/wp-json\/wp\/v2\/product\/6337","targetHints":{"allow":["GET"]}}],"collection":[{"href":"https:\/\/tucbo.com\/es\/wp-json\/wp\/v2\/product"}],"about":[{"href":"https:\/\/tucbo.com\/es\/wp-json\/wp\/v2\/types\/product"}],"replies":[{"embeddable":true,"href":"https:\/\/tucbo.com\/es\/wp-json\/wp\/v2\/comments?post=6337"}],"wp:featuredmedia":[{"embeddable":true,"href":"https:\/\/tucbo.com\/es\/wp-json\/wp\/v2\/media\/6340"}],"wp:attachment":[{"href":"https:\/\/tucbo.com\/es\/wp-json\/wp\/v2\/media?parent=6337"}],"wp:term":[{"taxonomy":"product_brand","embeddable":true,"href":"https:\/\/tucbo.com\/es\/wp-json\/wp\/v2\/product_brand?post=6337"},{"taxonomy":"product_cat","embeddable":true,"href":"https:\/\/tucbo.com\/es\/wp-json\/wp\/v2\/product_cat?post=6337"},{"taxonomy":"product_tag","embeddable":true,"href":"https:\/\/tucbo.com\/es\/wp-json\/wp\/v2\/product_tag?post=6337"}],"curies":[{"name":"wp","href":"https:\/\/api.w.org\/{rel}","templated":true}]}}