{"id":6328,"date":"2025-06-24T23:42:44","date_gmt":"2025-06-24T15:42:44","guid":{"rendered":"https:\/\/tucbo.com\/?post_type=product&#038;p=6328"},"modified":"2025-08-08T21:20:03","modified_gmt":"2025-08-08T13:20:03","slug":"we-vibe-jive-pink-10-function-app-control-rechargeable-love-egg","status":"publish","type":"product","link":"https:\/\/tucbo.com\/es\/product\/we-vibe-jive-pink-10-function-app-control-rechargeable-love-egg\/","title":{"rendered":"Huevo del Amor Recargable We-Vibe Jive Rosa 10 Funciones App Control"},"content":{"rendered":"<table class=\"contacttbl\" cellspacing=\"0\">\n<tbody>\n<tr>\n<td>Color<\/td>\n<td>Rosa<\/td>\n<\/tr>\n<tr>\n<td>Material<\/td>\n<td>Silicona<\/td>\n<\/tr>\n<tr>\n<td>Caracter\u00edsticas<\/td>\n<td>10 Potentes vibraciones roncas, dise\u00f1o c\u00f3modo, compatible con la aplicaci\u00f3n We-Connect que permite jugar en la misma habitaci\u00f3n o en cualquier parte del mundo<\/td>\n<\/tr>\n<tr>\n<td>Longitud<\/td>\n<td>3,5 pulgadas<\/td>\n<\/tr>\n<tr>\n<td>Anchura<\/td>\n<td>2,5 pulgadas<\/td>\n<\/tr>\n<tr>\n<td>\u00bfImpermeable?<\/td>\n<td>S\u00ed<\/td>\n<\/tr>\n<tr>\n<td>Potencia<\/td>\n<td>Recargable por USB<\/td>\n<\/tr>\n<tr>\n<td>Bueno para<\/td>\n<td>Personas con problemas de movilidad<\/td>\n<\/tr>\n<\/tbody>\n<\/table>","protected":false},"excerpt":{"rendered":"<p>- Huevo del amor de lujo con 10 modos de vibraci\u00f3n para un placer discreto y sin manos en el punto G<\/p>\n<p>- Huevo de silicona suave al tacto que se adapta perfectamente a tu punto G con un cord\u00f3n flexible para facilitar su extracci\u00f3n<\/p>\n<p>- En casa, en p\u00fablico o a kil\u00f3metros de distancia, el juego en pareja est\u00e1 al alcance de un clic con la aplicaci\u00f3n gratuita We-Connect\u2122.<\/p>\n<p>- Recargable por USB; un LED de aviso de alimentaci\u00f3n garantiza que tu Jive est\u00e9 siempre listo cuando t\u00fa lo est\u00e9s<\/p>\n<p>- El dise\u00f1o wearable y el control mediante app son ideales para usuarios con movilidad limitada<\/p>\n<p>- Registre su compra en We-Vibe para obtener una garant\u00eda de 2 a\u00f1os<\/p>","protected":false},"featured_media":6331,"comment_status":"open","ping_status":"closed","template":"","meta":{"_seopress_robots_primary_cat":"none","_seopress_titles_title":"","_seopress_titles_desc":"","_seopress_robots_index":""},"product_brand":[],"product_cat":[15,133,115],"product_tag":[189,138,186,161],"class_list":{"0":"post-6328","1":"product","2":"type-product","3":"status-publish","4":"has-post-thumbnail","6":"product_cat-all-products","7":"product_cat-sex-toys","8":"product_cat-vibrators","9":"product_tag-all","10":"product_tag-app-controlled-vibrators","11":"product_tag-female","12":"product_tag-rechargeable","13":"pa_color-pink","15":"first","16":"instock","17":"taxable","18":"shipping-taxable","19":"purchasable","20":"product-type-variable","21":"wvs-archive-product-wrapper"},"acf":[],"_links":{"self":[{"href":"https:\/\/tucbo.com\/es\/wp-json\/wp\/v2\/product\/6328","targetHints":{"allow":["GET"]}}],"collection":[{"href":"https:\/\/tucbo.com\/es\/wp-json\/wp\/v2\/product"}],"about":[{"href":"https:\/\/tucbo.com\/es\/wp-json\/wp\/v2\/types\/product"}],"replies":[{"embeddable":true,"href":"https:\/\/tucbo.com\/es\/wp-json\/wp\/v2\/comments?post=6328"}],"wp:featuredmedia":[{"embeddable":true,"href":"https:\/\/tucbo.com\/es\/wp-json\/wp\/v2\/media\/6331"}],"wp:attachment":[{"href":"https:\/\/tucbo.com\/es\/wp-json\/wp\/v2\/media?parent=6328"}],"wp:term":[{"taxonomy":"product_brand","embeddable":true,"href":"https:\/\/tucbo.com\/es\/wp-json\/wp\/v2\/product_brand?post=6328"},{"taxonomy":"product_cat","embeddable":true,"href":"https:\/\/tucbo.com\/es\/wp-json\/wp\/v2\/product_cat?post=6328"},{"taxonomy":"product_tag","embeddable":true,"href":"https:\/\/tucbo.com\/es\/wp-json\/wp\/v2\/product_tag?post=6328"}],"curies":[{"name":"wp","href":"https:\/\/api.w.org\/{rel}","templated":true}]}}