{"id":6320,"date":"2025-06-24T23:31:18","date_gmt":"2025-06-24T15:31:18","guid":{"rendered":"https:\/\/tucbo.com\/?post_type=product&#038;p=6320"},"modified":"2025-08-08T21:20:38","modified_gmt":"2025-08-08T13:20:38","slug":"estimulador-de-clitoris-controlado-por-app-we-vibe-melt-12-function","status":"publish","type":"product","link":"https:\/\/tucbo.com\/es\/product\/estimulador-de-clitoris-controlado-por-app-we-vibe-melt-12-function\/","title":{"rendered":"We-Vibe Melt Estimulador de cl\u00edtoris de 12 funciones controlado por app"},"content":{"rendered":"<table class=\"contacttbl\" cellspacing=\"0\">\n<tbody>\n<tr>\n<td>Color<\/td>\n<td>Rosa<\/td>\n<\/tr>\n<tr>\n<td>Material<\/td>\n<td>Silicona<\/td>\n<\/tr>\n<tr>\n<td>Caracter\u00edsticas<\/td>\n<td>12 funciones de succi\u00f3n con control por app, modo reposo y alerta de baja potencia<\/td>\n<\/tr>\n<tr>\n<td>Longitud total<\/td>\n<td>15 cm<\/td>\n<\/tr>\n<tr>\n<td>Di\u00e1metro<\/td>\n<td>1,4 pulgadas<\/td>\n<\/tr>\n<tr>\n<td>Di\u00e1metro del canal<\/td>\n<td>0,5 pulgadas<\/td>\n<\/tr>\n<tr>\n<td>\u00bfImpermeable?<\/td>\n<td>S\u00ed<\/td>\n<\/tr>\n<tr>\n<td>Potencia<\/td>\n<td>Recargable<\/td>\n<\/tr>\n<\/tbody>\n<\/table>","protected":false},"excerpt":{"rendered":"<p>- El \u00fanico estimulador de succi\u00f3n creado para parejas; se coloca entre usted y su pareja en cualquier posici\u00f3n para aumentar los orgasmos clitorianos<\/p>\n<p>- Equilibra una suave succi\u00f3n con intensas vibraciones de aire a trav\u00e9s de doce modos silenciosos de la tecnolog\u00eda Pleasure Air\u2122 sin contacto<\/p>\n<p>- Las parejas a larga distancia comparten el control a trav\u00e9s de la aplicaci\u00f3n gratuita We-Connect\u2122 con enlace Bluetooth para una conectividad perfecta y una seguridad avanzada.<\/p>\n<p>- C\u00f3modo y ecol\u00f3gico; recargable por USB para hasta 2 horas de energ\u00eda por carga con funciones de alerta de bajo consumo y modo de reposo prolongado<\/p>\n<p>- Date un capricho en cualquier lugar con el dise\u00f1o 100% impermeable para disfrutar de duchas sensuales, delicias a la hora del ba\u00f1o y una higiene f\u00e1cil<\/p>\n<p>- \u00bfMovilidad limitada? Suj\u00e9talo contra tu punto dulce para una estimulaci\u00f3n sin esfuerzo<\/p>\n<p>- Fabricado en silicona rosa segura para el cuerpo, sin ftalatos, BPA ni l\u00e1tex<\/p>\n<p>- Registra tu compra en Womanizer para obtener una garant\u00eda de 2 a\u00f1os<\/p>","protected":false},"featured_media":6323,"comment_status":"open","ping_status":"closed","template":"","meta":{"_seopress_robots_primary_cat":"none","_seopress_titles_title":"","_seopress_titles_desc":"","_seopress_robots_index":""},"product_brand":[],"product_cat":[15,133,115],"product_tag":[189,138,186,161],"class_list":{"0":"post-6320","1":"product","2":"type-product","3":"status-publish","4":"has-post-thumbnail","6":"product_cat-all-products","7":"product_cat-sex-toys","8":"product_cat-vibrators","9":"product_tag-all","10":"product_tag-app-controlled-vibrators","11":"product_tag-female","12":"product_tag-rechargeable","13":"pa_color-pink","15":"first","16":"instock","17":"taxable","18":"shipping-taxable","19":"purchasable","20":"product-type-variable","21":"wvs-archive-product-wrapper"},"acf":[],"_links":{"self":[{"href":"https:\/\/tucbo.com\/es\/wp-json\/wp\/v2\/product\/6320","targetHints":{"allow":["GET"]}}],"collection":[{"href":"https:\/\/tucbo.com\/es\/wp-json\/wp\/v2\/product"}],"about":[{"href":"https:\/\/tucbo.com\/es\/wp-json\/wp\/v2\/types\/product"}],"replies":[{"embeddable":true,"href":"https:\/\/tucbo.com\/es\/wp-json\/wp\/v2\/comments?post=6320"}],"wp:featuredmedia":[{"embeddable":true,"href":"https:\/\/tucbo.com\/es\/wp-json\/wp\/v2\/media\/6323"}],"wp:attachment":[{"href":"https:\/\/tucbo.com\/es\/wp-json\/wp\/v2\/media?parent=6320"}],"wp:term":[{"taxonomy":"product_brand","embeddable":true,"href":"https:\/\/tucbo.com\/es\/wp-json\/wp\/v2\/product_brand?post=6320"},{"taxonomy":"product_cat","embeddable":true,"href":"https:\/\/tucbo.com\/es\/wp-json\/wp\/v2\/product_cat?post=6320"},{"taxonomy":"product_tag","embeddable":true,"href":"https:\/\/tucbo.com\/es\/wp-json\/wp\/v2\/product_tag?post=6320"}],"curies":[{"name":"wp","href":"https:\/\/api.w.org\/{rel}","templated":true}]}}