{"id":6301,"date":"2025-06-23T23:01:18","date_gmt":"2025-06-23T15:01:18","guid":{"rendered":"https:\/\/tucbo.com\/?post_type=product&#038;p=6301"},"modified":"2025-08-08T21:21:10","modified_gmt":"2025-08-08T13:21:10","slug":"satisfyer-double-love-10-function-app-controlled-couples-vibrator","status":"publish","type":"product","link":"https:\/\/tucbo.com\/es\/product\/satisfyer-double-love-10-function-app-controlled-couples-vibrator\/","title":{"rendered":"Satisfyer Double Love Vibrador para Parejas 10 Funciones Controlado por App"},"content":{"rendered":"<table class=\"contacttbl\" cellspacing=\"0\">\n<tbody>\n<tr>\n<td>Color<\/td>\n<td>Negro, azul o blanco<\/td>\n<\/tr>\n<tr>\n<td>Material<\/td>\n<td>Silicona y ABS<\/td>\n<\/tr>\n<tr>\n<td>Caracter\u00edsticas<\/td>\n<td>Vibrador en forma de C con control remoto y aplicaci\u00f3n m\u00f3vil que ofrece 10 modos de vibraci\u00f3n.<\/td>\n<\/tr>\n<tr>\n<td>\u00bfImpermeable?<\/td>\n<td>S\u00ed<\/td>\n<\/tr>\n<tr>\n<td>Potencia<\/td>\n<td>Recargable por USB<\/td>\n<\/tr>\n<\/tbody>\n<\/table>\n<p>&nbsp;<\/p>","protected":false},"excerpt":{"rendered":"<ul>\n<li>La vibraci\u00f3n intuitiva para parejas proporciona una gran satisfacci\u00f3n a ambos miembros de la pareja.<\/li>\n<li>El elegante anillo met\u00e1lico retumba contra su cl\u00edtoris, mientras que la suave silicona en forma de C estimula su punto G y el pene de \u00e9l a la vez.<\/li>\n<li>Los motores duales ultrapotentes ofrecen 10 modos de vibraci\u00f3n a trav\u00e9s de los controles del dispositivo, el mando a distancia inal\u00e1mbrico o personalizando el placer con la aplicaci\u00f3n gratuita SatisfyerApp.<\/li>\n<li>Compatible con todos los tel\u00e9fonos inteligentes, tabletas y relojes Apple con Bluetooth.<\/li>\n<li>Recargable por USB, respetuoso con el cuerpo y resistente al agua para un uso ilimitado.<\/li>\n<li>Registra tu Double Love con Satisfyer y obt\u00e9n una garant\u00eda de 15 a\u00f1os.<\/li>\n<\/ul>","protected":false},"featured_media":6304,"comment_status":"open","ping_status":"closed","template":"","meta":{"_seopress_robots_primary_cat":"none","_seopress_titles_title":"","_seopress_titles_desc":"","_seopress_robots_index":""},"product_brand":[],"product_cat":[15,133,115],"product_tag":[189,138,186,161],"class_list":{"0":"post-6301","1":"product","2":"type-product","3":"status-publish","4":"has-post-thumbnail","6":"product_cat-all-products","7":"product_cat-sex-toys","8":"product_cat-vibrators","9":"product_tag-all","10":"product_tag-app-controlled-vibrators","11":"product_tag-female","12":"product_tag-rechargeable","13":"pa_color-black","14":"pa_color-blue","15":"pa_color-white","17":"first","18":"instock","19":"taxable","20":"shipping-taxable","21":"purchasable","22":"product-type-variable","23":"has-default-attributes","24":"wvs-archive-product-wrapper"},"acf":[],"_links":{"self":[{"href":"https:\/\/tucbo.com\/es\/wp-json\/wp\/v2\/product\/6301","targetHints":{"allow":["GET"]}}],"collection":[{"href":"https:\/\/tucbo.com\/es\/wp-json\/wp\/v2\/product"}],"about":[{"href":"https:\/\/tucbo.com\/es\/wp-json\/wp\/v2\/types\/product"}],"replies":[{"embeddable":true,"href":"https:\/\/tucbo.com\/es\/wp-json\/wp\/v2\/comments?post=6301"}],"wp:featuredmedia":[{"embeddable":true,"href":"https:\/\/tucbo.com\/es\/wp-json\/wp\/v2\/media\/6304"}],"wp:attachment":[{"href":"https:\/\/tucbo.com\/es\/wp-json\/wp\/v2\/media?parent=6301"}],"wp:term":[{"taxonomy":"product_brand","embeddable":true,"href":"https:\/\/tucbo.com\/es\/wp-json\/wp\/v2\/product_brand?post=6301"},{"taxonomy":"product_cat","embeddable":true,"href":"https:\/\/tucbo.com\/es\/wp-json\/wp\/v2\/product_cat?post=6301"},{"taxonomy":"product_tag","embeddable":true,"href":"https:\/\/tucbo.com\/es\/wp-json\/wp\/v2\/product_tag?post=6301"}],"curies":[{"name":"wp","href":"https:\/\/api.w.org\/{rel}","templated":true}]}}