{"id":6293,"date":"2025-06-23T22:50:31","date_gmt":"2025-06-23T14:50:31","guid":{"rendered":"https:\/\/tucbo.com\/?post_type=product&#038;p=6293"},"modified":"2025-08-08T21:21:40","modified_gmt":"2025-08-08T13:21:40","slug":"vibrador-rabbit-we-vibe-nova-2-controlado-por-aplicacion","status":"publish","type":"product","link":"https:\/\/tucbo.com\/es\/product\/vibrador-rabbit-we-vibe-nova-2-controlado-por-aplicacion\/","title":{"rendered":"We-Vibe Nova 2 Vibrador Conejito Controlado por App"},"content":{"rendered":"<table class=\"contacttbl\" cellspacing=\"0\">\n<tbody>\n<tr>\n<td>Color<\/td>\n<td>Rosa<\/td>\n<\/tr>\n<tr>\n<td>Material<\/td>\n<td>Silicona<\/td>\n<\/tr>\n<tr>\n<td>Caracter\u00edsticas<\/td>\n<td>10 ajustes de vibraci\u00f3n, flexible, estimulaci\u00f3n del punto G y del cl\u00edtoris, control mediante aplicaci\u00f3n y 2 a\u00f1os de garant\u00eda a trav\u00e9s de We Vibe.<\/td>\n<\/tr>\n<tr>\n<td>Longitud insertable<\/td>\n<td>5 pulgadas<\/td>\n<\/tr>\n<tr>\n<td>Longitud total<\/td>\n<td>22,3 cm<\/td>\n<\/tr>\n<tr>\n<td>Di\u00e1metro<\/td>\n<td>1,4 pulgadas<\/td>\n<\/tr>\n<tr>\n<td>\u00bfImpermeable?<\/td>\n<td>S\u00ed<\/td>\n<\/tr>\n<tr>\n<td>Potencia<\/td>\n<td>Recargable por USB<\/td>\n<\/tr>\n<\/tbody>\n<\/table>","protected":false},"excerpt":{"rendered":"<p>\u2022 Disfrute de diez modos irresistibles con dos motores para una estimulaci\u00f3n combinada.<\/p>\n<p>\u2022 El estimulador clitorial flexible se adapta a tu cuerpo para un contacto vibratorio constante.<\/p>\n<p>\u2022 Estimulador del punto G articulado de 5 pulgadas que se adapta a tu forma \u00edntima para un placer preciso.<\/p>\n<p>\u2022 100 % resistente al agua, con carga USB, alerta de bater\u00eda baja y pr\u00e1ctico bloqueo para viajes.<\/p>\n<p>\u2022 Interact\u00faa de forma remota a trav\u00e9s de la aplicaci\u00f3n We-Connect para explorar funciones personalizadas desde tu tel\u00e9fono.<\/p>\n<p>\u2022 Dos a\u00f1os de garant\u00eda, gu\u00eda de usuario, bolsa de almacenamiento y lubricante Pjur incluidos.<\/p>\n<p>\u2022 Registre su compra en We-Vibe para obtener una garant\u00eda de 2 a\u00f1os.<\/p>","protected":false},"featured_media":6296,"comment_status":"open","ping_status":"closed","template":"","meta":{"_seopress_robots_primary_cat":"none","_seopress_titles_title":"","_seopress_titles_desc":"","_seopress_robots_index":""},"product_brand":[],"product_cat":[15,133,115],"product_tag":[189,138,186,161],"class_list":{"0":"post-6293","1":"product","2":"type-product","3":"status-publish","4":"has-post-thumbnail","6":"product_cat-all-products","7":"product_cat-sex-toys","8":"product_cat-vibrators","9":"product_tag-all","10":"product_tag-app-controlled-vibrators","11":"product_tag-female","12":"product_tag-rechargeable","13":"pa_color-pink","15":"first","16":"instock","17":"taxable","18":"shipping-taxable","19":"purchasable","20":"product-type-variable","21":"wvs-archive-product-wrapper"},"acf":[],"_links":{"self":[{"href":"https:\/\/tucbo.com\/es\/wp-json\/wp\/v2\/product\/6293","targetHints":{"allow":["GET"]}}],"collection":[{"href":"https:\/\/tucbo.com\/es\/wp-json\/wp\/v2\/product"}],"about":[{"href":"https:\/\/tucbo.com\/es\/wp-json\/wp\/v2\/types\/product"}],"replies":[{"embeddable":true,"href":"https:\/\/tucbo.com\/es\/wp-json\/wp\/v2\/comments?post=6293"}],"wp:featuredmedia":[{"embeddable":true,"href":"https:\/\/tucbo.com\/es\/wp-json\/wp\/v2\/media\/6296"}],"wp:attachment":[{"href":"https:\/\/tucbo.com\/es\/wp-json\/wp\/v2\/media?parent=6293"}],"wp:term":[{"taxonomy":"product_brand","embeddable":true,"href":"https:\/\/tucbo.com\/es\/wp-json\/wp\/v2\/product_brand?post=6293"},{"taxonomy":"product_cat","embeddable":true,"href":"https:\/\/tucbo.com\/es\/wp-json\/wp\/v2\/product_cat?post=6293"},{"taxonomy":"product_tag","embeddable":true,"href":"https:\/\/tucbo.com\/es\/wp-json\/wp\/v2\/product_tag?post=6293"}],"curies":[{"name":"wp","href":"https:\/\/api.w.org\/{rel}","templated":true}]}}