{"id":6185,"date":"2025-06-21T19:36:52","date_gmt":"2025-06-21T11:36:52","guid":{"rendered":"https:\/\/tucbo.com\/?post_type=product&#038;p=6185"},"modified":"2025-08-08T21:22:48","modified_gmt":"2025-08-08T13:22:48","slug":"satisfyer-curvy-1-estimulador-de-clitoris-recargable-controlado-por-aplicacion","status":"publish","type":"product","link":"https:\/\/tucbo.com\/es\/product\/satisfyer-curvy-1-estimulador-de-clitoris-recargable-controlado-por-aplicacion\/","title":{"rendered":"Satisfyer Curvy 1+ Estimulador de Cl\u00edtoris Recargable Controlado por App"},"content":{"rendered":"<table class=\"contacttbl\" cellspacing=\"0\">\n<tbody>\n<tr>\n<td>Color<\/td>\n<td>Borgo\u00f1a<\/td>\n<\/tr>\n<tr>\n<td>Material<\/td>\n<td>Silicona<\/td>\n<\/tr>\n<tr>\n<td>Caracter\u00edsticas<\/td>\n<td>Las ondas de presi\u00f3n y las vibraciones estimulan el cl\u00edtoris. Utiliza los patrones preestablecidos de la aplicaci\u00f3n o personal\u00edzalos. Se puede usar con o sin la aplicaci\u00f3n. Botones t\u00e1ctiles f\u00e1ciles de usar. 2 motores silenciosos y potentes. Totalmente resistente al agua.<\/td>\n<\/tr>\n<tr>\n<td>Longitud<\/td>\n<td>15 cm<\/td>\n<\/tr>\n<tr>\n<td>Di\u00e1metro<\/td>\n<td>De 1,25 a 1,75 pulgadas en el punto m\u00e1s ancho.<\/td>\n<\/tr>\n<tr>\n<td>Impermeable<\/td>\n<td>S\u00ed<\/td>\n<\/tr>\n<tr>\n<td>Potencia<\/td>\n<td>Recargable por USB<\/td>\n<\/tr>\n<\/tbody>\n<\/table>","protected":false},"excerpt":{"rendered":"<p>\u2022 El vibrador clitorial de \u00faltima generaci\u00f3n combina la estimulaci\u00f3n por pulsos de aire con intensas vibraciones.<\/p>\n<p>\u2022 Juega sin conexi\u00f3n o sin tocar con el galardonado mando a distancia Satisfyer App para un placer infinito y personalizable.<\/p>\n<p>\u2022 El discreto vibrador incluye el modo Whisper para una estimulaci\u00f3n casi silenciosa con solo pulsar un bot\u00f3n.<\/p>\n<p>\u2022 Carga magn\u00e9tica USB para un mayor respeto al medio ambiente y mayor comodidad en los viajes.<\/p>\n<p>\u2022 La silicona roja segura para el cuerpo es resistente al agua hasta 1 metro durante 30 minutos.<\/p>\n<p>\u2022 Compatible con cualquier smartphone, tableta y Apple Watch con Bluetooth de Android o Apple.<\/p>\n<p>\u2022 Registra tu compra en Satisfyer para obtener una garant\u00eda de 15 a\u00f1os.<\/p>","protected":false},"featured_media":6189,"comment_status":"open","ping_status":"closed","template":"","meta":{"_seopress_robots_primary_cat":"none","_seopress_titles_title":"","_seopress_titles_desc":"","_seopress_robots_index":""},"product_brand":[],"product_cat":[15,133,115],"product_tag":[189,138,186,161],"class_list":{"0":"post-6185","1":"product","2":"type-product","3":"status-publish","4":"has-post-thumbnail","6":"product_cat-all-products","7":"product_cat-sex-toys","8":"product_cat-vibrators","9":"product_tag-all","10":"product_tag-app-controlled-vibrators","11":"product_tag-female","12":"product_tag-rechargeable","13":"pa_color-burgundy","15":"first","16":"instock","17":"taxable","18":"shipping-taxable","19":"purchasable","20":"product-type-variable","21":"wvs-archive-product-wrapper"},"acf":[],"_links":{"self":[{"href":"https:\/\/tucbo.com\/es\/wp-json\/wp\/v2\/product\/6185","targetHints":{"allow":["GET"]}}],"collection":[{"href":"https:\/\/tucbo.com\/es\/wp-json\/wp\/v2\/product"}],"about":[{"href":"https:\/\/tucbo.com\/es\/wp-json\/wp\/v2\/types\/product"}],"replies":[{"embeddable":true,"href":"https:\/\/tucbo.com\/es\/wp-json\/wp\/v2\/comments?post=6185"}],"wp:featuredmedia":[{"embeddable":true,"href":"https:\/\/tucbo.com\/es\/wp-json\/wp\/v2\/media\/6189"}],"wp:attachment":[{"href":"https:\/\/tucbo.com\/es\/wp-json\/wp\/v2\/media?parent=6185"}],"wp:term":[{"taxonomy":"product_brand","embeddable":true,"href":"https:\/\/tucbo.com\/es\/wp-json\/wp\/v2\/product_brand?post=6185"},{"taxonomy":"product_cat","embeddable":true,"href":"https:\/\/tucbo.com\/es\/wp-json\/wp\/v2\/product_cat?post=6185"},{"taxonomy":"product_tag","embeddable":true,"href":"https:\/\/tucbo.com\/es\/wp-json\/wp\/v2\/product_tag?post=6185"}],"curies":[{"name":"wp","href":"https:\/\/api.w.org\/{rel}","templated":true}]}}