{"id":6177,"date":"2025-06-21T18:43:59","date_gmt":"2025-06-21T10:43:59","guid":{"rendered":"https:\/\/tucbo.com\/?post_type=product&#038;p=6177"},"modified":"2025-08-08T21:23:34","modified_gmt":"2025-08-08T13:23:34","slug":"anillo-para-el-pene-satisfyer-con-control-por-aplicacion-y-recargable","status":"publish","type":"product","link":"https:\/\/tucbo.com\/es\/product\/anillo-para-el-pene-satisfyer-con-control-por-aplicacion-y-recargable\/","title":{"rendered":"Satisfyer Signet Ring Anillo para el pene recargable controlado por App"},"content":{"rendered":"<table class=\"contacttbl\" cellspacing=\"0\">\n<tbody>\n<tr>\n<td>Color<\/td>\n<td>Negro<\/td>\n<\/tr>\n<tr>\n<td>Material<\/td>\n<td>Silicona<\/td>\n<\/tr>\n<tr>\n<td>Caracter\u00edsticas<\/td>\n<td>Potentes vibraciones, se puede usar con o sin la aplicaci\u00f3n, motor silencioso para un uso discreto, tambi\u00e9n sirve como vibrador para los dedos, totalmente resistente al agua.<\/td>\n<\/tr>\n<tr>\n<td>Altura<\/td>\n<td>3 pulgadas<\/td>\n<\/tr>\n<tr>\n<td>Di\u00e1metro interior<\/td>\n<td>1,1 pulgadas<\/td>\n<\/tr>\n<tr>\n<td>Di\u00e1metro total<\/td>\n<td>1,8 pulgadas<\/td>\n<\/tr>\n<tr>\n<td>Impermeable<\/td>\n<td>S\u00ed<\/td>\n<\/tr>\n<tr>\n<td>Potencia<\/td>\n<td>Recargable por USB<\/td>\n<\/tr>\n<\/tbody>\n<\/table>","protected":false},"excerpt":{"rendered":"<p>\u2022 El estimulador anular ancho vibra en el eje para proporcionar una penetraci\u00f3n que te har\u00e1 temblar las rodillas.<\/p>\n<p>\u2022 Accede a una revolucionaria gama de modos Air Pulse, crea tu propia vibraci\u00f3n o sincron\u00edzate con tus canciones favoritas, de forma inal\u00e1mbrica, a trav\u00e9s de la galardonada aplicaci\u00f3n Satisfyer.<\/p>\n<p>\u2022 Disfrute de una programaci\u00f3n din\u00e1mica con solo pulsar un bot\u00f3n, incluido el modo silencioso para una estimulaci\u00f3n casi inaudible.<\/p>\n<p>\u2022 El juguete multiusos tambi\u00e9n es un potente vibrador de dedo.<\/p>\n<p>\u2022 Resistente al agua hasta 1 metro durante 30 minutos.<\/p>\n<p>\u2022 Carga magn\u00e9tica USB con ventajas ecol\u00f3gicas y pr\u00e1cticas para viajar.<\/p>\n<p>\u2022 Compatible con cualquier smartphone, tableta y Apple Watch con Bluetooth de Android o Apple.<\/p>\n<p>\u2022 Registra tu compra en Satisfyer para obtener una garant\u00eda de 15 a\u00f1os.<\/p>","protected":false},"featured_media":6180,"comment_status":"open","ping_status":"closed","template":"","meta":{"_seopress_robots_primary_cat":"none","_seopress_titles_title":"","_seopress_titles_desc":"","_seopress_robots_index":""},"product_brand":[],"product_cat":[15,133,115],"product_tag":[189,138,187,161],"class_list":{"0":"post-6177","1":"product","2":"type-product","3":"status-publish","4":"has-post-thumbnail","6":"product_cat-all-products","7":"product_cat-sex-toys","8":"product_cat-vibrators","9":"product_tag-all","10":"product_tag-app-controlled-vibrators","11":"product_tag-male","12":"product_tag-rechargeable","13":"pa_color-black","15":"first","16":"instock","17":"taxable","18":"shipping-taxable","19":"purchasable","20":"product-type-variable","21":"wvs-archive-product-wrapper"},"acf":[],"_links":{"self":[{"href":"https:\/\/tucbo.com\/es\/wp-json\/wp\/v2\/product\/6177","targetHints":{"allow":["GET"]}}],"collection":[{"href":"https:\/\/tucbo.com\/es\/wp-json\/wp\/v2\/product"}],"about":[{"href":"https:\/\/tucbo.com\/es\/wp-json\/wp\/v2\/types\/product"}],"replies":[{"embeddable":true,"href":"https:\/\/tucbo.com\/es\/wp-json\/wp\/v2\/comments?post=6177"}],"wp:featuredmedia":[{"embeddable":true,"href":"https:\/\/tucbo.com\/es\/wp-json\/wp\/v2\/media\/6180"}],"wp:attachment":[{"href":"https:\/\/tucbo.com\/es\/wp-json\/wp\/v2\/media?parent=6177"}],"wp:term":[{"taxonomy":"product_brand","embeddable":true,"href":"https:\/\/tucbo.com\/es\/wp-json\/wp\/v2\/product_brand?post=6177"},{"taxonomy":"product_cat","embeddable":true,"href":"https:\/\/tucbo.com\/es\/wp-json\/wp\/v2\/product_cat?post=6177"},{"taxonomy":"product_tag","embeddable":true,"href":"https:\/\/tucbo.com\/es\/wp-json\/wp\/v2\/product_tag?post=6177"}],"curies":[{"name":"wp","href":"https:\/\/api.w.org\/{rel}","templated":true}]}}