{"id":6147,"date":"2025-06-21T15:04:22","date_gmt":"2025-06-21T07:04:22","guid":{"rendered":"https:\/\/tucbo.com\/?post_type=product&#038;p=6147"},"modified":"2025-08-08T21:23:58","modified_gmt":"2025-08-08T13:23:58","slug":"aplicacion-multifuncional-para-controlar-el-huevo-vibrador-love","status":"publish","type":"product","link":"https:\/\/tucbo.com\/es\/product\/aplicacion-multifuncional-para-controlar-el-huevo-vibrador-love\/","title":{"rendered":"La aplicaci\u00f3n multifunci\u00f3n controla el huevo vibrador del amor"},"content":{"rendered":"<table class=\"contacttbl\" cellspacing=\"0\">\n<tbody>\n<tr>\n<td>Color<\/td>\n<td>Rosa<\/td>\n<\/tr>\n<tr>\n<td>Material<\/td>\n<td>ABS recubierto de silicona<\/td>\n<\/tr>\n<tr>\n<td>Caracter\u00edsticas<\/td>\n<td>Huevo vibrador rosa controlado por aplicaci\u00f3n con 4 funciones: Autom\u00e1tico (patrones de vibraci\u00f3n preestablecidos), Inmersi\u00f3n (controla la velocidad y la intensidad de la vibraci\u00f3n \u00abdibujando\u00bb en la pantalla de tu tel\u00e9fono), M\u00fasica (vibra al ritmo de tu biblioteca musical), Larga distancia (permite a tu pareja controlar el juguete desde cualquier parte del mundo).<\/td>\n<\/tr>\n<tr>\n<td>Longitud total<\/td>\n<td>7 pulgadas<\/td>\n<\/tr>\n<tr>\n<td>Longitud de inserci\u00f3n<\/td>\n<td>2,75 pulgadas<\/td>\n<\/tr>\n<tr>\n<td>Di\u00e1metro<\/td>\n<td>1,25 pulgadas<\/td>\n<\/tr>\n<tr>\n<td>Peso<\/td>\n<td>46 g con pilas<\/td>\n<\/tr>\n<tr>\n<td>\u00bfImpermeable?<\/td>\n<td>S\u00ed<\/td>\n<\/tr>\n<tr>\n<td>Potencia<\/td>\n<td>1 pila AAA (no incluida)<\/td>\n<\/tr>\n<tr>\n<td>Detalles de la aplicaci\u00f3n<\/td>\n<td>Descarga la aplicaci\u00f3n PrettyLove desde la App Store de Apple. Compatible con Apple iOS 7 y superior, y Android 4 y superior.<\/td>\n<\/tr>\n<\/tbody>\n<\/table>","protected":false},"excerpt":{"rendered":"<p>\u2022 D\u00e9jate llevar por tus fantas\u00edas m\u00e1s atrevidas con este potente y discreto huevo vibrador.<\/p>\n<p>\u2022 Con\u00e9ctese con su smartphone para explorar 12 modos de vibraci\u00f3n con patrones y 4 funciones remotas.<\/p>\n<p>\u2022 Placer al alcance de la mano; disfruta del control a distancia a trav\u00e9s de Bluetooth con la aplicaci\u00f3n gratuita Pretty Love.<\/p>\n<p>\u2022 Siente la emoci\u00f3n del cosquilleante zumbido que resuena desde la firme carcasa directamente en tu punto G.<\/p>\n<p>\u2022 Acabado de silicona ultrasuave que es suave para la piel, f\u00e1cil de insertar y 100 % impermeable.<\/p>\n<p>\u2022 El huevo ideal para el primer amor, con un cord\u00f3n de silicona flexible para facilitar su extracci\u00f3n, dise\u00f1o delgado y funcionamiento con pilas.<\/p>\n<p>\u2022 Compatible con Apple iOS 7 y superior, y Android 4 y superior.<\/p>","protected":false},"featured_media":6150,"comment_status":"open","ping_status":"closed","template":"","meta":{"_seopress_robots_primary_cat":"none","_seopress_titles_title":"","_seopress_titles_desc":"","_seopress_robots_index":""},"product_brand":[],"product_cat":[15,133,115],"product_tag":[189,138,186,161],"class_list":{"0":"post-6147","1":"product","2":"type-product","3":"status-publish","4":"has-post-thumbnail","6":"product_cat-all-products","7":"product_cat-sex-toys","8":"product_cat-vibrators","9":"product_tag-all","10":"product_tag-app-controlled-vibrators","11":"product_tag-female","12":"product_tag-rechargeable","13":"pa_color-pink","15":"first","16":"instock","17":"taxable","18":"shipping-taxable","19":"purchasable","20":"product-type-variable","21":"wvs-archive-product-wrapper"},"acf":[],"_links":{"self":[{"href":"https:\/\/tucbo.com\/es\/wp-json\/wp\/v2\/product\/6147","targetHints":{"allow":["GET"]}}],"collection":[{"href":"https:\/\/tucbo.com\/es\/wp-json\/wp\/v2\/product"}],"about":[{"href":"https:\/\/tucbo.com\/es\/wp-json\/wp\/v2\/types\/product"}],"replies":[{"embeddable":true,"href":"https:\/\/tucbo.com\/es\/wp-json\/wp\/v2\/comments?post=6147"}],"wp:featuredmedia":[{"embeddable":true,"href":"https:\/\/tucbo.com\/es\/wp-json\/wp\/v2\/media\/6150"}],"wp:attachment":[{"href":"https:\/\/tucbo.com\/es\/wp-json\/wp\/v2\/media?parent=6147"}],"wp:term":[{"taxonomy":"product_brand","embeddable":true,"href":"https:\/\/tucbo.com\/es\/wp-json\/wp\/v2\/product_brand?post=6147"},{"taxonomy":"product_cat","embeddable":true,"href":"https:\/\/tucbo.com\/es\/wp-json\/wp\/v2\/product_cat?post=6147"},{"taxonomy":"product_tag","embeddable":true,"href":"https:\/\/tucbo.com\/es\/wp-json\/wp\/v2\/product_tag?post=6147"}],"curies":[{"name":"wp","href":"https:\/\/api.w.org\/{rel}","templated":true}]}}