{"id":6107,"date":"2025-06-16T23:57:06","date_gmt":"2025-06-16T15:57:06","guid":{"rendered":"https:\/\/tucbo.com\/?post_type=product&#038;p=6107"},"modified":"2025-08-08T21:24:56","modified_gmt":"2025-08-08T13:24:56","slug":"efecto-mariposa-vibrador-recargable-con-movimiento-de-empuje","status":"publish","type":"product","link":"https:\/\/tucbo.com\/es\/product\/efecto-mariposa-vibrador-recargable-con-movimiento-de-empuje\/","title":{"rendered":"Vibrador de empuje recargable Butterfly Effect"},"content":{"rendered":"<p>\u00a1Descubre tres emocionantes funciones en una con el vibrador recargable Butterfly Effect 12 Function Thrusting Vibe para alcanzar un cl\u00edmax maravillosamente combinado!<\/p>\n<p>Este dise\u00f1o din\u00e1mico cuenta con un eje transparente de 5 pulgadas para activar tu punto G con una potente funci\u00f3n de empuje, bolas giratorias internas y texturas intensamente estimulantes. Mientras tanto, el exclusivo estimulador de cl\u00edtoris en forma de mariposa vibra contra tu flor femenina para proporcionarte un placer ext\u00e1tico que te har\u00e1 flotar en el aire.<\/p>\n<p>La base grande es f\u00e1cil de agarrar y c\u00f3moda de sostener mientras exploras doce funciones din\u00e1micas con total comodidad, desde un suave aleteo hasta un placer intenso. Resistente al agua y recargable, el Butterfly Effect est\u00e1 listo para entrar en acci\u00f3n en cualquier momento, adem\u00e1s puedes llevarlo a la ba\u00f1era o la ducha para disfrutar de una relajaci\u00f3n sensual.<\/p>\n<table class=\"contacttbl\" cellspacing=\"0\">\n<tbody>\n<tr>\n<td>Color<\/td>\n<td>Morado<\/td>\n<\/tr>\n<tr>\n<td>Material<\/td>\n<td>TPE<\/td>\n<\/tr>\n<tr>\n<td>Caracter\u00edsticas<\/td>\n<td>Conejito con cuentas y estimulador clitorial con forma de mariposa<\/td>\n<\/tr>\n<tr>\n<td>Longitud total<\/td>\n<td>11 pulgadas<\/td>\n<\/tr>\n<tr>\n<td>Longitud de inserci\u00f3n<\/td>\n<td>5 pulgadas<\/td>\n<\/tr>\n<tr>\n<td>Di\u00e1metro<\/td>\n<td>1,4 pulgadas<\/td>\n<\/tr>\n<tr>\n<td>\u00bfImpermeable?<\/td>\n<td>S\u00ed<\/td>\n<\/tr>\n<tr>\n<td>Potencia<\/td>\n<td>USB recargable<\/td>\n<\/tr>\n<\/tbody>\n<\/table>","protected":false},"excerpt":{"rendered":"<p>\u2022 D\u00e9jate llevar por el placer de las embestidas y los giros, y disfruta de la maravillosa vibraci\u00f3n de la mariposa.<\/p>\n<p>\u2022 El conejo multifunci\u00f3n cuenta con una banda giratoria de perlas para la estimulaci\u00f3n del punto G.<\/p>\n<p>\u2022 La potente funci\u00f3n de empuje proporciona una penetraci\u00f3n que te har\u00e1 retorcer los dedos de los pies.<\/p>\n<p>\u2022 El estimulador clitorial Butterfly satisface tu punto m\u00e1s sensible.<\/p>\n<p>\u2022 La base grande es c\u00f3moda de sujetar y f\u00e1cil de controlar.<\/p>\n<p>\u2022 \u00a1Resistente al agua y recargable para orgasmos empapados en cualquier momento!<\/p>\n<p>&nbsp;<\/p>","protected":false},"featured_media":6110,"comment_status":"open","ping_status":"closed","template":"","meta":{"_seopress_robots_primary_cat":"none","_seopress_titles_title":"","_seopress_titles_desc":"","_seopress_robots_index":""},"product_brand":[],"product_cat":[15,133,115],"product_tag":[189,138,188,186,161],"class_list":{"0":"post-6107","1":"product","2":"type-product","3":"status-publish","4":"has-post-thumbnail","6":"product_cat-all-products","7":"product_cat-sex-toys","8":"product_cat-vibrators","9":"product_tag-all","10":"product_tag-app-controlled-vibrators","11":"product_tag-couples","12":"product_tag-female","13":"product_tag-rechargeable","14":"pa_color-purple","16":"first","17":"instock","18":"taxable","19":"shipping-taxable","20":"purchasable","21":"product-type-variable","22":"wvs-archive-product-wrapper"},"acf":[],"_links":{"self":[{"href":"https:\/\/tucbo.com\/es\/wp-json\/wp\/v2\/product\/6107","targetHints":{"allow":["GET"]}}],"collection":[{"href":"https:\/\/tucbo.com\/es\/wp-json\/wp\/v2\/product"}],"about":[{"href":"https:\/\/tucbo.com\/es\/wp-json\/wp\/v2\/types\/product"}],"replies":[{"embeddable":true,"href":"https:\/\/tucbo.com\/es\/wp-json\/wp\/v2\/comments?post=6107"}],"wp:featuredmedia":[{"embeddable":true,"href":"https:\/\/tucbo.com\/es\/wp-json\/wp\/v2\/media\/6110"}],"wp:attachment":[{"href":"https:\/\/tucbo.com\/es\/wp-json\/wp\/v2\/media?parent=6107"}],"wp:term":[{"taxonomy":"product_brand","embeddable":true,"href":"https:\/\/tucbo.com\/es\/wp-json\/wp\/v2\/product_brand?post=6107"},{"taxonomy":"product_cat","embeddable":true,"href":"https:\/\/tucbo.com\/es\/wp-json\/wp\/v2\/product_cat?post=6107"},{"taxonomy":"product_tag","embeddable":true,"href":"https:\/\/tucbo.com\/es\/wp-json\/wp\/v2\/product_tag?post=6107"}],"curies":[{"name":"wp","href":"https:\/\/api.w.org\/{rel}","templated":true}]}}