{"id":6072,"date":"2025-06-05T22:50:50","date_gmt":"2025-06-05T14:50:50","guid":{"rendered":"https:\/\/tucbo.com\/?page_id=6072"},"modified":"2025-06-19T00:33:00","modified_gmt":"2025-06-18T16:33:00","slug":"entrega-informacion","status":"publish","type":"page","link":"https:\/\/tucbo.com\/es\/entrega-informacion\/","title":{"rendered":"Informaci\u00f3n de entrega"},"content":{"rendered":"<div data-elementor-type=\"wp-page\" data-elementor-id=\"6072\" class=\"elementor elementor-6072\" data-elementor-settings=\"{&quot;ha_cmc_init_switcher&quot;:&quot;no&quot;}\" data-elementor-post-type=\"page\">\n\t\t\t\t<div data-particle_enable=\"false\" data-particle-mobile-disabled=\"false\" class=\"elementor-element elementor-element-cca2081 e-flex e-con-boxed wpr-particle-no wpr-jarallax-no wpr-parallax-no wpr-sticky-section-no e-con e-parent\" data-id=\"cca2081\" data-element_type=\"container\" data-settings=\"{&quot;_ha_eqh_enable&quot;:false}\">\n\t\t\t\t\t<div class=\"e-con-inner\">\n\t\t\t\t<div class=\"elementor-element elementor-element-fa8fcaf elementor-widget elementor-widget-woocommerce-breadcrumb\" data-id=\"fa8fcaf\" data-element_type=\"widget\" data-widget_type=\"woocommerce-breadcrumb.default\">\n\t\t\t\t\t<nav class=\"woocommerce-breadcrumb\" aria-label=\"Breadcrumb\" data-no-translation=\"\" data-trp-gettext=\"\">Inicio<\/nav>\t\t\t\t<\/div>\n\t\t\t\t\t<\/div>\n\t\t\t\t<\/div>\n\t\t<div data-particle_enable=\"false\" data-particle-mobile-disabled=\"false\" class=\"elementor-element elementor-element-e521ec2 e-flex e-con-boxed wpr-particle-no wpr-jarallax-no wpr-parallax-no wpr-sticky-section-no e-con e-parent\" data-id=\"e521ec2\" data-element_type=\"container\" data-settings=\"{&quot;background_background&quot;:&quot;classic&quot;,&quot;_ha_eqh_enable&quot;:false}\">\n\t\t\t\t\t<div class=\"e-con-inner\">\n\t\t<div data-particle_enable=\"false\" data-particle-mobile-disabled=\"false\" class=\"elementor-element elementor-element-acf4883 e-con-full elementor-hidden-mobile e-flex wpr-particle-no wpr-jarallax-no wpr-parallax-no wpr-sticky-section-no e-con e-child\" data-id=\"acf4883\" data-element_type=\"container\" data-settings=\"{&quot;_ha_eqh_enable&quot;:false}\">\n\t\t\t\t<div class=\"elementor-element elementor-element-98e605a elementor-widget-tablet__width-initial wpr-page-list-vertical wpr-pl-badge-center wpr-pl-icon-center elementor-widget elementor-widget-wpr-page-list\" data-id=\"98e605a\" data-element_type=\"widget\" data-widget_type=\"wpr-page-list.default\">\n\t\t\t\t\t<div class=\"wpr-page-list-wrap\"><ul class=\"wpr-page-list\"><li class=\"wpr-page-list-item elementor-repeater-item-78636b8 wpr-pointer-none wpr-pointer-line-fx wpr-pointer-fx-\"><div><a  href=\"https:\/\/tucbo.com\/es\/login-register\/\" target=\"_blank\" rel=\"nofollow\" class=\"wpr-no-pointer wpr-pl-title\">Conectarse\/Registrarse<\/a><\/div><\/li><li class=\"wpr-page-list-item elementor-repeater-item-1e3929e wpr-pointer-none wpr-pointer-line-fx wpr-pointer-fx-\"><div><a  href=\"https:\/\/tucbo.com\/es\/ayuda\/\" target=\"_blank\" rel=\"nofollow\" class=\"wpr-no-pointer wpr-pl-title\">Qui\u00e9nes somos<\/a><\/div><\/li><li class=\"wpr-page-list-item elementor-repeater-item-398910b wpr-pointer-none wpr-pointer-line-fx wpr-pointer-fx-\"><div><a  href=\"https:\/\/tucbo.com\/es\/servicio-discreto\/\" target=\"_blank\" rel=\"nofollow\" class=\"wpr-no-pointer wpr-pl-title\">Servicio discreto<\/a><\/div><\/li><li class=\"wpr-page-list-item elementor-repeater-item-2c91efa wpr-pointer-none wpr-pointer-line-fx wpr-pointer-fx-\"><div><a  href=\"https:\/\/tucbo.com\/es\/entrega-informacion\/\" target=\"_blank\" rel=\"nofollow\" class=\"wpr-no-pointer wpr-pl-title\">Opciones de entrega<\/a><\/div><\/li><li class=\"wpr-page-list-item elementor-repeater-item-ede3842 wpr-pointer-none wpr-pointer-line-fx wpr-pointer-fx-\"><div><a  href=\"https:\/\/tucbo.com\/es\/reembolso-devoluciones\/\" target=\"_blank\" rel=\"nofollow\" class=\"wpr-no-pointer wpr-pl-title\">Pol\u00edtica de devoluciones<\/a><\/div><\/li><li class=\"wpr-page-list-item elementor-repeater-item-66863f4 wpr-pointer-none wpr-pointer-line-fx wpr-pointer-fx-\"><div><a  href=\"https:\/\/tucbo.com\/es\/pongase-en-contacto-con\/\" target=\"_blank\" rel=\"nofollow\" class=\"wpr-no-pointer wpr-pl-title\">Contactar con Tucbo<\/a><\/div><\/li><li class=\"wpr-page-list-item elementor-repeater-item-1d5b492 wpr-pointer-none wpr-pointer-line-fx wpr-pointer-fx-\"><div><a  href=\"https:\/\/tucbo.com\/es\/politica-de-privacidad\/\" target=\"_blank\" rel=\"nofollow\" class=\"wpr-no-pointer wpr-pl-title\">Pol\u00edtica de cookies<\/a><\/div><\/li><li class=\"wpr-page-list-item elementor-repeater-item-b4d8c39 wpr-pointer-none wpr-pointer-line-fx wpr-pointer-fx-\"><div><a   class=\"wpr-no-pointer wpr-pl-title\">C\u00f3mo comprar en Tucbo<\/a><\/div><\/li><li class=\"wpr-page-list-item elementor-repeater-item-96956e7 wpr-pointer-none wpr-pointer-line-fx wpr-pointer-fx-\"><div><a   class=\"wpr-no-pointer wpr-pl-title\">Condiciones generales<\/a><\/div><\/li><li class=\"wpr-page-list-item elementor-repeater-item-c5dd11c wpr-pointer-none wpr-pointer-line-fx wpr-pointer-fx-\"><div><a   class=\"wpr-no-pointer wpr-pl-title\">Gu\u00edas<\/a><\/div><\/li><li class=\"wpr-page-list-item elementor-repeater-item-62fc213 wpr-pointer-none wpr-pointer-line-fx wpr-pointer-fx-\"><div><a   class=\"wpr-no-pointer wpr-pl-title\">C\u00f3digos promocionales<\/a><\/div><\/li><li class=\"wpr-page-list-item elementor-repeater-item-dbab9c7 wpr-pointer-none wpr-pointer-line-fx wpr-pointer-fx-\"><div><a   class=\"wpr-no-pointer wpr-pl-title\">Cheques regalo<\/a><\/div><\/li><li class=\"wpr-page-list-item elementor-repeater-item-c845b2e wpr-pointer-none wpr-pointer-line-fx wpr-pointer-fx-\"><div><a  href=\"https:\/\/tucbo.com\/es\/pagos-seguros-en-linea\/\" target=\"_blank\" rel=\"nofollow\" class=\"wpr-no-pointer wpr-pl-title\">Pagos seguros en l\u00ednea<\/a><\/div><\/li><li class=\"wpr-page-list-item elementor-repeater-item-4dedf8b wpr-pointer-none wpr-pointer-line-fx wpr-pointer-fx-\"><div><a  href=\"https:\/\/tucbo.com\/es\/politica-de-cookies\/\" target=\"_blank\" rel=\"nofollow\" class=\"wpr-no-pointer wpr-pl-title\">Pol\u00edtica de cookies<\/a><\/div><\/li><li class=\"wpr-page-list-item elementor-repeater-item-06079d0 wpr-pointer-none wpr-pointer-line-fx wpr-pointer-fx-\"><div><a   class=\"wpr-no-pointer wpr-pl-title\">Blog&amp;Noticias<\/a><\/div><\/li><li class=\"wpr-page-list-item elementor-repeater-item-7f75aa6 wpr-pointer-none wpr-pointer-line-fx wpr-pointer-fx-\"><div><a  href=\"https:\/\/tucbo.com\/es\/carro\/\" target=\"_blank\" rel=\"nofollow\" class=\"wpr-no-pointer wpr-pl-title\">Cesta<\/a><\/div><\/li><\/ul><\/div>\t\t\t\t<\/div>\n\t\t\t\t<\/div>\n\t\t<div data-particle_enable=\"false\" data-particle-mobile-disabled=\"false\" class=\"elementor-element elementor-element-e5c0c5a e-con-full e-flex wpr-particle-no wpr-jarallax-no wpr-parallax-no wpr-sticky-section-no e-con e-child\" data-id=\"e5c0c5a\" data-element_type=\"container\" data-settings=\"{&quot;_ha_eqh_enable&quot;:false}\">\n\t\t<div data-particle_enable=\"false\" data-particle-mobile-disabled=\"false\" class=\"elementor-element elementor-element-ba131b8 e-con-full e-flex wpr-particle-no wpr-jarallax-no wpr-parallax-no wpr-sticky-section-no e-con e-child\" data-id=\"ba131b8\" data-element_type=\"container\" data-settings=\"{&quot;_ha_eqh_enable&quot;:false}\">\n\t\t\t\t<div class=\"elementor-element elementor-element-d8e31f0 elementor-widget elementor-widget-text-editor\" data-id=\"d8e31f0\" data-element_type=\"widget\" data-widget_type=\"text-editor.default\">\n\t\t\t\t\t\t\t\t\t<h1 class=\"main-page-title page-title h0 scroll-trigger animate--fade-in\">Entrega<\/h1><div class=\"rte scroll-trigger animate--slide-in\"><header class=\"PageHeader\"><div class=\"SectionHeader SectionHeader--center\"><h2 class=\"SectionHeader__Heading Heading u-h1\">Plazo total de entrega = Plazo de tramitaci\u00f3n + Plazo de env\u00edo<\/h2><\/div><\/header><div class=\"PageContent PageContent--narrow Rte\"><p>Tiempo de proceso: Antes de realizar el env\u00edo, llevamos a cabo controles de calidad y pruebas para garantizar la calidad del producto antes del env\u00edo. Normalmente, de 4 a 7 d\u00edas laborables. Sin embargo, tambi\u00e9n puede verse afectado por el estado de las existencias del art\u00edculo. En el caso de art\u00edculos populares con problemas de disponibilidad de stock, el tiempo de procesamiento puede ser de 5-10 d\u00edas laborables.<\/p><div class=\"TableWrapper\"><table class=\"tg\"><thead><tr><th class=\"tg-0ys1\">M\u00e9todos de env\u00edo<\/th><th class=\"tg-0ys1\">Zona<\/th><th class=\"tg-0ys1\">Plazo de entrega<\/th><\/tr><\/thead><tbody><tr><td class=\"tg-jxgv\" rowspan=\"3\">Env\u00edo est\u00e1ndar<\/td><td class=\"tg-jxgv\">Estados Unidos, Canad\u00e1, Israel<\/td><td class=\"tg-jxgv\" rowspan=\"2\">5-15 d\u00edas laborables<\/td><\/tr><tr><td class=\"tg-0ys1\">5-15 d\u00edas laborables<\/td><\/tr><tr><td class=\"tg-0ys1\">El resto del mundo<\/td><td class=\"tg-0ys1\">7-20 d\u00edas laborables<\/td><\/tr><tr><td class=\"tg-ktyi\" rowspan=\"3\">Acelerado<\/td><td class=\"tg-ktyi\">Estados Unidos, Canad\u00e1, Israel<\/td><td class=\"tg-ktyi\" rowspan=\"2\">3-7 d\u00edas laborables<\/td><\/tr><tr><td class=\"tg-ktyi\">5-15 d\u00edas laborables<\/td><\/tr><tr><td class=\"tg-ktyi\">El resto del mundo<\/td><td class=\"tg-ktyi\">5-15 d\u00edas laborables<\/td><\/tr><\/tbody><\/table><\/div><p>Gastos de env\u00edo<\/p><p>A partir de 5 USD \/ 400g, m\u00e1s de 400g costar\u00e1 1USD\/100g<\/p><p>Ej. 400 g = 5 USD \/ 500 g =5+(500-400)\/100=6 USD \/ 800 g =5+(800-400)\/100=9 USD<\/p><p>\u00a0- Todos los plazos de entrega estimados\/t\u00edpicos se derivan de datos reales recogidos de pedidos anteriores. Se trata de tiempos aproximados solo como referencia.\u00a0<\/p><p>- Los plazos de env\u00edo se ver\u00e1n afectados por los d\u00edas festivos; los fabricantes y las empresas de mensajer\u00eda limitar\u00e1n sus operaciones en esas fechas. Esto est\u00e1 fuera de nuestro control.<\/p><p><strong>Nota para los impuestos:<\/strong><\/p><p>En la mayor\u00eda de los pa\u00edses, nuestros clientes no tienen que pagar tasas de importaci\u00f3n, aranceles ni IVA. Sin embargo, para algunos pa\u00edses limitados (especialmente para algunos pa\u00edses europeos como Alemania, Italia, Reino Unido y Canad\u00e1, etc.) puede ser necesario pagar derechos o IVA de acuerdo con las normas de recaudaci\u00f3n de sus pa\u00edses.<\/p><p>Nos complace poder ofrecer env\u00edos internacionales a la mayor\u00eda de destinos del mundo. La opci\u00f3n Est\u00e1ndar tardar\u00e1 de 5 a 20 d\u00edas laborables. Para una entrega m\u00e1s r\u00e1pida, ofrecemos un servicio de env\u00edo urgente que puede enviarse a la mayor\u00eda de los destinos internacionales en un plazo de 3 a 15 d\u00edas laborables. Si tiene m\u00e1s preguntas, p\u00f3ngase en contacto con nuestro servicio de atenci\u00f3n al cliente en <a href=\"mailto:service@tucbo.com\">service@tucbo.com<\/a><\/p><h3><strong>\u00bfD\u00f3nde est\u00e1 mi pedido?<\/strong><\/h3><p>Recibir\u00e1 la confirmaci\u00f3n de env\u00edo s\u00f3lo cuando sus art\u00edculos hayan sido enviados. Introduzca su direcci\u00f3n de correo electr\u00f3nico y su n\u00famero de pedido para ver el estado de su pedido.\u00a0<\/p><\/div><\/div>\t\t\t\t\t\t\t\t<\/div>\n\t\t\t\t<\/div>\n\t\t\t\t<\/div>\n\t\t\t\t\t<\/div>\n\t\t\t\t<\/div>\n\t\t\t\t<\/div>","protected":false},"excerpt":{"rendered":"<p>Log In\/Register About Us Discreet Service Delivery Options Returns Policy Contact Tucbo Privacy Policy How To Buy From Tucbo Terms &#038; Conditions Guides Voucher Codes Gift Vouchers Secure Online Payments Cookie Policy Blog&#038;News Basket Delivery Total Delivery Time = Processing Time + Shipping Time Process Time: Before ships out we conduct Quality Control checks and testing in order to ensure the product&#8217;s quality prior to shipment.\u00a04-7 business days Normally. However, it can also be affected by the item&#8217;s stock status. For popular items experiencing stock availability issues, the processing time may be\u00a05-10 business days. Shipping\u00a0Methods Area Shipping Time Standard Shipping United States, Canada, Israel 5-15 business days The United Kingdom\uff0cAustralia The Rest Of The World 7-20 business days Expedited United States, Canada, Israel 3-7 business days The United Kingdom\uff0cAustralia The Rest Of The World 5-15 business days Shipping Fee Start From 5 USD \/ 400g, over 400g will cost 1USD\/100g eg. 400 g = 5 USD\u00a0 \/ 500 g =5+(500-400)\/100=6 USD \/ 800 g =5+(800-400)\/100=9 USD \u00a0\u2022 All estimated\/typical delivery times are derived from real-world data collected from past orders. They are approximate times for reference only.\u00a0 \u2022 Shipping times will be affected by public holidays; manufacturers and couriers will limit their operations at these times. This is out of our control. Note For Taxes: For most of the countries, our customers do not need to pay import fees, duties, or VAT(Valued Additional Tax). However, for some limited countries (especially for some European countries such as Germany, Italy, The UK, and Canada, etc.) may need to pay duties or VAT according to your countries&#8217; levying rules. We are excited to offer international shipping to most destinations in the world. The Standard option will take 5 to 20 business days. For faster delivery, we offer an Expedited Shipping Service that can ship to most of the international locations in 3 to 15 business days. If you have any further questions, please contact our customer services at service@tucbo.com Where is my order? Your shipping confirmation will be received only when your items are fulfilled. Please fill in your both account email and order number in order to monitor order status.\u00a0<\/p>","protected":false},"author":3,"featured_media":0,"parent":0,"menu_order":0,"comment_status":"closed","ping_status":"closed","template":"","meta":{"_seopress_robots_primary_cat":"","_seopress_titles_title":"","_seopress_titles_desc":"","_seopress_robots_index":"","footnotes":""},"class_list":["post-6072","page","type-page","status-publish"],"acf":[],"_links":{"self":[{"href":"https:\/\/tucbo.com\/es\/wp-json\/wp\/v2\/pages\/6072","targetHints":{"allow":["GET"]}}],"collection":[{"href":"https:\/\/tucbo.com\/es\/wp-json\/wp\/v2\/pages"}],"about":[{"href":"https:\/\/tucbo.com\/es\/wp-json\/wp\/v2\/types\/page"}],"author":[{"embeddable":true,"href":"https:\/\/tucbo.com\/es\/wp-json\/wp\/v2\/users\/3"}],"replies":[{"embeddable":true,"href":"https:\/\/tucbo.com\/es\/wp-json\/wp\/v2\/comments?post=6072"}],"version-history":[{"count":13,"href":"https:\/\/tucbo.com\/es\/wp-json\/wp\/v2\/pages\/6072\/revisions"}],"predecessor-version":[{"id":6129,"href":"https:\/\/tucbo.com\/es\/wp-json\/wp\/v2\/pages\/6072\/revisions\/6129"}],"wp:attachment":[{"href":"https:\/\/tucbo.com\/es\/wp-json\/wp\/v2\/media?parent=6072"}],"curies":[{"name":"wp","href":"https:\/\/api.w.org\/{rel}","templated":true}]}}