{"id":6025,"date":"2025-06-05T22:31:59","date_gmt":"2025-06-05T14:31:59","guid":{"rendered":"https:\/\/tucbo.com\/?page_id=6025"},"modified":"2025-06-19T00:36:45","modified_gmt":"2025-06-18T16:36:45","slug":"pagos-seguros-en-linea","status":"publish","type":"page","link":"https:\/\/tucbo.com\/es\/pagos-seguros-en-linea\/","title":{"rendered":"Pagos seguros en l\u00ednea"},"content":{"rendered":"<div data-elementor-type=\"wp-page\" data-elementor-id=\"6025\" class=\"elementor elementor-6025\" data-elementor-settings=\"{&quot;ha_cmc_init_switcher&quot;:&quot;no&quot;}\" data-elementor-post-type=\"page\">\n\t\t\t\t<div data-particle_enable=\"false\" data-particle-mobile-disabled=\"false\" class=\"elementor-element elementor-element-543b3f5 e-flex e-con-boxed wpr-particle-no wpr-jarallax-no wpr-parallax-no wpr-sticky-section-no e-con e-parent\" data-id=\"543b3f5\" data-element_type=\"container\" data-settings=\"{&quot;_ha_eqh_enable&quot;:false}\">\n\t\t\t\t\t<div class=\"e-con-inner\">\n\t\t\t\t<div class=\"elementor-element elementor-element-b965ace elementor-widget elementor-widget-woocommerce-breadcrumb\" data-id=\"b965ace\" data-element_type=\"widget\" data-widget_type=\"woocommerce-breadcrumb.default\">\n\t\t\t\t\t<nav class=\"woocommerce-breadcrumb\" aria-label=\"Breadcrumb\" data-no-translation=\"\" data-trp-gettext=\"\">Inicio<\/nav>\t\t\t\t<\/div>\n\t\t\t\t\t<\/div>\n\t\t\t\t<\/div>\n\t\t<div data-particle_enable=\"false\" data-particle-mobile-disabled=\"false\" class=\"elementor-element elementor-element-7f13989 e-flex e-con-boxed wpr-particle-no wpr-jarallax-no wpr-parallax-no wpr-sticky-section-no e-con e-parent\" data-id=\"7f13989\" data-element_type=\"container\" data-settings=\"{&quot;background_background&quot;:&quot;classic&quot;,&quot;_ha_eqh_enable&quot;:false}\">\n\t\t\t\t\t<div class=\"e-con-inner\">\n\t\t<div data-particle_enable=\"false\" data-particle-mobile-disabled=\"false\" class=\"elementor-element elementor-element-25c1765 e-con-full elementor-hidden-mobile e-flex wpr-particle-no wpr-jarallax-no wpr-parallax-no wpr-sticky-section-no e-con e-child\" data-id=\"25c1765\" data-element_type=\"container\" data-settings=\"{&quot;_ha_eqh_enable&quot;:false}\">\n\t\t\t\t<div class=\"elementor-element elementor-element-970a5f9 elementor-widget-tablet__width-initial wpr-page-list-vertical wpr-pl-badge-center wpr-pl-icon-center elementor-widget elementor-widget-wpr-page-list\" data-id=\"970a5f9\" data-element_type=\"widget\" data-widget_type=\"wpr-page-list.default\">\n\t\t\t\t\t<div class=\"wpr-page-list-wrap\"><ul class=\"wpr-page-list\"><li class=\"wpr-page-list-item elementor-repeater-item-78636b8 wpr-pointer-none wpr-pointer-line-fx wpr-pointer-fx-\"><div><a  href=\"https:\/\/tucbo.com\/es\/login-register\/\" target=\"_blank\" rel=\"nofollow\" class=\"wpr-no-pointer wpr-pl-title\">Conectarse\/Registrarse<\/a><\/div><\/li><li class=\"wpr-page-list-item elementor-repeater-item-1e3929e wpr-pointer-none wpr-pointer-line-fx wpr-pointer-fx-\"><div><a  href=\"https:\/\/tucbo.com\/es\/ayuda\/\" target=\"_blank\" rel=\"nofollow\" class=\"wpr-no-pointer wpr-pl-title\">Qui\u00e9nes somos<\/a><\/div><\/li><li class=\"wpr-page-list-item elementor-repeater-item-398910b wpr-pointer-none wpr-pointer-line-fx wpr-pointer-fx-\"><div><a  href=\"https:\/\/tucbo.com\/es\/servicio-discreto\/\" target=\"_blank\" rel=\"nofollow\" class=\"wpr-no-pointer wpr-pl-title\">Servicio discreto<\/a><\/div><\/li><li class=\"wpr-page-list-item elementor-repeater-item-2c91efa wpr-pointer-none wpr-pointer-line-fx wpr-pointer-fx-\"><div><a   class=\"wpr-no-pointer wpr-pl-title\">Opciones de entrega<\/a><\/div><\/li><li class=\"wpr-page-list-item elementor-repeater-item-ede3842 wpr-pointer-none wpr-pointer-line-fx wpr-pointer-fx-\"><div><a  href=\"https:\/\/tucbo.com\/es\/reembolso-devoluciones\/\" target=\"_blank\" rel=\"nofollow\" class=\"wpr-no-pointer wpr-pl-title\">Pol\u00edtica de devoluciones<\/a><\/div><\/li><li class=\"wpr-page-list-item elementor-repeater-item-66863f4 wpr-pointer-none wpr-pointer-line-fx wpr-pointer-fx-\"><div><a  href=\"https:\/\/tucbo.com\/es\/pongase-en-contacto-con\/\" target=\"_blank\" rel=\"nofollow\" class=\"wpr-no-pointer wpr-pl-title\">Contactar con Tucbo<\/a><\/div><\/li><li class=\"wpr-page-list-item elementor-repeater-item-1d5b492 wpr-pointer-none wpr-pointer-line-fx wpr-pointer-fx-\"><div><a  href=\"https:\/\/tucbo.com\/es\/politica-de-privacidad\/\" target=\"_blank\" rel=\"nofollow\" class=\"wpr-no-pointer wpr-pl-title\">Pol\u00edtica de cookies<\/a><\/div><\/li><li class=\"wpr-page-list-item elementor-repeater-item-b4d8c39 wpr-pointer-none wpr-pointer-line-fx wpr-pointer-fx-\"><div><a   class=\"wpr-no-pointer wpr-pl-title\">C\u00f3mo comprar en Tucbo<\/a><\/div><\/li><li class=\"wpr-page-list-item elementor-repeater-item-96956e7 wpr-pointer-none wpr-pointer-line-fx wpr-pointer-fx-\"><div><a   class=\"wpr-no-pointer wpr-pl-title\">Condiciones generales<\/a><\/div><\/li><li class=\"wpr-page-list-item elementor-repeater-item-c5dd11c wpr-pointer-none wpr-pointer-line-fx wpr-pointer-fx-\"><div><a   class=\"wpr-no-pointer wpr-pl-title\">Gu\u00edas<\/a><\/div><\/li><li class=\"wpr-page-list-item elementor-repeater-item-62fc213 wpr-pointer-none wpr-pointer-line-fx wpr-pointer-fx-\"><div><a   class=\"wpr-no-pointer wpr-pl-title\">C\u00f3digos promocionales<\/a><\/div><\/li><li class=\"wpr-page-list-item elementor-repeater-item-dbab9c7 wpr-pointer-none wpr-pointer-line-fx wpr-pointer-fx-\"><div><a   class=\"wpr-no-pointer wpr-pl-title\">Cheques regalo<\/a><\/div><\/li><li class=\"wpr-page-list-item elementor-repeater-item-c845b2e wpr-pointer-none wpr-pointer-line-fx wpr-pointer-fx-\"><div><a  href=\"https:\/\/tucbo.com\/es\/pagos-seguros-en-linea\/\" target=\"_blank\" rel=\"nofollow\" class=\"wpr-no-pointer wpr-pl-title\">Pagos seguros en l\u00ednea<\/a><\/div><\/li><li class=\"wpr-page-list-item elementor-repeater-item-4dedf8b wpr-pointer-none wpr-pointer-line-fx wpr-pointer-fx-\"><div><a  href=\"https:\/\/tucbo.com\/es\/politica-de-cookies\/\" target=\"_blank\" rel=\"nofollow\" class=\"wpr-no-pointer wpr-pl-title\">Pol\u00edtica de cookies<\/a><\/div><\/li><li class=\"wpr-page-list-item elementor-repeater-item-06079d0 wpr-pointer-none wpr-pointer-line-fx wpr-pointer-fx-\"><div><a   class=\"wpr-no-pointer wpr-pl-title\">Blog&amp;Noticias<\/a><\/div><\/li><li class=\"wpr-page-list-item elementor-repeater-item-7f75aa6 wpr-pointer-none wpr-pointer-line-fx wpr-pointer-fx-\"><div><a  href=\"https:\/\/tucbo.com\/es\/carro\/\" target=\"_blank\" rel=\"nofollow\" class=\"wpr-no-pointer wpr-pl-title\">Cesta<\/a><\/div><\/li><\/ul><\/div>\t\t\t\t<\/div>\n\t\t\t\t<\/div>\n\t\t<div data-particle_enable=\"false\" data-particle-mobile-disabled=\"false\" class=\"elementor-element elementor-element-7431738 e-con-full e-flex wpr-particle-no wpr-jarallax-no wpr-parallax-no wpr-sticky-section-no e-con e-child\" data-id=\"7431738\" data-element_type=\"container\" data-settings=\"{&quot;_ha_eqh_enable&quot;:false}\">\n\t\t<div data-particle_enable=\"false\" data-particle-mobile-disabled=\"false\" class=\"elementor-element elementor-element-532b896 e-con-full e-flex wpr-particle-no wpr-jarallax-no wpr-parallax-no wpr-sticky-section-no e-con e-child\" data-id=\"532b896\" data-element_type=\"container\" data-settings=\"{&quot;_ha_eqh_enable&quot;:false}\">\n\t\t\t\t<div class=\"elementor-element elementor-element-2f41329 elementor-widget elementor-widget-text-editor\" data-id=\"2f41329\" data-element_type=\"widget\" data-widget_type=\"text-editor.default\">\n\t\t\t\t\t\t\t\t\t<h1>Pedidos seguros en Tucbo<\/h1><p>Cuando realiza un pedido en Tucbo y procesa su pago, los datos de su tarjeta de cr\u00e9dito o d\u00e9bito nunca se almacenan en nuestros sistemas. La \u00fanica informaci\u00f3n que conservamos es 1) los productos que ha pedido y 2) su direcci\u00f3n de entrega para saber d\u00f3nde debemos enviar los productos. Todos los pagos se procesan de forma segura a trav\u00e9s de Global Payments.<\/p><p>Global Payments es un procesador de pagos PCI DSS v3.2.<\/p><p>Si tiene alguna pregunta, p\u00f3ngase en contacto con nuestro departamento de Atenci\u00f3n al Cliente:<\/p><p><a href=\"mailto:service@tucbo.com\">service@tucbo.com<\/a><\/p>\t\t\t\t\t\t\t\t<\/div>\n\t\t\t\t<\/div>\n\t\t\t\t<\/div>\n\t\t\t\t\t<\/div>\n\t\t\t\t<\/div>\n\t\t\t\t<\/div>","protected":false},"excerpt":{"rendered":"<p>Log In\/Register About Us Discreet Service Delivery Options Returns Policy Contact Tucbo Privacy Policy How To Buy From Tucbo Terms &#038; Conditions Guides Voucher Codes Gift Vouchers Secure Online Payments Cookie Policy Blog&#038;News Basket Secure Order Placements at Tucbo When you place an order with Tucbo and process your payment, your credit or debit card details are never stored on our systems. The only information we hold is 1) what products you&#8217;ve ordered and 2) your delivery address so that we know where we need to send the goods to. All payments are securely processed through Global Payments. Global Payments are a PCI DSS v3.2 Payment processor Please contact our Customer Care department if you have any questions: service@tucbo.com<\/p>","protected":false},"author":3,"featured_media":0,"parent":0,"menu_order":0,"comment_status":"closed","ping_status":"closed","template":"","meta":{"_seopress_robots_primary_cat":"","_seopress_titles_title":"","_seopress_titles_desc":"","_seopress_robots_index":"","footnotes":""},"class_list":["post-6025","page","type-page","status-publish"],"acf":[],"_links":{"self":[{"href":"https:\/\/tucbo.com\/es\/wp-json\/wp\/v2\/pages\/6025","targetHints":{"allow":["GET"]}}],"collection":[{"href":"https:\/\/tucbo.com\/es\/wp-json\/wp\/v2\/pages"}],"about":[{"href":"https:\/\/tucbo.com\/es\/wp-json\/wp\/v2\/types\/page"}],"author":[{"embeddable":true,"href":"https:\/\/tucbo.com\/es\/wp-json\/wp\/v2\/users\/3"}],"replies":[{"embeddable":true,"href":"https:\/\/tucbo.com\/es\/wp-json\/wp\/v2\/comments?post=6025"}],"version-history":[{"count":19,"href":"https:\/\/tucbo.com\/es\/wp-json\/wp\/v2\/pages\/6025\/revisions"}],"predecessor-version":[{"id":6135,"href":"https:\/\/tucbo.com\/es\/wp-json\/wp\/v2\/pages\/6025\/revisions\/6135"}],"wp:attachment":[{"href":"https:\/\/tucbo.com\/es\/wp-json\/wp\/v2\/media?parent=6025"}],"curies":[{"name":"wp","href":"https:\/\/api.w.org\/{rel}","templated":true}]}}