{"id":5661,"date":"2025-05-21T22:51:52","date_gmt":"2025-05-21T14:51:52","guid":{"rendered":"https:\/\/tucbo.com\/?page_id=5661"},"modified":"2025-07-21T15:34:21","modified_gmt":"2025-07-21T07:34:21","slug":"politica-de-cookies","status":"publish","type":"page","link":"https:\/\/tucbo.com\/es\/politica-de-cookies\/","title":{"rendered":"Pol\u00edtica de cookies"},"content":{"rendered":"<div data-elementor-type=\"wp-page\" data-elementor-id=\"5661\" class=\"elementor elementor-5661\" data-elementor-settings=\"{&quot;ha_cmc_init_switcher&quot;:&quot;no&quot;}\" data-elementor-post-type=\"page\">\n\t\t\t\t<div data-particle_enable=\"false\" data-particle-mobile-disabled=\"false\" class=\"elementor-element elementor-element-8fa4201 e-flex e-con-boxed wpr-particle-no wpr-jarallax-no wpr-parallax-no wpr-sticky-section-no e-con e-parent\" data-id=\"8fa4201\" data-element_type=\"container\" data-settings=\"{&quot;_ha_eqh_enable&quot;:false}\">\n\t\t\t\t\t<div class=\"e-con-inner\">\n\t\t\t\t<div class=\"elementor-element elementor-element-9577810 elementor-widget elementor-widget-woocommerce-breadcrumb\" data-id=\"9577810\" data-element_type=\"widget\" data-widget_type=\"woocommerce-breadcrumb.default\">\n\t\t\t\t\t<nav class=\"woocommerce-breadcrumb\" aria-label=\"Breadcrumb\" data-no-translation=\"\" data-trp-gettext=\"\">Inicio<\/nav>\t\t\t\t<\/div>\n\t\t\t\t\t<\/div>\n\t\t\t\t<\/div>\n\t\t<div data-particle_enable=\"false\" data-particle-mobile-disabled=\"false\" class=\"elementor-element elementor-element-6aeb3fe e-flex e-con-boxed wpr-particle-no wpr-jarallax-no wpr-parallax-no wpr-sticky-section-no e-con e-parent\" data-id=\"6aeb3fe\" data-element_type=\"container\" data-settings=\"{&quot;background_background&quot;:&quot;classic&quot;,&quot;_ha_eqh_enable&quot;:false}\">\n\t\t\t\t\t<div class=\"e-con-inner\">\n\t\t<div data-particle_enable=\"false\" data-particle-mobile-disabled=\"false\" class=\"elementor-element elementor-element-e9ee738 e-con-full elementor-hidden-mobile e-flex wpr-particle-no wpr-jarallax-no wpr-parallax-no wpr-sticky-section-no e-con e-child\" data-id=\"e9ee738\" data-element_type=\"container\" data-settings=\"{&quot;_ha_eqh_enable&quot;:false}\">\n\t\t\t\t<div class=\"elementor-element elementor-element-a961be5 elementor-widget-tablet__width-initial wpr-page-list-vertical wpr-pl-badge-center wpr-pl-icon-center elementor-widget elementor-widget-wpr-page-list\" data-id=\"a961be5\" data-element_type=\"widget\" data-widget_type=\"wpr-page-list.default\">\n\t\t\t\t\t<div class=\"wpr-page-list-wrap\"><ul class=\"wpr-page-list\"><li class=\"wpr-page-list-item elementor-repeater-item-78636b8 wpr-pointer-none wpr-pointer-line-fx wpr-pointer-fx-\"><div><a  href=\"https:\/\/tucbo.com\/es\/login-register\/\" target=\"_blank\" rel=\"nofollow\" class=\"wpr-no-pointer wpr-pl-title\">Conectarse\/Registrarse<\/a><\/div><\/li><li class=\"wpr-page-list-item elementor-repeater-item-1e3929e wpr-pointer-none wpr-pointer-line-fx wpr-pointer-fx-\"><div><a  href=\"https:\/\/tucbo.com\/es\/ayuda\/\" target=\"_blank\" rel=\"nofollow\" class=\"wpr-no-pointer wpr-pl-title\">Qui\u00e9nes somos<\/a><\/div><\/li><li class=\"wpr-page-list-item elementor-repeater-item-398910b wpr-pointer-none wpr-pointer-line-fx wpr-pointer-fx-\"><div><a  href=\"https:\/\/tucbo.com\/es\/servicio-discreto\/\" target=\"_blank\" rel=\"nofollow\" class=\"wpr-no-pointer wpr-pl-title\">Servicio discreto<\/a><\/div><\/li><li class=\"wpr-page-list-item elementor-repeater-item-2c91efa wpr-pointer-none wpr-pointer-line-fx wpr-pointer-fx-\"><div><a  href=\"https:\/\/tucbo.com\/es\/entrega-informacion\/\" target=\"_blank\" rel=\"nofollow\" class=\"wpr-no-pointer wpr-pl-title\">Opciones de entrega<\/a><\/div><\/li><li class=\"wpr-page-list-item elementor-repeater-item-ede3842 wpr-pointer-none wpr-pointer-line-fx wpr-pointer-fx-\"><div><a  href=\"https:\/\/tucbo.com\/es\/reembolso-devoluciones\/\" target=\"_blank\" rel=\"nofollow\" class=\"wpr-no-pointer wpr-pl-title\">Pol\u00edtica de devoluciones<\/a><\/div><\/li><li class=\"wpr-page-list-item elementor-repeater-item-66863f4 wpr-pointer-none wpr-pointer-line-fx wpr-pointer-fx-\"><div><a  href=\"https:\/\/tucbo.com\/es\/pongase-en-contacto-con\/\" target=\"_blank\" rel=\"nofollow\" class=\"wpr-no-pointer wpr-pl-title\">Contactar con Tucbo<\/a><\/div><\/li><li class=\"wpr-page-list-item elementor-repeater-item-1d5b492 wpr-pointer-none wpr-pointer-line-fx wpr-pointer-fx-\"><div><a  href=\"https:\/\/tucbo.com\/es\/politica-de-privacidad\/\" target=\"_blank\" rel=\"nofollow\" class=\"wpr-no-pointer wpr-pl-title\">Pol\u00edtica de cookies<\/a><\/div><\/li><li class=\"wpr-page-list-item elementor-repeater-item-b4d8c39 wpr-pointer-none wpr-pointer-line-fx wpr-pointer-fx-\"><div><a   class=\"wpr-no-pointer wpr-pl-title\">C\u00f3mo comprar en Tucbo<\/a><\/div><\/li><li class=\"wpr-page-list-item elementor-repeater-item-96956e7 wpr-pointer-none wpr-pointer-line-fx wpr-pointer-fx-\"><div><a   class=\"wpr-no-pointer wpr-pl-title\">Condiciones generales<\/a><\/div><\/li><li class=\"wpr-page-list-item elementor-repeater-item-c5dd11c wpr-pointer-none wpr-pointer-line-fx wpr-pointer-fx-\"><div><a   class=\"wpr-no-pointer wpr-pl-title\">Gu\u00edas<\/a><\/div><\/li><li class=\"wpr-page-list-item elementor-repeater-item-62fc213 wpr-pointer-none wpr-pointer-line-fx wpr-pointer-fx-\"><div><a   class=\"wpr-no-pointer wpr-pl-title\">C\u00f3digos promocionales<\/a><\/div><\/li><li class=\"wpr-page-list-item elementor-repeater-item-dbab9c7 wpr-pointer-none wpr-pointer-line-fx wpr-pointer-fx-\"><div><a   class=\"wpr-no-pointer wpr-pl-title\">Cheques regalo<\/a><\/div><\/li><li class=\"wpr-page-list-item elementor-repeater-item-c845b2e wpr-pointer-none wpr-pointer-line-fx wpr-pointer-fx-\"><div><a  href=\"https:\/\/tucbo.com\/es\/pagos-seguros-en-linea\/\" target=\"_blank\" rel=\"nofollow\" class=\"wpr-no-pointer wpr-pl-title\">Pagos seguros en l\u00ednea<\/a><\/div><\/li><li class=\"wpr-page-list-item elementor-repeater-item-4dedf8b wpr-pointer-none wpr-pointer-line-fx wpr-pointer-fx-\"><div><a  href=\"https:\/\/tucbo.com\/es\/politica-de-cookies\/\" target=\"_blank\" rel=\"nofollow\" class=\"wpr-no-pointer wpr-pl-title\">Pol\u00edtica de cookies<\/a><\/div><\/li><li class=\"wpr-page-list-item elementor-repeater-item-06079d0 wpr-pointer-none wpr-pointer-line-fx wpr-pointer-fx-\"><div><a   class=\"wpr-no-pointer wpr-pl-title\">Blog&amp;Noticias<\/a><\/div><\/li><li class=\"wpr-page-list-item elementor-repeater-item-7f75aa6 wpr-pointer-none wpr-pointer-line-fx wpr-pointer-fx-\"><div><a  href=\"https:\/\/tucbo.com\/es\/carro\/\" target=\"_blank\" rel=\"nofollow\" class=\"wpr-no-pointer wpr-pl-title\">Cesta<\/a><\/div><\/li><\/ul><\/div>\t\t\t\t<\/div>\n\t\t\t\t<\/div>\n\t\t<div data-particle_enable=\"false\" data-particle-mobile-disabled=\"false\" class=\"elementor-element elementor-element-41cc365 e-con-full e-flex wpr-particle-no wpr-jarallax-no wpr-parallax-no wpr-sticky-section-no e-con e-child\" data-id=\"41cc365\" data-element_type=\"container\" data-settings=\"{&quot;_ha_eqh_enable&quot;:false}\">\n\t\t<div data-particle_enable=\"false\" data-particle-mobile-disabled=\"false\" class=\"elementor-element elementor-element-7bf8136 e-con-full e-flex wpr-particle-no wpr-jarallax-no wpr-parallax-no wpr-sticky-section-no e-con e-child\" data-id=\"7bf8136\" data-element_type=\"container\" data-settings=\"{&quot;_ha_eqh_enable&quot;:false}\">\n\t\t\t\t<div class=\"elementor-element elementor-element-92c4d79 elementor-widget elementor-widget-text-editor\" data-id=\"92c4d79\" data-element_type=\"widget\" data-widget_type=\"text-editor.default\">\n\t\t\t\t\t\t\t\t\t<h1 data-start=\"186\" data-end=\"203\"><strong data-start=\"186\" data-end=\"203\">POL\u00cdTICA DE COOKIES<\/strong><\/h1><p data-start=\"205\" data-end=\"503\"><strong data-start=\"205\" data-end=\"224\">1. INTRODUCCI\u00d3N<\/strong><br data-start=\"224\" data-end=\"227\" \/>Esta Pol\u00edtica de Cookies explica c\u00f3mo Tucbo.com (\u00abnosotros\u00bb, \u201cnos\u201d o \u00abnuestro\u00bb) utiliza las cookies y tecnolog\u00edas similares para reconocerle cuando visita nuestro sitio web en <a class=\"\" href=\"https:\/\/tucbo.com\/es\/\" target=\"_new\" rel=\"noopener\" data-start=\"377\" data-end=\"394\">https:\/\/tucbo.com<\/a> (\u00abSitio Web\u00bb). Explica qu\u00e9 son estas tecnolog\u00edas, por qu\u00e9 las utilizamos y sus derechos para controlar su uso.<\/p><p data-start=\"505\" data-end=\"672\">Al continuar navegando por nuestro sitio web, usted acepta nuestro uso de cookies de acuerdo con esta pol\u00edtica, a menos que haya ajustado la configuraci\u00f3n de su navegador para rechazar las cookies.<\/p><p data-start=\"674\" data-end=\"1030\"><strong data-start=\"674\" data-end=\"698\">2. \u00bfQU\u00c9 SON LAS COOKIES?<\/strong><br data-start=\"698\" data-end=\"701\" \/>Las cookies son peque\u00f1os archivos de texto que se almacenan en su dispositivo cuando visita un sitio web. Ayudan a los sitios web a recordar sus acciones y preferencias (como el inicio de sesi\u00f3n, el idioma y las preferencias de visualizaci\u00f3n) durante un periodo de tiempo para que no tenga que volver a introducirlas cada vez que regrese al sitio o navegue de una p\u00e1gina a otra.<\/p><p data-start=\"1032\" data-end=\"1172\">Las cookies pueden ser \u00abde origen\u00bb (instaladas por nosotros) o \u00abde terceros\u00bb (instaladas por otras empresas con las que trabajamos, como proveedores de an\u00e1lisis o publicidad).<\/p><p data-start=\"1174\" data-end=\"1247\"><strong data-start=\"1174\" data-end=\"1199\">3. POR QU\u00c9 UTILIZAMOS COOKIES<\/strong><br data-start=\"1199\" data-end=\"1202\" \/>Utilizamos cookies por varias razones importantes:<\/p><ul data-start=\"1249\" data-end=\"1556\"><li data-start=\"1249\" data-end=\"1311\"><p data-start=\"1251\" data-end=\"1311\">Garantizar el funcionamiento correcto y eficaz del sitio web.<\/p><\/li><li data-start=\"1312\" data-end=\"1406\"><p data-start=\"1314\" data-end=\"1406\">Para comprender c\u00f3mo interact\u00faan los usuarios con nuestro sitio web, lo que nos permite mejorar su rendimiento.<\/p><\/li><li data-start=\"1407\" data-end=\"1492\"><p data-start=\"1409\" data-end=\"1492\">Para ofrecerle una experiencia personalizada basada en sus preferencias y su actividad anterior.<\/p><\/li><li data-start=\"1493\" data-end=\"1556\"><p data-start=\"1495\" data-end=\"1556\">Para enviar comunicaciones publicitarias y de marketing pertinentes.<\/p><\/li><\/ul><p data-start=\"1558\" data-end=\"1588\"><strong data-start=\"1558\" data-end=\"1588\">4. TIPOS DE COOKIES QUE UTILIZAMOS<\/strong><\/p><p data-start=\"1590\" data-end=\"1840\"><strong data-start=\"1590\" data-end=\"1624\">4.1 COOKIES ESTRICTAMENTE NECESARIAS<\/strong><br data-start=\"1624\" data-end=\"1627\" \/>Estas cookies son esenciales para permitirle navegar por el sitio web y utilizar sus funciones, como el acceso a zonas seguras. Sin estas cookies, no pueden prestarse servicios como el inicio de sesi\u00f3n o la cesta de la compra.<\/p><p data-start=\"1842\" data-end=\"1902\">Ejemplos: Cookies de autenticaci\u00f3n, cookies de gesti\u00f3n de sesi\u00f3n<\/p><p data-start=\"1904\" data-end=\"2130\"><strong data-start=\"1904\" data-end=\"1945\">4.2 COOKIES DE RENDIMIENTO Y AN\u00c1LISIS<\/strong><br data-start=\"1945\" data-end=\"1948\" \/>Estas cookies recopilan informaci\u00f3n an\u00f3nima sobre c\u00f3mo los visitantes utilizan nuestro sitio web. Nos ayudan a entender qu\u00e9 p\u00e1ginas son las m\u00e1s y menos populares y c\u00f3mo se mueven los usuarios por el sitio.<\/p><p data-start=\"2132\" data-end=\"2166\">Ejemplos: Google Analytics, Hotjar<\/p><p data-start=\"2168\" data-end=\"2352\"><strong data-start=\"2168\" data-end=\"2197\">4.3 COOKIES DE FUNCIONALIDAD<\/strong><br data-start=\"2197\" data-end=\"2200\" \/>Estas cookies permiten al sitio web recordar las elecciones que usted hace (como su nombre de usuario, idioma o regi\u00f3n) y proporcionar funciones mejoradas y m\u00e1s personales.<\/p><p data-start=\"2354\" data-end=\"2417\">Ejemplos: Almacenamiento de preferencias de idioma, configuraci\u00f3n de temas o dise\u00f1os<\/p><p data-start=\"2419\" data-end=\"2676\"><strong data-start=\"2419\" data-end=\"2460\">4.4 COOKIES DE SEGMENTACI\u00d3N Y PUBLICIDAD<\/strong><br data-start=\"2460\" data-end=\"2463\" \/>Estas cookies se utilizan para ofrecer anuncios m\u00e1s relevantes para usted y sus intereses. Tambi\u00e9n limitan el n\u00famero de veces que ve un anuncio y ayudan a medir la eficacia de una campa\u00f1a publicitaria.<\/p><p data-start=\"2678\" data-end=\"2734\">Examples: Facebook Pixel, Google Ads Conversion Tracking<\/p><p data-start=\"2736\" data-end=\"3024\"><strong data-start=\"2736\" data-end=\"2762\">5. COOKIES DE TERCEROS<\/strong><br data-start=\"2762\" data-end=\"2765\" \/>Podemos permitir que servicios de terceros coloquen cookies en su dispositivo para recopilar datos sobre sus h\u00e1bitos de navegaci\u00f3n y uso de nuestro sitio web. Puede tratarse de redes publicitarias, proveedores de an\u00e1lisis y plataformas de redes sociales. No tenemos ning\u00fan control sobre estas cookies.<\/p><p data-start=\"3026\" data-end=\"3183\"><strong data-start=\"3026\" data-end=\"3065\">6. C\u00d3MO CONTROLAR O ELIMINAR LAS COOKIES<\/strong><br data-start=\"3065\" data-end=\"3068\" \/>Usted tiene derecho a decidir si acepta o rechaza las cookies. Puede ejercer sus preferencias sobre cookies a trav\u00e9s de:<\/p><p data-start=\"3185\" data-end=\"3408\"><strong data-start=\"3185\" data-end=\"3209\">6.1 CONFIGURACI\u00d3N DEL NAVEGADOR<\/strong><br data-start=\"3209\" data-end=\"3212\" \/>La mayor\u00eda de los navegadores aceptan autom\u00e1ticamente las cookies, pero usted puede modificar la configuraci\u00f3n de su navegador para rechazarlas si lo prefiere. No obstante, el bloqueo de determinadas cookies puede afectar a la funcionalidad del sitio web.<\/p><p data-start=\"3410\" data-end=\"3541\">Puede encontrar m\u00e1s informaci\u00f3n sobre c\u00f3mo gestionar las cookies en su navegador aqu\u00ed: Google Chrome, Mozilla Firefox, Safari, Microsoft Edge.<\/p><p data-start=\"3543\" data-end=\"3800\"><strong data-start=\"3543\" data-end=\"3570\">6.2 HERRAMIENTA DE CONSENTIMIENTO DE COOKIES<\/strong><br data-start=\"3570\" data-end=\"3573\" \/>En su primera visita, puede aparecer un banner que le permite elegir qu\u00e9 categor\u00edas de cookies nos permite utilizar. Puede actualizar sus preferencias en cualquier momento haciendo clic en el enlace \u00abConfiguraci\u00f3n de cookies\u00bb en el pie de p\u00e1gina de nuestro sitio web.<\/p><p data-start=\"3802\" data-end=\"3987\"><strong data-start=\"3802\" data-end=\"3829\">7. NO RASTREAR SE\u00d1ALES<\/strong><br data-start=\"3829\" data-end=\"3832\" \/>Algunos navegadores ofrecen la funci\u00f3n \u00abNo rastrear\u00bb. Actualmente no respondemos a estas se\u00f1ales porque no existe un enfoque est\u00e1ndar en la industria para tratarlas.<\/p><p data-start=\"3989\" data-end=\"4172\"><strong data-start=\"3989\" data-end=\"4023\">8. PROTECCI\u00d3N DE DATOS Y PRIVACIDAD<\/strong><br data-start=\"4023\" data-end=\"4026\" \/>Para m\u00e1s informaci\u00f3n sobre c\u00f3mo procesamos sus datos personales y sus derechos en virtud de la legislaci\u00f3n aplicable sobre protecci\u00f3n de datos, consulte nuestra Pol\u00edtica de privacidad.<\/p><p data-start=\"4174\" data-end=\"4452\"><strong data-start=\"4174\" data-end=\"4203\">9. ACTUALIZACIONES DE ESTA POL\u00cdTICA<\/strong><br data-start=\"4203\" data-end=\"4206\" \/>Podemos actualizar esta Pol\u00edtica de Cookies de vez en cuando para reflejar los cambios en la tecnolog\u00eda, la legislaci\u00f3n o nuestras pr\u00e1cticas comerciales. Cualquier cambio ser\u00e1 publicado en esta p\u00e1gina con una fecha de vigencia actualizada. Le recomendamos que revise esta pol\u00edtica con regularidad.<\/p><p data-start=\"4454\" data-end=\"4560\"><strong data-start=\"4454\" data-end=\"4472\">CONTACTO<\/strong><br data-start=\"4472\" data-end=\"4475\" \/>Si tiene alguna pregunta o duda sobre nuestro uso de las cookies, p\u00f3ngase en contacto con nosotros en:<\/p><p data-start=\"4562\" data-end=\"4586\">Email: <a class=\"cursor-pointer\" href=\"mailto:service@tucbo.com\" rel=\"noopener\" data-start=\"4569\" data-end=\"4586\">service@tucbo.com<\/a><\/p>\t\t\t\t\t\t\t\t<\/div>\n\t\t\t\t<\/div>\n\t\t\t\t<\/div>\n\t\t\t\t\t<\/div>\n\t\t\t\t<\/div>\n\t\t\t\t<\/div>","protected":false},"excerpt":{"rendered":"<p>Log In\/Register About Us Discreet Service Delivery Options Returns Policy Contact Tucbo Privacy Policy How To Buy From Tucbo Terms &#038; Conditions Guides Voucher Codes Gift Vouchers Secure Online Payments Cookie Policy Blog&#038;News Basket COOKIE POLICY 1. INTRODUCTIONThis Cookie Policy explains how Tucbo.com (\u201cwe\u201d, \u201cus\u201d, or \u201cour\u201d) uses cookies and similar technologies to recognize you when you visit our website at https:\/\/tucbo.com (\u201cWebsite\u201d). It explains what these technologies are, why we use them, and your rights to control their use. By continuing to browse our Website, you consent to our use of cookies in accordance with this policy unless you have adjusted your browser settings to refuse cookies. 2. WHAT ARE COOKIES?Cookies are small text files that are stored on your device when you visit a website. They help websites remember your actions and preferences (such as login, language, and display preferences) over a period of time so you don\u2019t have to keep re-entering them whenever you come back to the site or browse from one page to another. Cookies can be \u201cfirst-party\u201d (set by us) or \u201cthird-party\u201d (set by other companies we work with, such as analytics or advertising providers). 3. WHY WE USE COOKIESWe use cookies for several important reasons: To ensure the Website functions correctly and efficiently. To understand how users interact with our Website, allowing us to improve its performance. To provide a personalized experience based on your preferences and past activity. To deliver relevant advertising and marketing communications. 4. TYPES OF COOKIES WE USE 4.1 STRICTLY NECESSARY COOKIESThese cookies are essential to enable you to navigate the Website and use its features, such as accessing secure areas. Without these cookies, services like login or shopping cart functionality cannot be provided. Examples: Authentication cookies, Session management cookies 4.2 PERFORMANCE AND ANALYTICS COOKIESThese cookies collect anonymous information about how visitors use our Website. They help us understand which pages are the most and least popular and how users move around the site. Examples: Google Analytics, Hotjar 4.3 FUNCTIONALITY COOKIESThese cookies allow the Website to remember choices you make (such as your user name, language, or region) and provide enhanced, more personal features. Examples: Language preference storage, Theme or layout settings 4.4 TARGETING AND ADVERTISING COOKIESThese cookies are used to deliver advertisements more relevant to you and your interests. They also limit the number of times you see an advertisement and help measure the effectiveness of an advertising campaign. Examples: Facebook Pixel, Google Ads Conversion Tracking 5. THIRD-PARTY COOKIESWe may allow third-party services to place cookies on your device to collect data on your browsing habits and usage of our Website. These may include advertising networks, analytics providers, and social media platforms. We have no control over these cookies. 6. HOW TO CONTROL OR DELETE COOKIESYou have the right to decide whether to accept or reject cookies. You can exercise your cookie preferences through: 6.1 BROWSER SETTINGSMost browsers automatically accept cookies, but you can modify your browser setting to decline cookies if you prefer. However, blocking certain cookies may affect the functionality of the Website. You can find more information on how to manage cookies in your browser here: Google Chrome, Mozilla Firefox, Safari, Microsoft Edge 6.2 COOKIE CONSENT TOOLUpon your first visit, a banner may appear allowing you to choose which categories of cookies you allow us to use. You can update your preferences at any time by clicking the \u201cCookie Settings\u201d link in the footer of our website. 7. DO NOT TRACK SIGNALSSome browsers offer a \u201cDo Not Track\u201d feature. We currently do not respond to such signals because there is no industry-standard approach for handling them. 8. DATA PROTECTION AND PRIVACYFor more information about how we process your personal data and your rights under applicable data protection laws, please see our Privacy Policy. 9. UPDATES TO THIS POLICYWe may update this Cookie Policy from time to time to reflect changes in technology, legislation, or our business practices. Any changes will be posted on this page with an updated effective date. We encourage you to review this policy regularly. 10. CONTACT USIf you have any questions or concerns about our use of cookies, please contact us at: Email: service@tucbo.com<\/p>","protected":false},"author":3,"featured_media":0,"parent":0,"menu_order":0,"comment_status":"closed","ping_status":"closed","template":"","meta":{"_seopress_robots_primary_cat":"","_seopress_titles_title":"","_seopress_titles_desc":"","_seopress_robots_index":"","footnotes":""},"class_list":["post-5661","page","type-page","status-publish"],"acf":[],"_links":{"self":[{"href":"https:\/\/tucbo.com\/es\/wp-json\/wp\/v2\/pages\/5661","targetHints":{"allow":["GET"]}}],"collection":[{"href":"https:\/\/tucbo.com\/es\/wp-json\/wp\/v2\/pages"}],"about":[{"href":"https:\/\/tucbo.com\/es\/wp-json\/wp\/v2\/types\/page"}],"author":[{"embeddable":true,"href":"https:\/\/tucbo.com\/es\/wp-json\/wp\/v2\/users\/3"}],"replies":[{"embeddable":true,"href":"https:\/\/tucbo.com\/es\/wp-json\/wp\/v2\/comments?post=5661"}],"version-history":[{"count":80,"href":"https:\/\/tucbo.com\/es\/wp-json\/wp\/v2\/pages\/5661\/revisions"}],"predecessor-version":[{"id":6966,"href":"https:\/\/tucbo.com\/es\/wp-json\/wp\/v2\/pages\/5661\/revisions\/6966"}],"wp:attachment":[{"href":"https:\/\/tucbo.com\/es\/wp-json\/wp\/v2\/media?parent=5661"}],"curies":[{"name":"wp","href":"https:\/\/api.w.org\/{rel}","templated":true}]}}